{"id":664,"date":"2020-03-03T13:55:22","date_gmt":"2020-03-03T13:55:22","guid":{"rendered":"https:\/\/webhedzwordpress.com\/GT\/?post_type=product&#038;p=664"},"modified":"2022-01-14T14:49:19","modified_gmt":"2022-01-14T14:49:19","slug":"adventuro-at3","status":"publish","type":"product","link":"https:\/\/gtradial.ca\/\/\/fr\/product\/adventuro-at3\/","title":{"rendered":"ADVENTURO AT3"},"content":{"rendered":"<p>Le pneu Adventuro AT3 est un pneu tout-terrain con\u00e7u pour les conducteurs de camionnette et de VUS qui souhaitent obtenir un aspect robuste avec une conduite routi\u00e8re civilis\u00e9e. Le pneu Adventuro AT3 procure une excellente ma\u00eetrise et une adh\u00e9rence optimale sur chauss\u00e9e mouill\u00e9e, le tout combin\u00e9 \u00e0 une conduite confortable sur route et exceptionnelle hors route.<\/p>\n","protected":false},"excerpt":{"rendered":"<p>Le pneu Adventuro AT3 est un pneu tout-terrain con\u00e7u pour les conducteurs de camionnette et de VUS qui souhaitent obtenir un aspect robuste avec une conduite routi\u00e8re civilis\u00e9e. Le pneu Adventuro AT3 procure une excellente ma\u00eetrise et une adh\u00e9rence optimale sur chauss\u00e9e mouill\u00e9e, le tout combin\u00e9 \u00e0 une conduite confortable sur route et exceptionnelle hors [&hellip;]<\/p>\n","protected":false},"featured_media":1252,"comment_status":"open","ping_status":"closed","template":"","meta":[],"product_brand":[],"product_cat":[248],"product_tag":[],"class_list":{"0":"post-664","1":"product","2":"type-product","3":"status-publish","4":"has-post-thumbnail","6":"product_cat-suv-light-truck","7":"vehiclewidth-149","8":"vehiclewidth-317","9":"vehiclewidth-31x10","10":"vehiclewidth-lt215","11":"vehiclewidth-lt225","12":"vehiclewidth-lt235","13":"vehiclewidth-lt245","14":"vehiclewidth-lt265","15":"vehiclewidth-lt275","16":"vehiclewidth-lt285","17":"vehiclewidth-p225","18":"vehiclewidth-p235","19":"vehiclewidth-p245","20":"vehiclewidth-p255","21":"vehiclewidth-p265","22":"vehiclewidth-p275","23":"vehiclewidth-p285","24":"vehicletiresize-235-70r16","25":"vehicletiresize-235-75r17","26":"vehicletiresize-245-65r17","27":"vehicletiresize-245-70r17","28":"vehicletiresize-245-75r16","29":"vehicletiresize-265-50r20","30":"vehicletiresize-265-60r18","31":"vehicletiresize-265-65r17","32":"vehicletiresize-265-65r18","33":"vehicletiresize-265-70r16","34":"vehicletiresize-265-70r17","35":"vehicletiresize-265-70r18","36":"vehicletiresize-275-55r20","37":"vehicletiresize-275-65r18","38":"vehicletiresize-285-70r17","39":"vehicletiresize-31x10-50r15lt","40":"vehicletiresize-lt215-85r16","41":"vehicletiresize-lt225-75r16","42":"vehicletiresize-lt235-80r17","43":"vehicletiresize-lt235-85r16","44":"vehicletiresize-lt245-70r17","45":"vehicletiresize-lt245-75r16","46":"vehicletiresize-lt245-75r17","47":"vehicletiresize-lt265-60r20","48":"vehicletiresize-lt265-70r17","49":"vehicletiresize-lt265-70r18","50":"vehicletiresize-lt265-75r16","51":"vehicletiresize-lt275-65r18","52":"vehicletiresize-lt275-70r17","53":"vehicletiresize-lt275-70r18","54":"vehicletiresize-lt285-65r18","55":"vehicletiresize-lt285-70r17","56":"vehicletiresize-lt285-75r16","57":"vehicletiresize-p225-75r16","58":"vehicletiresize-p235-70r16","59":"vehicletiresize-p235-70r17","60":"vehicletiresize-p235-75r15","61":"vehicletiresize-p235-75r17","62":"vehicletiresize-p245-65r17","63":"vehicletiresize-p245-70r17","64":"vehicletiresize-p245-75r16","65":"vehicletiresize-p255-65r17","66":"vehicletiresize-p255-70r17","67":"vehicletiresize-p255-70r18","68":"vehicletiresize-p265-60r18","69":"vehicletiresize-p265-65r17","70":"vehicletiresize-p265-65r18","71":"vehicletiresize-p265-70r16","72":"vehicletiresize-p265-70r17","73":"vehicletiresize-p265-70r18","74":"vehicletiresize-p275-55r20","75":"vehicletiresize-p275-65r18","76":"vehicletiresize-p285-70r17","77":"vehicleaspectratio-50-31x10","78":"vehicleaspectratio-50-265","79":"vehicleaspectratio-55-p275","80":"vehicleaspectratio-55-275","81":"vehicleaspectratio-60-lt265","82":"vehicleaspectratio-60-265","83":"vehicleaspectratio-60-p265","84":"vehicleaspectratio-65-275","85":"vehicleaspectratio-65-p245","86":"vehicleaspectratio-65-265","87":"vehicleaspectratio-65-p265","88":"vehicleaspectratio-65-255","89":"vehicleaspectratio-65-lt275","90":"vehicleaspectratio-65-285","91":"vehicleaspectratio-65-p255","92":"vehicleaspectratio-65-245","93":"vehicleaspectratio-65-lt285","94":"vehicleaspectratio-65-p275","95":"vehicleaspectratio-70-p285","96":"vehicleaspectratio-70-lt245","97":"vehicleaspectratio-70-275","98":"vehicleaspectratio-70-p245","99":"vehicleaspectratio-70-265","100":"vehicleaspectratio-70-p265","101":"vehicleaspectratio-70-255","102":"vehicleaspectratio-70-lt275","103":"vehicleaspectratio-70-p235","104":"vehicleaspectratio-70-285","105":"vehicleaspectratio-70-p255","106":"vehicleaspectratio-70-235","107":"vehicleaspectratio-70-245","108":"vehicleaspectratio-70-lt265","109":"vehicleaspectratio-70-lt285","110":"vehicleaspectratio-75-245","111":"vehicleaspectratio-75-lt265","112":"vehicleaspectratio-75-lt285","113":"vehicleaspectratio-224","114":"vehicleaspectratio-75-p225","115":"vehicleaspectratio-75-lt245","116":"vehicleaspectratio-75-225","117":"vehicleaspectratio-75-lt225","118":"vehicleaspectratio-75-265","119":"vehicleaspectratio-75-p235","120":"vehicleaspectratio-75-285","121":"vehicleaspectratio-75-235","122":"vehicleaspectratio-80-235","123":"vehicleaspectratio-80-lt235","124":"vehicleaspectratio-85-lt235","125":"vehicleaspectratio-85-215","126":"vehicleaspectratio-85-lt215","127":"vehicleaspectratio-85-235","128":"vehiclerim-15-75-p235","129":"vehiclerim-15-10-50-31","130":"vehiclerim-15-75-235","131":"vehiclerim-15lt-50-31x10","132":"vehiclerim-16-85-215","133":"vehiclerim-16-75-lt245","134":"vehiclerim-16-75-245","135":"vehiclerim-16-85-235","136":"vehiclerim-16-85-lt215","137":"vehiclerim-16-75-lt265","138":"vehiclerim-16-75-225","139":"vehiclerim-16-70-p235","140":"vehiclerim-16-75-285","141":"vehiclerim-16-70-p265","142":"vehiclerim-16-85-lt235","143":"vehiclerim-16-75-lt285","144":"vehiclerim-23","145":"vehiclerim-16-75-lt225","146":"vehiclerim-16-70-235","147":"vehiclerim-16-75-p225","148":"vehiclerim-16-70-265","149":"vehiclerim-17-65-245","150":"vehiclerim-17-70-p245","151":"vehiclerim-17-70-285","152":"vehiclerim-17-70-235","153":"vehiclerim-17-70-265","154":"vehiclerim-17-65-p265","155":"vehiclerim-17-70-p255","156":"vehiclerim-17-65-255","157":"vehiclerim-17-70-lt245","158":"vehiclerim-17-75-lt245","159":"vehiclerim-17-70-245","160":"vehiclerim-17-70-p285","161":"vehiclerim-17-70-lt285","162":"vehiclerim-17-75-p235","163":"vehiclerim-17-75-245","164":"vehiclerim-17-65-265","165":"vehiclerim-17-70-lt265","166":"vehiclerim-17-70-255","167":"vehiclerim-17-80-235","168":"vehiclerim-17-70-275","169":"vehiclerim-17-65-p245","170":"vehiclerim-17-70-p235","171":"vehiclerim-17-80-lt235","172":"vehiclerim-17-70-p265","173":"vehiclerim-17-70-lt275","174":"vehiclerim-17-75-235","175":"vehiclerim-17-65-p255","176":"vehiclerim-18-70-p265","177":"vehiclerim-18-65-285","178":"vehiclerim-18-70-lt275","179":"vehiclerim-18-65-lt275","180":"vehiclerim-18-60-265","181":"vehiclerim-18-70-265","182":"vehiclerim-18-65-p265","183":"vehiclerim-18-70-p255","184":"vehiclerim-18-65-lt285","185":"vehiclerim-18-65-p275","186":"vehiclerim-18-65-265","187":"vehiclerim-18-70-lt265","188":"vehiclerim-18-70-255","189":"vehiclerim-18-60-p265","190":"vehiclerim-18-70-275","191":"vehiclerim-18-65-275","192":"vehiclerim-20-55-p275","193":"vehiclerim-20-50-265","194":"vehiclerim-20-60-265","195":"vehiclerim-20-55-275","197":"first","198":"instock","199":"shipping-taxable","200":"product-type-simple"},"_links":{"self":[{"href":"https:\/\/gtradial.ca\/\/\/fr\/wp-json\/wp\/v2\/product\/664","targetHints":{"allow":["GET"]}}],"collection":[{"href":"https:\/\/gtradial.ca\/\/\/fr\/wp-json\/wp\/v2\/product"}],"about":[{"href":"https:\/\/gtradial.ca\/\/\/fr\/wp-json\/wp\/v2\/types\/product"}],"replies":[{"embeddable":true,"href":"https:\/\/gtradial.ca\/\/\/fr\/wp-json\/wp\/v2\/comments?post=664"}],"wp:featuredmedia":[{"embeddable":true,"href":"https:\/\/gtradial.ca\/\/\/fr\/wp-json\/wp\/v2\/media\/1252"}],"wp:attachment":[{"href":"https:\/\/gtradial.ca\/\/\/fr\/wp-json\/wp\/v2\/media?parent=664"}],"wp:term":[{"taxonomy":"product_brand","embeddable":true,"href":"https:\/\/gtradial.ca\/\/\/fr\/wp-json\/wp\/v2\/product_brand?post=664"},{"taxonomy":"product_cat","embeddable":true,"href":"https:\/\/gtradial.ca\/\/\/fr\/wp-json\/wp\/v2\/product_cat?post=664"},{"taxonomy":"product_tag","embeddable":true,"href":"https:\/\/gtradial.ca\/\/\/fr\/wp-json\/wp\/v2\/product_tag?post=664"}],"curies":[{"name":"wp","href":"https:\/\/api.w.org\/{rel}","templated":true}]}}