{"id":646,"date":"2020-03-03T11:49:28","date_gmt":"2020-03-03T11:49:28","guid":{"rendered":"https:\/\/webhedzwordpress.com\/GT\/?post_type=product&#038;p=646"},"modified":"2020-10-01T16:09:15","modified_gmt":"2020-10-01T16:09:15","slug":"adventuro-at-aw","status":"publish","type":"product","link":"https:\/\/gtradial.ca\/\/\/fr\/product\/adventuro-at-aw\/","title":{"rendered":"ADVENTURO AT-AW"},"content":{"rendered":"<p>Le pneu Adventuro AT-AW est un pneu tout-terrain con\u00e7upour les conducteurs de camionnettes \u00e0 la recherche de comp\u00e9tences hors route et d\u2019une allure muscl\u00e9e tout en offrant un comportement routier civilis\u00e9. R\u00e9pondant aux exigences d\u2019utilisation hivernale intensive de l\u2019industrie et marqu\u00e9 du symbole de montagne et flocon de neige, le pneu Adventuro AT-AW procure un rendement \u00ab toutes saisons \u00bb. Toutes les tailles LT procurent une construction robuste \u00e0 10 plis.<\/p>\n","protected":false},"excerpt":{"rendered":"<p>Le pneu Adventuro AT-AW est un pneu tout-terrain con\u00e7upour les conducteurs de camionnettes \u00e0 la recherche de comp\u00e9tences hors route et d\u2019une allure muscl\u00e9e tout en offrant un comportement routier civilis\u00e9. R\u00e9pondant aux exigences d\u2019utilisation hivernale intensive de l\u2019industrie et marqu\u00e9 du symbole de montagne et flocon de neige, le pneu Adventuro AT-AW procure un [&hellip;]<\/p>\n","protected":false},"featured_media":1245,"comment_status":"open","ping_status":"closed","template":"","meta":[],"product_brand":[],"product_cat":[248,249],"product_tag":[],"class_list":{"0":"post-646","1":"product","2":"type-product","3":"status-publish","4":"has-post-thumbnail","6":"product_cat-suv-light-truck","7":"product_cat-winter","8":"vehiclewidth-51","9":"vehiclewidth-60","10":"vehiclewidth-121","11":"vehiclewidth-149","12":"vehiclewidth-335","13":"vehiclewidth-317","14":"vehiclewidth-lt225","15":"vehiclewidth-lt235","16":"vehiclewidth-lt245","17":"vehiclewidth-lt265","18":"vehiclewidth-lt275","19":"vehiclewidth-lt285","20":"vehiclewidth-p275","21":"vehicletiresize-275-55r20","22":"vehicletiresize-275-60r20","23":"vehicletiresize-275-65r18","24":"vehicletiresize-lt225-75r16","25":"vehicletiresize-lt235-80r17","26":"vehicletiresize-lt235-85r16","27":"vehicletiresize-lt245-70r17","28":"vehicletiresize-lt245-75r16","29":"vehicletiresize-lt245-75r17","30":"vehicletiresize-lt265-70r17","31":"vehicletiresize-lt265-70r18","32":"vehicletiresize-lt265-75r16","33":"vehicletiresize-lt275-65r18","34":"vehicletiresize-lt275-70r18","35":"vehicletiresize-lt285-70r17","36":"vehicletiresize-p275-65r18","37":"vehicleaspectratio-55-275","38":"vehicleaspectratio-60-275","39":"vehicleaspectratio-65-p275","40":"vehicleaspectratio-65-275","41":"vehicleaspectratio-65-lt275","42":"vehicleaspectratio-70-265","43":"vehicleaspectratio-70-275","44":"vehicleaspectratio-70-lt245","45":"vehicleaspectratio-70-lt275","46":"vehicleaspectratio-70-285","47":"vehicleaspectratio-70-lt285","48":"vehicleaspectratio-70-245","49":"vehicleaspectratio-70-lt265","50":"vehicleaspectratio-75-245","51":"vehicleaspectratio-75-lt265","52":"vehicleaspectratio-75-225","53":"vehicleaspectratio-75-265","54":"vehicleaspectratio-75-lt245","55":"vehicleaspectratio-75-lt225","56":"vehicleaspectratio-80-lt235","57":"vehicleaspectratio-80-235","58":"vehicleaspectratio-85-lt235","59":"vehicleaspectratio-85-235","60":"vehiclerim-16-85-lt235","61":"vehiclerim-16-75-245","62":"vehiclerim-16-75-lt265","63":"vehiclerim-16-75-lt225","64":"vehiclerim-16-75-lt245","65":"vehiclerim-16-85-235","66":"vehiclerim-17-75-lt245","67":"vehiclerim-17-70-lt245","68":"vehiclerim-17-70-lt265","69":"vehiclerim-17-75-245","70":"vehiclerim-17-70-245","71":"vehiclerim-17-80-235","72":"vehiclerim-17-80-lt235","73":"vehiclerim-17-70-lt285","74":"vehiclerim-18-65-p275","75":"vehiclerim-18-70-lt265","76":"vehiclerim-18-70-265","77":"vehiclerim-18-70-lt275","78":"vehiclerim-18-65-275","79":"vehiclerim-18-70-275","80":"vehiclerim-18-65-lt275","81":"vehiclerim-20-55-275","82":"vehiclerim-20-60-275","84":"first","85":"instock","86":"shipping-taxable","87":"product-type-simple"},"_links":{"self":[{"href":"https:\/\/gtradial.ca\/\/\/fr\/wp-json\/wp\/v2\/product\/646","targetHints":{"allow":["GET"]}}],"collection":[{"href":"https:\/\/gtradial.ca\/\/\/fr\/wp-json\/wp\/v2\/product"}],"about":[{"href":"https:\/\/gtradial.ca\/\/\/fr\/wp-json\/wp\/v2\/types\/product"}],"replies":[{"embeddable":true,"href":"https:\/\/gtradial.ca\/\/\/fr\/wp-json\/wp\/v2\/comments?post=646"}],"wp:featuredmedia":[{"embeddable":true,"href":"https:\/\/gtradial.ca\/\/\/fr\/wp-json\/wp\/v2\/media\/1245"}],"wp:attachment":[{"href":"https:\/\/gtradial.ca\/\/\/fr\/wp-json\/wp\/v2\/media?parent=646"}],"wp:term":[{"taxonomy":"product_brand","embeddable":true,"href":"https:\/\/gtradial.ca\/\/\/fr\/wp-json\/wp\/v2\/product_brand?post=646"},{"taxonomy":"product_cat","embeddable":true,"href":"https:\/\/gtradial.ca\/\/\/fr\/wp-json\/wp\/v2\/product_cat?post=646"},{"taxonomy":"product_tag","embeddable":true,"href":"https:\/\/gtradial.ca\/\/\/fr\/wp-json\/wp\/v2\/product_tag?post=646"}],"curies":[{"name":"wp","href":"https:\/\/api.w.org\/{rel}","templated":true}]}}