{"id":1523,"date":"2020-03-03T14:48:07","date_gmt":"2020-03-03T14:48:07","guid":{"rendered":"https:\/\/gtradial.ca\/\/\/fr\/?post_type=product&#038;p=1523"},"modified":"2021-06-24T15:56:01","modified_gmt":"2021-06-24T15:56:01","slug":"icepro-lt3","status":"publish","type":"product","link":"https:\/\/gtradial.ca\/\/\/fr\/product\/icepro-lt3\/","title":{"rendered":"Icepro LT3"},"content":{"rendered":"<p>Le IcePro LT3 est le tout derni\u00e8r mod\u00e8le de la  gamme de pneus d\u2019hiver de GT Radial. Avec les derni\u00e8res am\u00e9liorations technologiques, il est  con\u00e7u pour offrir une adh\u00e9rence, un contr\u00f4le et  une confiance exceptionnelle dans les conditions hivernales les plus difficiles. Le Icepro LT3 a des  blocs verrouillable optimis\u00e9s et des crampons de  traction am\u00e9lior\u00e9es pour une adh\u00e9rence sup\u00e9rieure  dans la neige profonde. Le IcePro LT3 peut \u00eatre  utilis\u00e9 avec ou sans crampons.<\/p>\n","protected":false},"excerpt":{"rendered":"<p>Le IcePro LT3 est le tout derni\u00e8r mod\u00e8le de la gamme de pneus d\u2019hiver de GT Radial. Avec les derni\u00e8res am\u00e9liorations technologiques, il est con\u00e7u pour offrir une adh\u00e9rence, un contr\u00f4le et une confiance exceptionnelle dans les conditions hivernales les plus difficiles. Le Icepro LT3 a des blocs verrouillable optimis\u00e9s et des crampons de traction [&hellip;]<\/p>\n","protected":false},"featured_media":1536,"comment_status":"open","ping_status":"closed","template":"","meta":[],"product_brand":[],"product_cat":[249],"product_tag":[],"class_list":{"0":"post-1523","1":"product","2":"type-product","3":"status-publish","4":"has-post-thumbnail","6":"product_cat-winter","7":"vehiclewidth-lt225","8":"vehiclewidth-lt235","9":"vehiclewidth-lt245","10":"vehiclewidth-lt265","11":"vehiclewidth-lt275","12":"vehicletiresize-lt225-75r16","13":"vehicletiresize-lt235-80r17","14":"vehicletiresize-lt245-70r17","15":"vehicletiresize-lt245-75r16","16":"vehicletiresize-lt245-75r17","17":"vehicletiresize-lt265-70r17","18":"vehicletiresize-lt265-70r18","19":"vehicletiresize-lt275-65r18","20":"vehicletiresize-lt275-65r20","21":"vehicletiresize-lt275-70r18","22":"vehicleaspectratio-65-275","23":"vehicleaspectratio-70-275","24":"vehicleaspectratio-70-265","25":"vehicleaspectratio-75-225","26":"vehicleaspectratio-75-245","27":"vehicleaspectratio-80-235","28":"vehiclerim-23","29":"vehiclerim-24","30":"vehiclerim-27","31":"vehiclerim-33","33":"first","34":"instock","35":"shipping-taxable","36":"product-type-simple"},"_links":{"self":[{"href":"https:\/\/gtradial.ca\/\/\/fr\/wp-json\/wp\/v2\/product\/1523","targetHints":{"allow":["GET"]}}],"collection":[{"href":"https:\/\/gtradial.ca\/\/\/fr\/wp-json\/wp\/v2\/product"}],"about":[{"href":"https:\/\/gtradial.ca\/\/\/fr\/wp-json\/wp\/v2\/types\/product"}],"replies":[{"embeddable":true,"href":"https:\/\/gtradial.ca\/\/\/fr\/wp-json\/wp\/v2\/comments?post=1523"}],"wp:featuredmedia":[{"embeddable":true,"href":"https:\/\/gtradial.ca\/\/\/fr\/wp-json\/wp\/v2\/media\/1536"}],"wp:attachment":[{"href":"https:\/\/gtradial.ca\/\/\/fr\/wp-json\/wp\/v2\/media?parent=1523"}],"wp:term":[{"taxonomy":"product_brand","embeddable":true,"href":"https:\/\/gtradial.ca\/\/\/fr\/wp-json\/wp\/v2\/product_brand?post=1523"},{"taxonomy":"product_cat","embeddable":true,"href":"https:\/\/gtradial.ca\/\/\/fr\/wp-json\/wp\/v2\/product_cat?post=1523"},{"taxonomy":"product_tag","embeddable":true,"href":"https:\/\/gtradial.ca\/\/\/fr\/wp-json\/wp\/v2\/product_tag?post=1523"}],"curies":[{"name":"wp","href":"https:\/\/api.w.org\/{rel}","templated":true}]}}