{"id":1107,"date":"2020-03-24T18:16:41","date_gmt":"2020-03-24T18:16:41","guid":{"rendered":"https:\/\/webhedzwordpress.com\/GT\/?post_type=product&#038;p=1107"},"modified":"2021-07-20T15:02:17","modified_gmt":"2021-07-20T15:02:17","slug":"maxmiler-wt2-cargo","status":"publish","type":"product","link":"https:\/\/gtradial.ca\/\/\/fr\/product\/maxmiler-wt2-cargo\/","title":{"rendered":"MAXMILER WT2 CARGO"},"content":{"rendered":"<p>Le Maxmiler WT2 Cargo fait partie de la nouvelle g\u00e9n\u00e9ration de pneus d&#8217;hiver pour v\u00e9hicules commerciaux. La performance des pneus est optmis\u00e9e pour une excellente adh\u00e9rence sur les surfaces mouill\u00e9es et dans les conditions hivernales. Le relief sym\u00e9trique de la bande de roulement permet une utilisation efficace dans toutes les positions de roue pour les grands parcs de v\u00e9hicules commerciaux. Accomplissez le travail \u00e0 tous coups, m\u00eame par tems hivernal, avec le MAXMILER WT2 Cargo.<\/p>\n","protected":false},"excerpt":{"rendered":"<p>Le Maxmiler WT2 Cargo fait partie de la nouvelle g\u00e9n\u00e9ration de pneus d&#8217;hiver pour v\u00e9hicules commerciaux. La performance des pneus est optmis\u00e9e pour une excellente adh\u00e9rence sur les surfaces mouill\u00e9es et dans les conditions hivernales. Le relief sym\u00e9trique de la bande de roulement permet une utilisation efficace dans toutes les positions de roue pour les [&hellip;]<\/p>\n","protected":false},"featured_media":1447,"comment_status":"open","ping_status":"closed","template":"","meta":[],"product_brand":[],"product_cat":[249],"product_tag":[],"class_list":{"0":"post-1107","1":"product","2":"type-product","3":"status-publish","4":"has-post-thumbnail","6":"product_cat-winter","7":"vehiclewidth-30","8":"vehiclewidth-51","9":"vehiclewidth-60","10":"vehicletiresize-195-75r16c","11":"vehicletiresize-225-75r16c","12":"vehicletiresize-235-65r16c","13":"vehicleaspectratio-65-235","14":"vehicleaspectratio-74","15":"vehicleaspectratio-224","16":"vehicleaspectratio-75-195","17":"vehicleaspectratio-75-225","18":"vehiclerim-23","19":"vehiclerim-16c-65-235","20":"vehiclerim-16c-75-195","21":"vehiclerim-16c","23":"first","24":"instock","25":"shipping-taxable","26":"product-type-simple"},"_links":{"self":[{"href":"https:\/\/gtradial.ca\/\/\/fr\/wp-json\/wp\/v2\/product\/1107","targetHints":{"allow":["GET"]}}],"collection":[{"href":"https:\/\/gtradial.ca\/\/\/fr\/wp-json\/wp\/v2\/product"}],"about":[{"href":"https:\/\/gtradial.ca\/\/\/fr\/wp-json\/wp\/v2\/types\/product"}],"replies":[{"embeddable":true,"href":"https:\/\/gtradial.ca\/\/\/fr\/wp-json\/wp\/v2\/comments?post=1107"}],"wp:featuredmedia":[{"embeddable":true,"href":"https:\/\/gtradial.ca\/\/\/fr\/wp-json\/wp\/v2\/media\/1447"}],"wp:attachment":[{"href":"https:\/\/gtradial.ca\/\/\/fr\/wp-json\/wp\/v2\/media?parent=1107"}],"wp:term":[{"taxonomy":"product_brand","embeddable":true,"href":"https:\/\/gtradial.ca\/\/\/fr\/wp-json\/wp\/v2\/product_brand?post=1107"},{"taxonomy":"product_cat","embeddable":true,"href":"https:\/\/gtradial.ca\/\/\/fr\/wp-json\/wp\/v2\/product_cat?post=1107"},{"taxonomy":"product_tag","embeddable":true,"href":"https:\/\/gtradial.ca\/\/\/fr\/wp-json\/wp\/v2\/product_tag?post=1107"}],"curies":[{"name":"wp","href":"https:\/\/api.w.org\/{rel}","templated":true}]}}