{"id":878,"date":"2020-03-06T21:54:34","date_gmt":"2020-03-06T21:54:34","guid":{"rendered":"http:\/\/gooder.website\/fitment\/?post_type=product&#038;p=878"},"modified":"2022-01-14T14:29:33","modified_gmt":"2022-01-14T14:29:33","slug":"adventuro-ht","status":"publish","type":"product","link":"https:\/\/gtradial.ca\/\/\/fr\/product\/adventuro-ht\/","title":{"rendered":"ADVENTURO HT"},"content":{"rendered":"<p>Le tout nouveau Adventuro HT, con\u00e7u avec un souci de confort et de contr\u00f4le. La sculpture sophistiqu\u00e9e de la bande de roulement et la garantie solide de 100\u2009000 km offrent un \u00e9quilibre parfait entre la forme et la fonctionnalit\u00e9. Vous pouvez rouler en toute confiance et en plein contr\u00f4le gr\u00e2ce \u00e0 des caract\u00e9ristiques comme les lamelles profondes \u00e0 forme de vagues, les arr\u00eates de la bande de roulement cannel\u00e9es. Et une nervure d\u2019\u00e9paulement en continu. Le pneu Adventuro HT vous offre toute l\u2019adh\u00e9rence dont vous avez besoin, quand vous en avez besoin, et avec une allure d\u2019enfer. Les deux options de conception pour les flancs vous permettent de choisir le style parfait pour votre v\u00e9hicule : un style traditionnel et robuste pour votre camionnette ou un style plus moderne pour les derniers mod\u00e8les de VUS.<\/p>\n","protected":false},"excerpt":{"rendered":"<p>Le tout nouveau Adventuro HT, con\u00e7u avec un souci de confort et de contr\u00f4le. La sculpture sophistiqu\u00e9e de la bande de roulement et la garantie solide de 100\u2009000 km offrent un \u00e9quilibre parfait entre la forme et la fonctionnalit\u00e9. Vous pouvez rouler en toute confiance et en plein contr\u00f4le gr\u00e2ce \u00e0 des caract\u00e9ristiques comme les [&hellip;]<\/p>\n","protected":false},"featured_media":1268,"comment_status":"open","ping_status":"closed","template":"","meta":[],"product_brand":[],"product_cat":[248],"product_tag":[],"class_list":{"0":"post-878","1":"product","2":"type-product","3":"status-publish","4":"has-post-thumbnail","6":"product_cat-suv-light-truck","7":"vehiclewidth-42","8":"vehiclewidth-60","9":"vehiclewidth-121","10":"vehiclewidth-130","11":"vehiclewidth-149","12":"vehiclewidth-335","13":"vehiclewidth-lt225","14":"vehiclewidth-lt235","15":"vehiclewidth-lt245","16":"vehiclewidth-lt265","17":"vehiclewidth-p215","18":"vehiclewidth-p235","19":"vehiclewidth-p245","20":"vehiclewidth-p255","21":"vehiclewidth-p265","22":"vehiclewidth-p275","23":"vehicletiresize-215-70r16","24":"vehicletiresize-235-70r16","25":"vehicletiresize-235-75r15","26":"vehicletiresize-245-55r19","27":"vehicletiresize-245-65r17","28":"vehicletiresize-245-70r16","29":"vehicletiresize-245-70r17","30":"vehicletiresize-245-75r16","31":"vehicletiresize-255-50r20","32":"vehicletiresize-255-55r18","33":"vehicletiresize-255-55r20","34":"vehicletiresize-255-60r19","35":"vehicletiresize-255-70r16","36":"vehicletiresize-255-70r18","37":"vehicletiresize-265-50r20","38":"vehicletiresize-265-60r18","39":"vehicletiresize-265-65r17","40":"vehicletiresize-265-65r18","41":"vehicletiresize-265-70r16","42":"vehicletiresize-265-70r17","43":"vehicletiresize-265-70r18","44":"vehicletiresize-265-75r16","45":"vehicletiresize-275-55r20","46":"vehicletiresize-275-60r20","47":"vehicletiresize-275-65r18","48":"vehicletiresize-lt225-75r16","49":"vehicletiresize-lt235-80r17","50":"vehicletiresize-lt235-85r16","51":"vehicletiresize-lt245-75r16","52":"vehicletiresize-lt245-75r17","53":"vehicletiresize-lt265-70r17","54":"vehicletiresize-lt265-75r16","55":"vehicletiresize-p215-70r16","56":"vehicletiresize-p235-70r16","57":"vehicletiresize-p235-75r15","58":"vehicletiresize-p245-55r19","59":"vehicletiresize-p245-65r17","60":"vehicletiresize-p245-70r16","61":"vehicletiresize-p245-70r17","62":"vehicletiresize-p245-75r16","63":"vehicletiresize-p255-55r20","64":"vehicletiresize-p255-60r19","65":"vehicletiresize-p255-70r16","66":"vehicletiresize-p255-70r18","67":"vehicletiresize-p265-60r18","68":"vehicletiresize-p265-65r17","69":"vehicletiresize-p265-65r18","70":"vehicletiresize-p265-70r16","71":"vehicletiresize-p265-70r17","72":"vehicletiresize-p265-70r18","73":"vehicletiresize-p265-75r16","74":"vehicletiresize-p275-55r20","75":"vehicletiresize-p275-60r20","76":"vehicletiresize-p275-65r18","77":"vehicleaspectratio-50-265","78":"vehicleaspectratio-71","79":"vehicleaspectratio-50-255","80":"vehicleaspectratio-55-p245","81":"vehicleaspectratio-55-p275","82":"vehicleaspectratio-55-275","83":"vehicleaspectratio-55-p255","84":"vehicleaspectratio-55-245","85":"vehicleaspectratio-72","86":"vehicleaspectratio-55-255","87":"vehicleaspectratio-60-p255","88":"vehicleaspectratio-73","89":"vehicleaspectratio-60-255","90":"vehicleaspectratio-60-p265","91":"vehicleaspectratio-60-p275","92":"vehicleaspectratio-60-265","93":"vehicleaspectratio-60-275","94":"vehicleaspectratio-65-265","95":"vehicleaspectratio-65-245","96":"vehicleaspectratio-65-275","97":"vehicleaspectratio-65-p245","98":"vehicleaspectratio-74","99":"vehicleaspectratio-65-p265","100":"vehicleaspectratio-65-p275","101":"vehicleaspectratio-70-235","102":"vehicleaspectratio-70-p255","103":"vehicleaspectratio-70-265","104":"vehicleaspectratio-70-245","105":"vehicleaspectratio-70-255","106":"vehicleaspectratio-70-p215","107":"vehicleaspectratio-70-p245","108":"vehicleaspectratio-75","109":"vehicleaspectratio-70-p235","110":"vehicleaspectratio-70-215","111":"vehicleaspectratio-70-p265","112":"vehicleaspectratio-75-lt245","113":"vehicleaspectratio-75-p265","114":"vehicleaspectratio-75-235","115":"vehicleaspectratio-75-lt265","116":"vehicleaspectratio-75-lt225","117":"vehicleaspectratio-75-265","118":"vehicleaspectratio-75-245","119":"vehicleaspectratio-224","120":"vehicleaspectratio-75-p235","121":"vehicleaspectratio-325","122":"vehicleaspectratio-80-235","123":"vehicleaspectratio-80-lt235","124":"vehicleaspectratio-326","125":"vehicleaspectratio-85-235","126":"vehicleaspectratio-85-lt235","127":"vehiclerim-22","128":"vehiclerim-15-75-p235","129":"vehiclerim-15-75-235","130":"vehiclerim-16-70-235","131":"vehiclerim-16-70-p265","132":"vehiclerim-16-70-265","133":"vehiclerim-16-70-p245","134":"vehiclerim-16-70-245","135":"vehiclerim-16-75-lt265","136":"vehiclerim-16-85-235","137":"vehiclerim-16-75-265","138":"vehiclerim-23","139":"vehiclerim-16-85-lt235","140":"vehiclerim-16-75-lt225","141":"vehiclerim-16-70-p255","142":"vehiclerim-16-70-255","143":"vehiclerim-16-75-p265","144":"vehiclerim-16-70-p215","145":"vehiclerim-16-70-215","146":"vehiclerim-16-75-lt245","147":"vehiclerim-16-75-245","148":"vehiclerim-16-70-p235","149":"vehiclerim-17-65-245","150":"vehiclerim-17-75-lt245","151":"vehiclerim-17-65-p265","152":"vehiclerim-17-80-lt235","153":"vehiclerim-17-75-245","154":"vehiclerim-17-65-265","155":"vehiclerim-17-70-p265","156":"vehiclerim-17-70-265","157":"vehiclerim-17-70-p245","158":"vehiclerim-17-70-245","159":"vehiclerim-24","160":"vehiclerim-17-65-p245","161":"vehiclerim-17-80-235","162":"vehiclerim-18-65-p265","163":"vehiclerim-18-55-255","164":"vehiclerim-18-65-265","165":"vehiclerim-18-70-p265","166":"vehiclerim-18-70-265","167":"vehiclerim-18-65-p275","168":"vehiclerim-18-60-p265","169":"vehiclerim-18-65-275","170":"vehiclerim-27","171":"vehiclerim-18-70-p255","172":"vehiclerim-18-70-255","173":"vehiclerim-18-60-265","174":"vehiclerim-19-55-p245","175":"vehiclerim-19-60-p255","176":"vehiclerim-19-60-255","177":"vehiclerim-19-55-245","178":"vehiclerim-88","179":"vehiclerim-33","180":"vehiclerim-20-60-275","181":"vehiclerim-20-50-265","182":"vehiclerim-20-55-p255","183":"vehiclerim-20-55-p275","184":"vehiclerim-20-55-255","185":"vehiclerim-20-60-p275","186":"vehiclerim-20-55-275","187":"vehiclerim-20-50-255","189":"first","190":"instock","191":"shipping-taxable","192":"product-type-simple"},"_links":{"self":[{"href":"https:\/\/gtradial.ca\/\/\/fr\/wp-json\/wp\/v2\/product\/878","targetHints":{"allow":["GET"]}}],"collection":[{"href":"https:\/\/gtradial.ca\/\/\/fr\/wp-json\/wp\/v2\/product"}],"about":[{"href":"https:\/\/gtradial.ca\/\/\/fr\/wp-json\/wp\/v2\/types\/product"}],"replies":[{"embeddable":true,"href":"https:\/\/gtradial.ca\/\/\/fr\/wp-json\/wp\/v2\/comments?post=878"}],"wp:featuredmedia":[{"embeddable":true,"href":"https:\/\/gtradial.ca\/\/\/fr\/wp-json\/wp\/v2\/media\/1268"}],"wp:attachment":[{"href":"https:\/\/gtradial.ca\/\/\/fr\/wp-json\/wp\/v2\/media?parent=878"}],"wp:term":[{"taxonomy":"product_brand","embeddable":true,"href":"https:\/\/gtradial.ca\/\/\/fr\/wp-json\/wp\/v2\/product_brand?post=878"},{"taxonomy":"product_cat","embeddable":true,"href":"https:\/\/gtradial.ca\/\/\/fr\/wp-json\/wp\/v2\/product_cat?post=878"},{"taxonomy":"product_tag","embeddable":true,"href":"https:\/\/gtradial.ca\/\/\/fr\/wp-json\/wp\/v2\/product_tag?post=878"}],"curies":[{"name":"wp","href":"https:\/\/api.w.org\/{rel}","templated":true}]}}