{"id":781,"date":"2020-03-04T02:38:06","date_gmt":"2020-03-04T02:38:06","guid":{"rendered":"https:\/\/webhedzwordpress.com\/GT\/?post_type=product&#038;p=781"},"modified":"2020-10-01T16:09:28","modified_gmt":"2020-10-01T16:09:28","slug":"icepro3","status":"publish","type":"product","link":"https:\/\/gtradial.ca\/\/\/fr\/product\/icepro3\/","title":{"rendered":"ICEPRO3"},"content":{"rendered":"<p>Le <strong>ICEPRO3<\/strong> fait partie de la nouvelle g\u00e9n\u00e9ration de pneus d\u2019hiver cramponnables GT Radial pour tout un \u00e9ventail de v\u00e9hicules passagers et multisegments. L\u2019am\u00e9lioration dans la conception et la distribution des crampons sur la surface de roulement permet de maximiser la traction sur la glace, alors que le concept de la bande de roulement procure une meilleure adh\u00e9rence, ainsi qu\u2019une r\u00e9duction du bruit. Con\u00e7u pour braver les chauss\u00e9es verglac\u00e9es et enneig\u00e9es, le <strong>ICEPRO3<\/strong> peut \u00eatre utilis\u00e9 avec ou sans crampons.<\/p>\n","protected":false},"excerpt":{"rendered":"<p>Le ICEPRO3 fait partie de la nouvelle g\u00e9n\u00e9ration de pneus d\u2019hiver cramponnables GT Radial pour tout un \u00e9ventail de v\u00e9hicules passagers et multisegments. L\u2019am\u00e9lioration dans la conception et la distribution des crampons sur la surface de roulement permet de maximiser la traction sur la glace, alors que le concept de la bande de roulement procure [&hellip;]<\/p>\n","protected":false},"featured_media":1437,"comment_status":"open","ping_status":"closed","template":"","meta":[],"product_brand":[],"product_cat":[249],"product_tag":[],"class_list":{"0":"post-781","1":"product","2":"type-product","3":"status-publish","4":"has-post-thumbnail","6":"product_cat-winter","7":"vehiclewidth-25","8":"vehiclewidth-28","9":"vehiclewidth-30","10":"vehiclewidth-36","11":"vehiclewidth-42","12":"vehiclewidth-51","13":"vehicletiresize-175-65r14","14":"vehicletiresize-175-65r15","15":"vehicletiresize-175-70r14","16":"vehicletiresize-185-60r15","17":"vehicletiresize-185-65r14","18":"vehicletiresize-185-65r15","19":"vehicletiresize-185-70r14","20":"vehicletiresize-195-60r15","21":"vehicletiresize-195-65r15","22":"vehicletiresize-205-55r16","23":"vehicletiresize-205-60r16","24":"vehicletiresize-205-65r16","25":"vehicletiresize-205-70r16","26":"vehicletiresize-215-50r17","27":"vehicletiresize-215-55r16","28":"vehicletiresize-215-55r17","29":"vehicletiresize-215-60r16","30":"vehicletiresize-215-60r17","31":"vehicletiresize-215-65r16","32":"vehicletiresize-225-45r17","33":"vehicletiresize-225-50r17","34":"vehicletiresize-225-55r17","35":"vehicletiresize-225-60r16","36":"vehicletiresize-225-60r17","37":"vehicleaspectratio-153","38":"vehicleaspectratio-154","39":"vehicleaspectratio-45-225","40":"vehicleaspectratio-50-215","41":"vehicleaspectratio-50-225","42":"vehicleaspectratio-71","43":"vehicleaspectratio-55-205","44":"vehicleaspectratio-55-215","45":"vehicleaspectratio-55-225","46":"vehicleaspectratio-72","47":"vehicleaspectratio-60-185","48":"vehicleaspectratio-60-205","49":"vehicleaspectratio-60-215","50":"vehicleaspectratio-60-225","51":"vehicleaspectratio-60-195","52":"vehicleaspectratio-73","53":"vehicleaspectratio-65-195","54":"vehicleaspectratio-74","55":"vehicleaspectratio-65-185","56":"vehicleaspectratio-65-205","57":"vehicleaspectratio-65-175","58":"vehicleaspectratio-65-215","59":"vehicleaspectratio-70-175","60":"vehicleaspectratio-75","61":"vehicleaspectratio-70-185","62":"vehicleaspectratio-70-205","63":"vehiclerim-14-65-175","64":"vehiclerim-20","65":"vehiclerim-14-65-185","66":"vehiclerim-14-70-175","67":"vehiclerim-14-70-185","68":"vehiclerim-15-65-175","69":"vehiclerim-15-60-185","70":"vehiclerim-22","71":"vehiclerim-15-65-185","72":"vehiclerim-15-60-195","73":"vehiclerim-15-65-195","74":"vehiclerim-16-65-205","75":"vehiclerim-16-60-215","76":"vehiclerim-16-65-215","77":"vehiclerim-16-60-225","78":"vehiclerim-16-55-205","79":"vehiclerim-16-55-215","80":"vehiclerim-23","81":"vehiclerim-16-60-205","82":"vehiclerim-16-70-205","83":"vehiclerim-17-55-215","84":"vehiclerim-24","85":"vehiclerim-17-50-215","86":"vehiclerim-17-55-225","87":"vehiclerim-17-60-215","88":"vehiclerim-17-50-225","89":"vehiclerim-17-60-225","90":"vehiclerim-17-45-225","91":"vehiclerim-27","93":"first","94":"instock","95":"shipping-taxable","96":"product-type-simple"},"_links":{"self":[{"href":"https:\/\/gtradial.ca\/\/\/fr\/wp-json\/wp\/v2\/product\/781","targetHints":{"allow":["GET"]}}],"collection":[{"href":"https:\/\/gtradial.ca\/\/\/fr\/wp-json\/wp\/v2\/product"}],"about":[{"href":"https:\/\/gtradial.ca\/\/\/fr\/wp-json\/wp\/v2\/types\/product"}],"replies":[{"embeddable":true,"href":"https:\/\/gtradial.ca\/\/\/fr\/wp-json\/wp\/v2\/comments?post=781"}],"wp:featuredmedia":[{"embeddable":true,"href":"https:\/\/gtradial.ca\/\/\/fr\/wp-json\/wp\/v2\/media\/1437"}],"wp:attachment":[{"href":"https:\/\/gtradial.ca\/\/\/fr\/wp-json\/wp\/v2\/media?parent=781"}],"wp:term":[{"taxonomy":"product_brand","embeddable":true,"href":"https:\/\/gtradial.ca\/\/\/fr\/wp-json\/wp\/v2\/product_brand?post=781"},{"taxonomy":"product_cat","embeddable":true,"href":"https:\/\/gtradial.ca\/\/\/fr\/wp-json\/wp\/v2\/product_cat?post=781"},{"taxonomy":"product_tag","embeddable":true,"href":"https:\/\/gtradial.ca\/\/\/fr\/wp-json\/wp\/v2\/product_tag?post=781"}],"curies":[{"name":"wp","href":"https:\/\/api.w.org\/{rel}","templated":true}]}}