{"id":778,"date":"2020-03-04T02:20:30","date_gmt":"2020-03-04T02:20:30","guid":{"rendered":"https:\/\/webhedzwordpress.com\/GT\/?post_type=product&#038;p=778"},"modified":"2021-07-20T15:04:53","modified_gmt":"2021-07-20T15:04:53","slug":"winterpro2","status":"publish","type":"product","link":"https:\/\/gtradial.ca\/\/\/fr\/product\/winterpro2\/","title":{"rendered":"WINTERPRO2"},"content":{"rendered":"<p>Le pneu WINTERPRO2 est le nouveau pneu d\u2019hiver sans crampons de GT Radial proposant des configurations pour v\u00e9hicules de tourisme et multisegments. Dot\u00e9 d\u2019un dessin de semelle novateur et d\u2019un nouveau compos\u00e9 de semelle, il est con\u00e7u pour offrir des performances optimales sur chauss\u00e9es mouill\u00e9es et glac\u00e9es tout en offrant un rendement sup\u00e9rieur sur chauss\u00e9es s\u00e8ches et enneig\u00e9es.<\/p>\n","protected":false},"excerpt":{"rendered":"<p>Le pneu WINTERPRO2 est le nouveau pneu d\u2019hiver sans crampons de GT Radial proposant des configurations pour v\u00e9hicules de tourisme et multisegments. Dot\u00e9 d\u2019un dessin de semelle novateur et d\u2019un nouveau compos\u00e9 de semelle, il est con\u00e7u pour offrir des performances optimales sur chauss\u00e9es mouill\u00e9es et glac\u00e9es tout en offrant un rendement sup\u00e9rieur sur chauss\u00e9es [&hellip;]<\/p>\n","protected":false},"featured_media":1541,"comment_status":"open","ping_status":"closed","template":"","meta":[],"product_brand":[],"product_cat":[249],"product_tag":[],"class_list":{"0":"post-778","1":"product","2":"type-product","3":"status-publish","4":"has-post-thumbnail","6":"product_cat-winter","7":"vehicleyear-352","8":"vehicleyear-353","9":"vehicleyear-354","10":"vehicleyear-355","11":"vehicleyear-356","12":"vehicleyear-357","13":"vehicleyear-359","14":"vehicleyear-361","15":"vehicleyear-363","16":"vehicleyear-365","17":"vehicleyear-367","18":"vehiclemake-358","19":"vehiclemake-360","20":"vehiclemake-362","21":"vehiclemake-364","22":"vehiclemake-366","23":"vehiclemake-368","24":"vehiclemake-suzuki1991","25":"vehiclemake-suzuki1992","26":"vehiclemake-suzuki1993","27":"vehiclemake-suzuki1989","28":"vehiclemake-suzuki1994","29":"vehiclemake-suzuki1990","30":"vehiclemodel-suzuki1994","31":"vehiclemodel-suzuki1989","32":"vehiclemodel-suzuki1991","33":"vehiclemodel-suzuki1992","34":"vehiclemodel-suzuki1993","35":"vehiclemodel-suzuki1990","36":"vehiclemodel-swift1993","37":"vehiclemodel-swift1990","38":"vehiclemodel-swift1994","39":"vehiclemodel-swift1991","40":"vehiclemodel-swift1989","41":"vehiclemodel-swift1992","42":"vehiclemodel-tercel","43":"vehicleoptions-ga1990","44":"vehicleoptions-ga1991","45":"vehicleoptions-gl1990","46":"vehicleoptions-glx1990","47":"vehicleoptions-glx1989","48":"vehicleoptions-gs1990","49":"vehicleoptions-gs1991","50":"vehicleoptions-swift1991","51":"vehicleoptions-swift1989","52":"vehicleoptions-swift1990","53":"vehiclewidth-338","54":"vehiclewidth-348","55":"vehiclewidth-25","56":"vehiclewidth-28","57":"vehiclewidth-30","58":"vehiclewidth-36","59":"vehiclewidth-42","60":"vehiclewidth-51","61":"vehiclewidth-60","62":"vehicletiresize-155-65r14","63":"vehicletiresize-155-70r13","64":"vehicletiresize-155-80r13","65":"vehicletiresize-165-65r14","66":"vehicletiresize-165-70r13","67":"vehicletiresize-165-70r14","68":"vehicletiresize-175-65r14","69":"vehicletiresize-175-65r15","70":"vehicletiresize-185-55r15","71":"vehicletiresize-185-60r14","72":"vehicletiresize-185-60r15","73":"vehicletiresize-185-65r14","74":"vehicletiresize-185-65r15","75":"vehicletiresize-195-50r15","76":"vehicletiresize-195-55r15","77":"vehicletiresize-195-55r16","78":"vehicletiresize-195-60r15","79":"vehicletiresize-195-65r15","80":"vehicletiresize-205-55r16","81":"vehicletiresize-205-55r17","82":"vehicletiresize-205-60r16","83":"vehicletiresize-205-65r15","84":"vehicletiresize-215-50r17","85":"vehicletiresize-215-55r16","86":"vehicletiresize-215-55r17","87":"vehicletiresize-215-60r16","88":"vehicletiresize-215-60r17","89":"vehicletiresize-215-65r16","90":"vehicletiresize-215-65r17","91":"vehicletiresize-215-70r16","92":"vehicletiresize-225-45r17","93":"vehicletiresize-225-50r17","94":"vehicletiresize-225-55r16","95":"vehicletiresize-235-65r17","96":"vehicleaspectratio-153","97":"vehicleaspectratio-154","98":"vehicleaspectratio-50-195","99":"vehicleaspectratio-71","100":"vehicleaspectratio-50-215","101":"vehicleaspectratio-55-225","102":"vehicleaspectratio-55-215","103":"vehicleaspectratio-55-205","104":"vehicleaspectratio-55-195","105":"vehicleaspectratio-55-185","106":"vehicleaspectratio-72","107":"vehicleaspectratio-60-185","108":"vehicleaspectratio-73","109":"vehicleaspectratio-60-215","110":"vehicleaspectratio-60-205","111":"vehicleaspectratio-60-195","112":"vehicleaspectratio-65-195","113":"vehicleaspectratio-65-165","114":"vehicleaspectratio-65-185","115":"vehicleaspectratio-74","116":"vehicleaspectratio-65-235","117":"vehicleaspectratio-65-155","118":"vehicleaspectratio-65-175","119":"vehicleaspectratio-65-215","120":"vehicleaspectratio-65-205","121":"vehicleaspectratio-70-165","122":"vehicleaspectratio-75","123":"vehicleaspectratio-70-155","124":"vehicleaspectratio-70-215","125":"vehicleaspectratio-325","126":"vehicleaspectratio-80-155","127":"vehiclerim-13-70-165","128":"vehiclerim-201","129":"vehiclerim-13-80-155","130":"vehiclerim-13-70-155","131":"vehiclerim-14-65-165","132":"vehiclerim-14-65-175","133":"vehiclerim-14-70-165","134":"vehiclerim-20","135":"vehiclerim-14-65-185","136":"vehiclerim-14-60-185","137":"vehiclerim-14-65-155","138":"vehiclerim-15-65-195","139":"vehiclerim-15-60-195","140":"vehiclerim-15-55-195","141":"vehiclerim-15-65-205","142":"vehiclerim-15-65-175","143":"vehiclerim-15-50-195","144":"vehiclerim-22","145":"vehiclerim-15-65-185","146":"vehiclerim-15-60-185","147":"vehiclerim-15-55-185","148":"vehiclerim-16-55-215","149":"vehiclerim-16-60-205","150":"vehiclerim-16-55-195","151":"vehiclerim-16-55-225","152":"vehiclerim-16-65-215","153":"vehiclerim-16-60-215","154":"vehiclerim-16-55-205","155":"vehiclerim-16-70-215","156":"vehiclerim-23","157":"vehiclerim-24","158":"vehiclerim-17-55-215","159":"vehiclerim-17-50-215","160":"vehiclerim-17-65-235","161":"vehiclerim-17-55-205","162":"vehiclerim-27","163":"vehiclerim-88","165":"first","166":"instock","167":"shipping-taxable","168":"product-type-simple"},"_links":{"self":[{"href":"https:\/\/gtradial.ca\/\/\/fr\/wp-json\/wp\/v2\/product\/778","targetHints":{"allow":["GET"]}}],"collection":[{"href":"https:\/\/gtradial.ca\/\/\/fr\/wp-json\/wp\/v2\/product"}],"about":[{"href":"https:\/\/gtradial.ca\/\/\/fr\/wp-json\/wp\/v2\/types\/product"}],"replies":[{"embeddable":true,"href":"https:\/\/gtradial.ca\/\/\/fr\/wp-json\/wp\/v2\/comments?post=778"}],"wp:featuredmedia":[{"embeddable":true,"href":"https:\/\/gtradial.ca\/\/\/fr\/wp-json\/wp\/v2\/media\/1541"}],"wp:attachment":[{"href":"https:\/\/gtradial.ca\/\/\/fr\/wp-json\/wp\/v2\/media?parent=778"}],"wp:term":[{"taxonomy":"product_brand","embeddable":true,"href":"https:\/\/gtradial.ca\/\/\/fr\/wp-json\/wp\/v2\/product_brand?post=778"},{"taxonomy":"product_cat","embeddable":true,"href":"https:\/\/gtradial.ca\/\/\/fr\/wp-json\/wp\/v2\/product_cat?post=778"},{"taxonomy":"product_tag","embeddable":true,"href":"https:\/\/gtradial.ca\/\/\/fr\/wp-json\/wp\/v2\/product_tag?post=778"}],"curies":[{"name":"wp","href":"https:\/\/api.w.org\/{rel}","templated":true}]}}