{"id":772,"date":"2020-03-04T02:10:53","date_gmt":"2020-03-04T02:10:53","guid":{"rendered":"https:\/\/webhedzwordpress.com\/GT\/?post_type=product&#038;p=772"},"modified":"2020-10-01T16:12:17","modified_gmt":"2020-10-01T16:12:17","slug":"champiro-winterpro-hp","status":"publish","type":"product","link":"https:\/\/gtradial.ca\/\/\/fr\/product\/champiro-winterpro-hp\/","title":{"rendered":"CHAMPIRO WinterPro HP"},"content":{"rendered":"<p>Le pneu d\u2019hiver de performance WinterPro HP sans crampons est con\u00e7u pour les conducteurs qui veulent conserver les caract\u00e9ristiques de pr\u00e9cision et de tenue de route de leur voiture, berline ou coup\u00e9 haute performance en conditions hivernales.<\/p>\n","protected":false},"excerpt":{"rendered":"<p>Le pneu d\u2019hiver de performance WinterPro HP sans crampons est con\u00e7u pour les conducteurs qui veulent conserver les caract\u00e9ristiques de pr\u00e9cision et de tenue de route de leur voiture, berline ou coup\u00e9 haute performance en conditions hivernales.<\/p>\n","protected":false},"featured_media":1264,"comment_status":"open","ping_status":"closed","template":"","meta":[],"product_brand":[],"product_cat":[249],"product_tag":[],"class_list":{"0":"post-772","1":"product","2":"type-product","3":"status-publish","4":"has-post-thumbnail","6":"product_cat-winter","7":"vehiclewidth-36","8":"vehiclewidth-42","9":"vehiclewidth-51","10":"vehiclewidth-60","11":"vehiclewidth-121","12":"vehiclewidth-130","13":"vehicletiresize-205-45r17","14":"vehicletiresize-205-50r17","15":"vehicletiresize-215-60r17","16":"vehicletiresize-225-40r18","17":"vehicletiresize-225-45r17","18":"vehicletiresize-225-45r18","19":"vehicletiresize-225-50r17","20":"vehicletiresize-225-55r17","21":"vehicletiresize-225-60r17","22":"vehicletiresize-235-45r17","23":"vehicletiresize-235-50r18","24":"vehicletiresize-235-55r17","25":"vehicletiresize-235-55r18","26":"vehicletiresize-235-60r18","27":"vehicletiresize-245-40r18","28":"vehicletiresize-245-45r17","29":"vehicletiresize-245-45r18","30":"vehicletiresize-255-50r19","31":"vehicletiresize-255-55r18","32":"vehicleaspectratio-153","33":"vehicleaspectratio-40-245","34":"vehicleaspectratio-40-225","35":"vehicleaspectratio-154","36":"vehicleaspectratio-45-235","37":"vehicleaspectratio-45-245","38":"vehicleaspectratio-45-225","39":"vehicleaspectratio-45-205","40":"vehicleaspectratio-50-235","41":"vehicleaspectratio-50-255","42":"vehicleaspectratio-50-225","43":"vehicleaspectratio-71","44":"vehicleaspectratio-50-205","45":"vehicleaspectratio-55-225","46":"vehicleaspectratio-72","47":"vehicleaspectratio-55-235","48":"vehicleaspectratio-55-255","49":"vehicleaspectratio-60-235","50":"vehicleaspectratio-60-215","51":"vehicleaspectratio-60-225","52":"vehicleaspectratio-73","53":"vehicleaspectratio-74","54":"vehiclerim-23","55":"vehiclerim-17-60-215","56":"vehiclerim-24","57":"vehiclerim-17-60-225","58":"vehiclerim-17-45-235","59":"vehiclerim-17-55-235","60":"vehiclerim-17-50-205","61":"vehiclerim-17-45-205","62":"vehiclerim-17-50-225","63":"vehiclerim-17-45-225","64":"vehiclerim-18-45-225","65":"vehiclerim-18-40-225","66":"vehiclerim-27","67":"vehiclerim-18-40-245","68":"vehiclerim-18-60-235","69":"vehiclerim-18-55-235","70":"vehiclerim-18-55-255","71":"vehiclerim-18-50-235","72":"vehiclerim-19-50-255","73":"vehiclerim-88","75":"first","76":"instock","77":"shipping-taxable","78":"product-type-simple"},"_links":{"self":[{"href":"https:\/\/gtradial.ca\/\/\/fr\/wp-json\/wp\/v2\/product\/772","targetHints":{"allow":["GET"]}}],"collection":[{"href":"https:\/\/gtradial.ca\/\/\/fr\/wp-json\/wp\/v2\/product"}],"about":[{"href":"https:\/\/gtradial.ca\/\/\/fr\/wp-json\/wp\/v2\/types\/product"}],"replies":[{"embeddable":true,"href":"https:\/\/gtradial.ca\/\/\/fr\/wp-json\/wp\/v2\/comments?post=772"}],"wp:featuredmedia":[{"embeddable":true,"href":"https:\/\/gtradial.ca\/\/\/fr\/wp-json\/wp\/v2\/media\/1264"}],"wp:attachment":[{"href":"https:\/\/gtradial.ca\/\/\/fr\/wp-json\/wp\/v2\/media?parent=772"}],"wp:term":[{"taxonomy":"product_brand","embeddable":true,"href":"https:\/\/gtradial.ca\/\/\/fr\/wp-json\/wp\/v2\/product_brand?post=772"},{"taxonomy":"product_cat","embeddable":true,"href":"https:\/\/gtradial.ca\/\/\/fr\/wp-json\/wp\/v2\/product_cat?post=772"},{"taxonomy":"product_tag","embeddable":true,"href":"https:\/\/gtradial.ca\/\/\/fr\/wp-json\/wp\/v2\/product_tag?post=772"}],"curies":[{"name":"wp","href":"https:\/\/api.w.org\/{rel}","templated":true}]}}