{"id":764,"date":"2020-03-04T00:52:40","date_gmt":"2020-03-04T00:52:40","guid":{"rendered":"https:\/\/webhedzwordpress.com\/GT\/?post_type=product&#038;p=764"},"modified":"2022-01-14T15:22:36","modified_gmt":"2022-01-14T15:22:36","slug":"champiro-icepro-2","status":"publish","type":"product","link":"https:\/\/gtradial.ca\/\/\/fr\/product\/champiro-icepro-2\/","title":{"rendered":"CHAMPIRO ICEPRO 2"},"content":{"rendered":"<p>Le pneu d\u2019hiver Champiro IcePro 2 peut \u00eatre muni de crampons propose des tailles convenant aux VUS et camionnettes l\u00e9g\u00e8res. Il peut \u00eatre utilis\u00e9 avec ou sans crampons, selon le niveau d\u2019adh\u00e9rence n\u00e9cessaire. De plus, il est con\u00e7u pour fournir une excellente adh\u00e9rence et une tenue de route sup\u00e9rieure dans des conditions hivernales extr\u00eames.<\/p>\n","protected":false},"excerpt":{"rendered":"<p>Le pneu d\u2019hiver Champiro IcePro 2 peut \u00eatre muni de crampons propose des tailles convenant aux VUS et camionnettes l\u00e9g\u00e8res. Il peut \u00eatre utilis\u00e9 avec ou sans crampons, selon le niveau d\u2019adh\u00e9rence n\u00e9cessaire. De plus, il est con\u00e7u pour fournir une excellente adh\u00e9rence et une tenue de route sup\u00e9rieure dans des conditions hivernales extr\u00eames.<\/p>\n","protected":false},"featured_media":1262,"comment_status":"open","ping_status":"closed","template":"","meta":[],"product_brand":[],"product_cat":[249],"product_tag":[],"class_list":{"0":"post-764","1":"product","2":"type-product","3":"status-publish","4":"has-post-thumbnail","6":"product_cat-winter","7":"vehiclewidth-42","8":"vehiclewidth-51","9":"vehiclewidth-60","10":"vehiclewidth-121","11":"vehiclewidth-130","12":"vehiclewidth-149","13":"vehiclewidth-335","14":"vehiclewidth-lt225","15":"vehiclewidth-lt245","16":"vehiclewidth-lt265","17":"vehiclewidth-lt275","18":"vehicletiresize-215-70r15","19":"vehicletiresize-225-70r16","20":"vehicletiresize-225-75r16","21":"vehicletiresize-235-55r17","22":"vehicletiresize-235-55r18","23":"vehicletiresize-235-65r16","24":"vehicletiresize-245-65r17","25":"vehicletiresize-245-70r16","26":"vehicletiresize-245-70r17","27":"vehicletiresize-245-75r16","28":"vehicletiresize-255-50r19","29":"vehicletiresize-255-55r18","30":"vehicletiresize-265-65r17","31":"vehicletiresize-265-70r16","32":"vehicletiresize-275-65r18","33":"vehicletiresize-lt225-75r16","34":"vehicletiresize-lt245-70r17","35":"vehicletiresize-lt245-75r16","36":"vehicletiresize-lt265-70r17","37":"vehicletiresize-lt275-65r18","38":"vehicleaspectratio-55-235","39":"vehicleaspectratio-65-235","40":"vehicleaspectratio-74","41":"vehicleaspectratio-65-245","42":"vehicleaspectratio-70-215","43":"vehicleaspectratio-70-225","44":"vehicleaspectratio-75","45":"vehicleaspectratio-70-245","46":"vehicleaspectratio-75-225","47":"vehicleaspectratio-75-245","48":"vehicleaspectratio-224","49":"vehiclerim-15-70-215","50":"vehiclerim-16-75-225","51":"vehiclerim-23","52":"vehiclerim-16-75-245","53":"vehiclerim-16-70-265","54":"vehiclerim-16-75-lt225","55":"vehiclerim-16-75-lt245","56":"vehiclerim-16-70-225","57":"vehiclerim-17-65-265","58":"vehiclerim-17-70-245","59":"vehiclerim-17-55-235","60":"vehiclerim-24","61":"vehiclerim-17-70-lt245","62":"vehiclerim-17-70-lt265","63":"vehiclerim-17-65-245","64":"vehiclerim-18-65-275","65":"vehiclerim-18-55-235","66":"vehiclerim-18-65-lt275","67":"vehiclerim-27","68":"vehiclerim-18-55-255","69":"vehiclerim-19-50-255","71":"first","72":"instock","73":"shipping-taxable","74":"product-type-simple"},"_links":{"self":[{"href":"https:\/\/gtradial.ca\/\/\/fr\/wp-json\/wp\/v2\/product\/764","targetHints":{"allow":["GET"]}}],"collection":[{"href":"https:\/\/gtradial.ca\/\/\/fr\/wp-json\/wp\/v2\/product"}],"about":[{"href":"https:\/\/gtradial.ca\/\/\/fr\/wp-json\/wp\/v2\/types\/product"}],"replies":[{"embeddable":true,"href":"https:\/\/gtradial.ca\/\/\/fr\/wp-json\/wp\/v2\/comments?post=764"}],"wp:featuredmedia":[{"embeddable":true,"href":"https:\/\/gtradial.ca\/\/\/fr\/wp-json\/wp\/v2\/media\/1262"}],"wp:attachment":[{"href":"https:\/\/gtradial.ca\/\/\/fr\/wp-json\/wp\/v2\/media?parent=764"}],"wp:term":[{"taxonomy":"product_brand","embeddable":true,"href":"https:\/\/gtradial.ca\/\/\/fr\/wp-json\/wp\/v2\/product_brand?post=764"},{"taxonomy":"product_cat","embeddable":true,"href":"https:\/\/gtradial.ca\/\/\/fr\/wp-json\/wp\/v2\/product_cat?post=764"},{"taxonomy":"product_tag","embeddable":true,"href":"https:\/\/gtradial.ca\/\/\/fr\/wp-json\/wp\/v2\/product_tag?post=764"}],"curies":[{"name":"wp","href":"https:\/\/api.w.org\/{rel}","templated":true}]}}