{"id":758,"date":"2020-03-03T22:52:35","date_gmt":"2020-03-03T22:52:35","guid":{"rendered":"https:\/\/webhedzwordpress.com\/GT\/?post_type=product&#038;p=758"},"modified":"2022-01-14T15:23:36","modified_gmt":"2022-01-14T15:23:36","slug":"champiro-icepro","status":"publish","type":"product","link":"https:\/\/gtradial.ca\/\/\/fr\/product\/champiro-icepro\/","title":{"rendered":"CHAMPIRO ICEPRO"},"content":{"rendered":"<p>Le pneu d\u2019hiver Champiro IcePro peut \u00eatre muni de crampons et propose des tailles convenant aux v\u00e9hicules de tourisme et multisegments. Con\u00e7u pour les conditions de neige et de glace les plus rigoureuses, ce pneu peut \u00eatre utilis\u00e9 avec ou sans crampons, selon le niveau d\u2019adh\u00e9rence n\u00e9cessaire.<\/p>\n","protected":false},"excerpt":{"rendered":"<p>Le pneu d\u2019hiver Champiro IcePro peut \u00eatre muni de crampons et propose des tailles convenant aux v\u00e9hicules de tourisme et multisegments. Con\u00e7u pour les conditions de neige et de glace les plus rigoureuses, ce pneu peut \u00eatre utilis\u00e9 avec ou sans crampons, selon le niveau d\u2019adh\u00e9rence n\u00e9cessaire.<\/p>\n","protected":false},"featured_media":1260,"comment_status":"open","ping_status":"closed","template":"","meta":[],"product_brand":[],"product_cat":[249],"product_tag":[],"class_list":{"0":"post-758","1":"product","2":"type-product","3":"status-publish","4":"has-post-thumbnail","6":"product_cat-winter","7":"vehiclewidth-338","8":"vehiclewidth-25","9":"vehiclewidth-28","10":"vehiclewidth-30","11":"vehiclewidth-36","12":"vehiclewidth-51","13":"vehiclewidth-60","14":"vehicletiresize-155-70r13","15":"vehicletiresize-175-70r13","16":"vehicletiresize-185-55r15","17":"vehicletiresize-185-60r14","18":"vehicletiresize-195-55r15","19":"vehicletiresize-205-65r15","20":"vehicletiresize-205-70r15","21":"vehicletiresize-205-75r15","22":"vehicletiresize-225-55r16","23":"vehicletiresize-225-55r18","24":"vehicletiresize-225-65r16","25":"vehicleaspectratio-154","26":"vehicleaspectratio-45-235","27":"vehicleaspectratio-55-185","28":"vehicleaspectratio-55-225","29":"vehicleaspectratio-55-195","30":"vehicleaspectratio-72","31":"vehicleaspectratio-73","32":"vehicleaspectratio-60-185","33":"vehicleaspectratio-74","34":"vehicleaspectratio-65-225","35":"vehicleaspectratio-65-205","36":"vehicleaspectratio-70-175","37":"vehicleaspectratio-70-205","38":"vehicleaspectratio-75","39":"vehicleaspectratio-70-155","40":"vehicleaspectratio-75-205","41":"vehicleaspectratio-224","42":"vehiclerim-13-70-175","43":"vehiclerim-201","44":"vehiclerim-13-70-155","45":"vehiclerim-20","46":"vehiclerim-14-60-185","47":"vehiclerim-15-55-185","48":"vehiclerim-22","49":"vehiclerim-15-65-205","50":"vehiclerim-15-70-205","51":"vehiclerim-15-55-195","52":"vehiclerim-15-75-205","53":"vehiclerim-23","54":"vehiclerim-16-65-225","55":"vehiclerim-16-55-225","56":"vehiclerim-24","57":"vehiclerim-17-65-235","58":"vehiclerim-27","59":"vehiclerim-18-55-225","61":"first","62":"instock","63":"shipping-taxable","64":"product-type-simple"},"_links":{"self":[{"href":"https:\/\/gtradial.ca\/\/\/fr\/wp-json\/wp\/v2\/product\/758","targetHints":{"allow":["GET"]}}],"collection":[{"href":"https:\/\/gtradial.ca\/\/\/fr\/wp-json\/wp\/v2\/product"}],"about":[{"href":"https:\/\/gtradial.ca\/\/\/fr\/wp-json\/wp\/v2\/types\/product"}],"replies":[{"embeddable":true,"href":"https:\/\/gtradial.ca\/\/\/fr\/wp-json\/wp\/v2\/comments?post=758"}],"wp:featuredmedia":[{"embeddable":true,"href":"https:\/\/gtradial.ca\/\/\/fr\/wp-json\/wp\/v2\/media\/1260"}],"wp:attachment":[{"href":"https:\/\/gtradial.ca\/\/\/fr\/wp-json\/wp\/v2\/media?parent=758"}],"wp:term":[{"taxonomy":"product_brand","embeddable":true,"href":"https:\/\/gtradial.ca\/\/\/fr\/wp-json\/wp\/v2\/product_brand?post=758"},{"taxonomy":"product_cat","embeddable":true,"href":"https:\/\/gtradial.ca\/\/\/fr\/wp-json\/wp\/v2\/product_cat?post=758"},{"taxonomy":"product_tag","embeddable":true,"href":"https:\/\/gtradial.ca\/\/\/fr\/wp-json\/wp\/v2\/product_tag?post=758"}],"curies":[{"name":"wp","href":"https:\/\/api.w.org\/{rel}","templated":true}]}}