{"id":753,"date":"2020-03-03T22:31:54","date_gmt":"2020-03-03T22:31:54","guid":{"rendered":"https:\/\/webhedzwordpress.com\/GT\/?post_type=product&#038;p=753"},"modified":"2022-01-14T15:24:32","modified_gmt":"2022-01-14T15:24:32","slug":"maxmiler-wt-1000","status":"publish","type":"product","link":"https:\/\/gtradial.ca\/\/\/fr\/product\/maxmiler-wt-1000\/","title":{"rendered":"MAXMILER WT-1000"},"content":{"rendered":"<p>Le pneu Maxmiler WT-1000 est un pneu d\u2019hiver non cramponnable fabriqu\u00e9 exclusivement pour les camionnettes l\u00e9g\u00e8res, les fourgonnettes, les VUS et les v\u00e9hicules commerciaux. Sa carcasse durable et son compos\u00e9 de semelle perfectionn\u00e9 permettent des performances fiables sur la glace et la neige.<\/p>\n","protected":false},"excerpt":{"rendered":"<p>Le pneu Maxmiler WT-1000 est un pneu d\u2019hiver non cramponnable fabriqu\u00e9 exclusivement pour les camionnettes l\u00e9g\u00e8res, les fourgonnettes, les VUS et les v\u00e9hicules commerciaux. Sa carcasse durable et son compos\u00e9 de semelle perfectionn\u00e9 permettent des performances fiables sur la glace et la neige.<\/p>\n","protected":false},"featured_media":756,"comment_status":"open","ping_status":"closed","template":"","meta":[],"product_brand":[],"product_cat":[249],"product_tag":[],"class_list":{"0":"post-753","1":"product","2":"type-product","3":"status-publish","4":"has-post-thumbnail","6":"product_cat-winter","7":"vehiclewidth-60","8":"vehiclewidth-121","9":"vehiclewidth-lt235","10":"vehiclewidth-lt245","11":"vehicletiresize-245-75r16","12":"vehicletiresize-lt235-85r16","13":"vehicletiresize-lt245-75r16","14":"vehicleaspectratio-75-265","15":"vehicleaspectratio-75-235","16":"vehicleaspectratio-75-lt245","17":"vehicleaspectratio-224","18":"vehicleaspectratio-75-245","19":"vehicleaspectratio-85-lt235","20":"vehicleaspectratio-85-235","21":"vehicleaspectratio-326","22":"vehiclerim-16-75-265","23":"vehiclerim-23","24":"vehiclerim-16-75-lt245","25":"vehiclerim-16-85-235","26":"vehiclerim-16-85-lt235","27":"vehiclerim-16-75-245","29":"first","30":"instock","31":"shipping-taxable","32":"product-type-simple"},"_links":{"self":[{"href":"https:\/\/gtradial.ca\/\/\/fr\/wp-json\/wp\/v2\/product\/753","targetHints":{"allow":["GET"]}}],"collection":[{"href":"https:\/\/gtradial.ca\/\/\/fr\/wp-json\/wp\/v2\/product"}],"about":[{"href":"https:\/\/gtradial.ca\/\/\/fr\/wp-json\/wp\/v2\/types\/product"}],"replies":[{"embeddable":true,"href":"https:\/\/gtradial.ca\/\/\/fr\/wp-json\/wp\/v2\/comments?post=753"}],"wp:featuredmedia":[{"embeddable":true,"href":"https:\/\/gtradial.ca\/\/\/fr\/wp-json\/wp\/v2\/media\/756"}],"wp:attachment":[{"href":"https:\/\/gtradial.ca\/\/\/fr\/wp-json\/wp\/v2\/media?parent=753"}],"wp:term":[{"taxonomy":"product_brand","embeddable":true,"href":"https:\/\/gtradial.ca\/\/\/fr\/wp-json\/wp\/v2\/product_brand?post=753"},{"taxonomy":"product_cat","embeddable":true,"href":"https:\/\/gtradial.ca\/\/\/fr\/wp-json\/wp\/v2\/product_cat?post=753"},{"taxonomy":"product_tag","embeddable":true,"href":"https:\/\/gtradial.ca\/\/\/fr\/wp-json\/wp\/v2\/product_tag?post=753"}],"curies":[{"name":"wp","href":"https:\/\/api.w.org\/{rel}","templated":true}]}}