{"id":693,"date":"2020-03-03T14:51:46","date_gmt":"2020-03-03T14:51:46","guid":{"rendered":"https:\/\/webhedzwordpress.com\/GT\/?post_type=product&#038;p=693"},"modified":"2022-01-14T15:25:22","modified_gmt":"2022-01-14T15:25:22","slug":"savero-wt","status":"publish","type":"product","link":"https:\/\/gtradial.ca\/\/\/fr\/product\/savero-wt\/","title":{"rendered":"SAVERO WT"},"content":{"rendered":"<p>Le pneu Savero WT est un pneu d\u2019hiver non cramponnable fabriqu\u00e9 pour les VUS et multisegments. Sa conception durable est optimis\u00e9e pour la neige, la gadoue, la salet\u00e9, la boue et le gravier, dans des conditions s\u00e8ches ou mouill\u00e9es.<\/p>\n","protected":false},"excerpt":{"rendered":"<p>Le pneu Savero WT est un pneu d\u2019hiver non cramponnable fabriqu\u00e9 pour les VUS et multisegments. Sa conception durable est optimis\u00e9e pour la neige, la gadoue, la salet\u00e9, la boue et le gravier, dans des conditions s\u00e8ches ou mouill\u00e9es.<\/p>\n","protected":false},"featured_media":702,"comment_status":"open","ping_status":"closed","template":"","meta":[],"product_brand":[],"product_cat":[249],"product_tag":[],"class_list":{"0":"post-693","1":"product","2":"type-product","3":"status-publish","4":"has-post-thumbnail","6":"product_cat-winter","7":"vehiclewidth-51","8":"vehiclewidth-60","9":"vehiclewidth-121","10":"vehiclewidth-130","11":"vehiclewidth-149","12":"vehiclewidth-335","13":"vehicletiresize-225-70r16","14":"vehicletiresize-225-75r16","15":"vehicletiresize-235-70r16","16":"vehicletiresize-235-75r15","17":"vehicletiresize-245-65r17","18":"vehicletiresize-245-70r16","19":"vehicletiresize-245-75r16","20":"vehicletiresize-255-65r16","21":"vehicletiresize-255-70r16","22":"vehicletiresize-265-70r16","23":"vehicletiresize-265-70r17","24":"vehicletiresize-275-60r17","25":"vehicleaspectratio-60-275","26":"vehicleaspectratio-73","27":"vehicleaspectratio-65-255","28":"vehicleaspectratio-74","29":"vehicleaspectratio-65-245","30":"vehicleaspectratio-70-235","31":"vehicleaspectratio-70-255","32":"vehicleaspectratio-75","33":"vehicleaspectratio-70-265","34":"vehicleaspectratio-70-225","35":"vehicleaspectratio-70-245","36":"vehicleaspectratio-75-225","37":"vehicleaspectratio-75-245","38":"vehicleaspectratio-75-235","39":"vehicleaspectratio-224","40":"vehiclerim-22","41":"vehiclerim-15-75-235","42":"vehiclerim-16-70-245","43":"vehiclerim-16-70-255","44":"vehiclerim-23","45":"vehiclerim-16-75-245","46":"vehiclerim-16-70-265","47":"vehiclerim-16-70-225","48":"vehiclerim-16-70-235","49":"vehiclerim-16-75-225","50":"vehiclerim-17-60-275","51":"vehiclerim-17-65-245","52":"vehiclerim-24","53":"vehiclerim-17-70-265","55":"first","56":"instock","57":"shipping-taxable","58":"product-type-simple"},"_links":{"self":[{"href":"https:\/\/gtradial.ca\/\/\/fr\/wp-json\/wp\/v2\/product\/693","targetHints":{"allow":["GET"]}}],"collection":[{"href":"https:\/\/gtradial.ca\/\/\/fr\/wp-json\/wp\/v2\/product"}],"about":[{"href":"https:\/\/gtradial.ca\/\/\/fr\/wp-json\/wp\/v2\/types\/product"}],"replies":[{"embeddable":true,"href":"https:\/\/gtradial.ca\/\/\/fr\/wp-json\/wp\/v2\/comments?post=693"}],"wp:featuredmedia":[{"embeddable":true,"href":"https:\/\/gtradial.ca\/\/\/fr\/wp-json\/wp\/v2\/media\/702"}],"wp:attachment":[{"href":"https:\/\/gtradial.ca\/\/\/fr\/wp-json\/wp\/v2\/media?parent=693"}],"wp:term":[{"taxonomy":"product_brand","embeddable":true,"href":"https:\/\/gtradial.ca\/\/\/fr\/wp-json\/wp\/v2\/product_brand?post=693"},{"taxonomy":"product_cat","embeddable":true,"href":"https:\/\/gtradial.ca\/\/\/fr\/wp-json\/wp\/v2\/product_cat?post=693"},{"taxonomy":"product_tag","embeddable":true,"href":"https:\/\/gtradial.ca\/\/\/fr\/wp-json\/wp\/v2\/product_tag?post=693"}],"curies":[{"name":"wp","href":"https:\/\/api.w.org\/{rel}","templated":true}]}}