{"id":690,"date":"2020-03-03T14:49:12","date_gmt":"2020-03-03T14:49:12","guid":{"rendered":"https:\/\/webhedzwordpress.com\/GT\/?post_type=product&#038;p=690"},"modified":"2020-10-01T16:10:12","modified_gmt":"2020-10-01T16:10:12","slug":"icepro-suv3","status":"publish","type":"product","link":"https:\/\/gtradial.ca\/\/\/fr\/product\/icepro-suv3\/","title":{"rendered":"ICEPRO SUV3"},"content":{"rendered":"<p>Le IcePRO SUV3 fait partie de la nouvelle g\u00e9n\u00e9ration de pneus d\u2019hiver cramponnables de GT Radial, offert pour les camionnettes et VUS. Il se caract\u00e9rise par une distribution \u00e0 haut volume de 150 crampons partout sur la bande de roulement afin de maximiser la traction sur la glace et lors du freinage. Le IcePRO SUV3 peut \u00eatre utilis\u00e9 avec ou sans crampons et il est con\u00e7u pour fournir une excellente adh\u00e9rence et une maniabilit\u00e9 s\u00fbre dans des conditions hivernales extr\u00eames, tout en r\u00e9duisant le bruit de roulement.<\/p>\n","protected":false},"excerpt":{"rendered":"<p>Le IcePRO SUV3 fait partie de la nouvelle g\u00e9n\u00e9ration de pneus d\u2019hiver cramponnables de GT Radial, offert pour les camionnettes et VUS. Il se caract\u00e9rise par une distribution \u00e0 haut volume de 150 crampons partout sur la bande de roulement afin de maximiser la traction sur la glace et lors du freinage. Le IcePRO SUV3 [&hellip;]<\/p>\n","protected":false},"featured_media":1258,"comment_status":"open","ping_status":"closed","template":"","meta":[],"product_brand":[],"product_cat":[249],"product_tag":[],"class_list":{"0":"post-690","1":"product","2":"type-product","3":"status-publish","4":"has-post-thumbnail","6":"product_cat-winter","7":"vehiclewidth-42","8":"vehiclewidth-51","9":"vehiclewidth-60","10":"vehiclewidth-121","11":"vehiclewidth-130","12":"vehiclewidth-149","13":"vehiclewidth-335","14":"vehicletiresize-215-70r16","15":"vehicletiresize-225-55r18","16":"vehicletiresize-225-60r18","17":"vehicletiresize-225-65r17","18":"vehicletiresize-235-55r19","19":"vehicletiresize-235-60r17","20":"vehicletiresize-235-60r18","21":"vehicletiresize-235-65r17","22":"vehicletiresize-235-65r18","23":"vehicletiresize-235-70r16","24":"vehicletiresize-245-50r20","25":"vehicletiresize-245-60r18","26":"vehicletiresize-255-65r18","27":"vehicletiresize-255-70r18","28":"vehicletiresize-265-60r18","29":"vehicletiresize-265-65r18","30":"vehicletiresize-265-70r17","31":"vehicletiresize-265-70r18","32":"vehicletiresize-275-55r20","33":"vehicletiresize-275-60r20","34":"vehicletiresize-275-65r18","35":"vehicleaspectratio-71","36":"vehicleaspectratio-72","37":"vehicleaspectratio-60-235","38":"vehicleaspectratio-60-245","39":"vehicleaspectratio-73","40":"vehicleaspectratio-74","41":"vehicleaspectratio-65-235","42":"vehicleaspectratio-65-225","43":"vehicleaspectratio-75","44":"vehicleaspectratio-70-235","45":"vehicleaspectratio-70-215","46":"vehicleaspectratio-70-265","47":"vehiclerim-23","48":"vehiclerim-16-70-215","49":"vehiclerim-16-70-235","50":"vehiclerim-24","51":"vehiclerim-17-65-225","52":"vehiclerim-17-70-265","53":"vehiclerim-17-65-235","54":"vehiclerim-18-65-235","55":"vehiclerim-18-60-235","56":"vehiclerim-18-60-245","57":"vehiclerim-27","58":"vehiclerim-88","59":"vehiclerim-33","61":"first","62":"instock","63":"shipping-taxable","64":"product-type-simple"},"_links":{"self":[{"href":"https:\/\/gtradial.ca\/\/\/fr\/wp-json\/wp\/v2\/product\/690","targetHints":{"allow":["GET"]}}],"collection":[{"href":"https:\/\/gtradial.ca\/\/\/fr\/wp-json\/wp\/v2\/product"}],"about":[{"href":"https:\/\/gtradial.ca\/\/\/fr\/wp-json\/wp\/v2\/types\/product"}],"replies":[{"embeddable":true,"href":"https:\/\/gtradial.ca\/\/\/fr\/wp-json\/wp\/v2\/comments?post=690"}],"wp:featuredmedia":[{"embeddable":true,"href":"https:\/\/gtradial.ca\/\/\/fr\/wp-json\/wp\/v2\/media\/1258"}],"wp:attachment":[{"href":"https:\/\/gtradial.ca\/\/\/fr\/wp-json\/wp\/v2\/media?parent=690"}],"wp:term":[{"taxonomy":"product_brand","embeddable":true,"href":"https:\/\/gtradial.ca\/\/\/fr\/wp-json\/wp\/v2\/product_brand?post=690"},{"taxonomy":"product_cat","embeddable":true,"href":"https:\/\/gtradial.ca\/\/\/fr\/wp-json\/wp\/v2\/product_cat?post=690"},{"taxonomy":"product_tag","embeddable":true,"href":"https:\/\/gtradial.ca\/\/\/fr\/wp-json\/wp\/v2\/product_tag?post=690"}],"curies":[{"name":"wp","href":"https:\/\/api.w.org\/{rel}","templated":true}]}}