{"id":676,"date":"2020-03-03T14:17:58","date_gmt":"2020-03-03T14:17:58","guid":{"rendered":"https:\/\/webhedzwordpress.com\/GT\/?post_type=product&#038;p=676"},"modified":"2020-08-07T01:02:23","modified_gmt":"2020-08-07T01:02:23","slug":"maxmiler-st","status":"publish","type":"product","link":"https:\/\/gtradial.ca\/\/\/fr\/product\/maxmiler-st\/","title":{"rendered":"MAXMILER ST"},"content":{"rendered":"<p>Le Maxmiler ST est un pneu sp\u00e9cial pour remorques et v\u00e9hicules r\u00e9cr\u00e9atifs remorqu\u00e9s procurant un comportement stable, s\u00e9curitaire et de longue dur\u00e9e.<\/p>\n","protected":false},"excerpt":{"rendered":"<p>Le Maxmiler ST est un pneu sp\u00e9cial pour remorques et v\u00e9hicules r\u00e9cr\u00e9atifs remorqu\u00e9s procurant un comportement stable, s\u00e9curitaire et de longue dur\u00e9e.<\/p>\n","protected":false},"featured_media":1429,"comment_status":"open","ping_status":"closed","template":"","meta":[],"product_brand":[],"product_cat":[248],"product_tag":[],"class_list":{"0":"post-676","1":"product","2":"type-product","3":"status-publish","4":"has-post-thumbnail","6":"product_cat-suv-light-truck","7":"vehiclewidth-25","8":"vehiclewidth-36","9":"vehiclewidth-51","10":"vehiclewidth-60","11":"vehiclewidth-st175","12":"vehiclewidth-st205","13":"vehiclewidth-st215","14":"vehiclewidth-st225","15":"vehiclewidth-st235","16":"vehicletiresize-225-75r15","17":"vehicletiresize-st175-80r13","18":"vehicletiresize-st205-75r14","19":"vehicletiresize-st205-75r15","20":"vehicletiresize-st215-75r14","21":"vehicletiresize-st225-75r15","22":"vehicletiresize-st235-80r16","23":"vehicletiresize-st235-85r16","24":"vehicleaspectratio-75-215","25":"vehicleaspectratio-75-st205","26":"vehicleaspectratio-75-225","27":"vehicleaspectratio-224","28":"vehicleaspectratio-75-st215","29":"vehicleaspectratio-75-st225","30":"vehicleaspectratio-80-235","31":"vehicleaspectratio-325","32":"vehicleaspectratio-80-st235","33":"vehicleaspectratio-80-175","34":"vehicleaspectratio-80-st175","35":"vehicleaspectratio-85-235","36":"vehicleaspectratio-326","37":"vehicleaspectratio-85-st235","38":"vehiclerim-13-80-st175","39":"vehiclerim-13-80-175","40":"vehiclerim-201","41":"vehiclerim-14-75-st215","42":"vehiclerim-20","43":"vehiclerim-14-75-215","44":"vehiclerim-14-75-st205","45":"vehiclerim-15-75-st205","46":"vehiclerim-15-75-205","47":"vehiclerim-15-75-st225","48":"vehiclerim-22","49":"vehiclerim-15-75-225","50":"vehiclerim-16-80-st235","51":"vehiclerim-16-85-235","52":"vehiclerim-23","53":"vehiclerim-16-85-st235","54":"vehiclerim-16-80-235","56":"first","57":"instock","58":"shipping-taxable","59":"product-type-simple"},"_links":{"self":[{"href":"https:\/\/gtradial.ca\/\/\/fr\/wp-json\/wp\/v2\/product\/676","targetHints":{"allow":["GET"]}}],"collection":[{"href":"https:\/\/gtradial.ca\/\/\/fr\/wp-json\/wp\/v2\/product"}],"about":[{"href":"https:\/\/gtradial.ca\/\/\/fr\/wp-json\/wp\/v2\/types\/product"}],"replies":[{"embeddable":true,"href":"https:\/\/gtradial.ca\/\/\/fr\/wp-json\/wp\/v2\/comments?post=676"}],"wp:featuredmedia":[{"embeddable":true,"href":"https:\/\/gtradial.ca\/\/\/fr\/wp-json\/wp\/v2\/media\/1429"}],"wp:attachment":[{"href":"https:\/\/gtradial.ca\/\/\/fr\/wp-json\/wp\/v2\/media?parent=676"}],"wp:term":[{"taxonomy":"product_brand","embeddable":true,"href":"https:\/\/gtradial.ca\/\/\/fr\/wp-json\/wp\/v2\/product_brand?post=676"},{"taxonomy":"product_cat","embeddable":true,"href":"https:\/\/gtradial.ca\/\/\/fr\/wp-json\/wp\/v2\/product_cat?post=676"},{"taxonomy":"product_tag","embeddable":true,"href":"https:\/\/gtradial.ca\/\/\/fr\/wp-json\/wp\/v2\/product_tag?post=676"}],"curies":[{"name":"wp","href":"https:\/\/api.w.org\/{rel}","templated":true}]}}