{"id":670,"date":"2020-03-03T14:05:22","date_gmt":"2020-03-03T14:05:22","guid":{"rendered":"https:\/\/webhedzwordpress.com\/GT\/?post_type=product&#038;p=670"},"modified":"2022-01-14T14:42:59","modified_gmt":"2022-01-14T14:42:59","slug":"adventuro-m-t","status":"publish","type":"product","link":"https:\/\/gtradial.ca\/\/\/fr\/product\/adventuro-m-t\/","title":{"rendered":"ADVENTURO M\/T"},"content":{"rendered":"<p>Le pneu Adventuro M\/T est un pneu hors-piste \u00e0 traction optimale pour les camionnettes l\u00e9g\u00e8res et VUS. Dot\u00e9 d\u2019un dessin de semelle classique avec de gros pav\u00e9s d\u2019\u00e9paulement agressifs, il offre une superbe adh\u00e9rence sur les terrains rigoureux et boueux. La carcasse du pneu Adventuro M\/T est \u00e9galement renforc\u00e9e pour une durabilit\u00e9 accrue.<\/p>\n","protected":false},"excerpt":{"rendered":"<p>Le pneu Adventuro M\/T est un pneu hors-piste \u00e0 traction optimale pour les camionnettes l\u00e9g\u00e8res et VUS. Dot\u00e9 d\u2019un dessin de semelle classique avec de gros pav\u00e9s d\u2019\u00e9paulement agressifs, il offre une superbe adh\u00e9rence sur les terrains rigoureux et boueux. La carcasse du pneu Adventuro M\/T est \u00e9galement renforc\u00e9e pour une durabilit\u00e9 accrue.<\/p>\n","protected":false},"featured_media":1255,"comment_status":"open","ping_status":"closed","template":"","meta":[],"product_brand":[],"product_cat":[248],"product_tag":[],"class_list":{"0":"post-670","1":"product","2":"type-product","3":"status-publish","4":"has-post-thumbnail","6":"product_cat-suv-light-truck","7":"vehiclewidth-60","8":"vehiclewidth-121","9":"vehiclewidth-149","10":"vehiclewidth-317","11":"vehiclewidth-268022","12":"vehiclewidth-31x10","13":"vehiclewidth-33x12","14":"vehiclewidth-lt225","15":"vehiclewidth-lt235","16":"vehiclewidth-lt245","17":"vehiclewidth-lt265","18":"vehiclewidth-lt285","19":"vehiclewidth-lt305","20":"vehicletiresize-31x10-50r15lt","21":"vehicletiresize-33x12-50r15lt-2","22":"vehicletiresize-lt225-75r16","23":"vehicletiresize-lt235-75r15","24":"vehicletiresize-lt235-85r16","25":"vehicletiresize-lt245-75r16","26":"vehicletiresize-lt265-75r16","27":"vehicletiresize-lt285-75r16","28":"vehicletiresize-lt305-70r16","29":"vehicleaspectratio-50-33x12","30":"vehicleaspectratio-50-31x10","31":"vehicleaspectratio-70-lt305","32":"vehicleaspectratio-75-lt265","33":"vehicleaspectratio-75-lt225","34":"vehicleaspectratio-75-lt285","35":"vehicleaspectratio-75-lt235","36":"vehicleaspectratio-75-lt245","37":"vehicleaspectratio-85-lt235","38":"vehiclerim-15-75-lt235","39":"vehiclerim-15lt-50-33x12","40":"vehiclerim-15lt-50-31x10","41":"vehiclerim-16-75-lt265","42":"vehiclerim-16-70-lt305","43":"vehiclerim-16-75-lt285","44":"vehiclerim-16-75-lt225","45":"vehiclerim-16-75-lt245","47":"first","48":"instock","49":"shipping-taxable","50":"product-type-simple"},"_links":{"self":[{"href":"https:\/\/gtradial.ca\/\/\/fr\/wp-json\/wp\/v2\/product\/670","targetHints":{"allow":["GET"]}}],"collection":[{"href":"https:\/\/gtradial.ca\/\/\/fr\/wp-json\/wp\/v2\/product"}],"about":[{"href":"https:\/\/gtradial.ca\/\/\/fr\/wp-json\/wp\/v2\/types\/product"}],"replies":[{"embeddable":true,"href":"https:\/\/gtradial.ca\/\/\/fr\/wp-json\/wp\/v2\/comments?post=670"}],"wp:featuredmedia":[{"embeddable":true,"href":"https:\/\/gtradial.ca\/\/\/fr\/wp-json\/wp\/v2\/media\/1255"}],"wp:attachment":[{"href":"https:\/\/gtradial.ca\/\/\/fr\/wp-json\/wp\/v2\/media?parent=670"}],"wp:term":[{"taxonomy":"product_brand","embeddable":true,"href":"https:\/\/gtradial.ca\/\/\/fr\/wp-json\/wp\/v2\/product_brand?post=670"},{"taxonomy":"product_cat","embeddable":true,"href":"https:\/\/gtradial.ca\/\/\/fr\/wp-json\/wp\/v2\/product_cat?post=670"},{"taxonomy":"product_tag","embeddable":true,"href":"https:\/\/gtradial.ca\/\/\/fr\/wp-json\/wp\/v2\/product_tag?post=670"}],"curies":[{"name":"wp","href":"https:\/\/api.w.org\/{rel}","templated":true}]}}