{"id":657,"date":"2020-03-03T13:36:44","date_gmt":"2020-03-03T13:36:44","guid":{"rendered":"https:\/\/webhedzwordpress.com\/GT\/?post_type=product&#038;p=657"},"modified":"2022-01-14T15:16:49","modified_gmt":"2022-01-14T15:16:49","slug":"savero-ht2","status":"publish","type":"product","link":"https:\/\/gtradial.ca\/\/\/fr\/product\/savero-ht2\/","title":{"rendered":"SAVERO HT2"},"content":{"rendered":"<p>Le Savero HT2 est un pneu toute saison haut de gamme de qualit\u00e9 autoroute pour camionnettes et VUS affichant une conception de semelle sup\u00e9rieure et procurant une tenue de route et une ma\u00eetrise sans pr\u00e9c\u00e9dent sur chauss\u00e9e humide et s\u00e8che, ce qui se traduit par une conduite confortable et silencieuse.<\/p>\n","protected":false},"excerpt":{"rendered":"<p>Le Savero HT2 est un pneu toute saison haut de gamme de qualit\u00e9 autoroute pour camionnettes et VUS affichant une conception de semelle sup\u00e9rieure et procurant une tenue de route et une ma\u00eetrise sans pr\u00e9c\u00e9dent sur chauss\u00e9e humide et s\u00e8che, ce qui se traduit par une conduite confortable et silencieuse.<\/p>\n","protected":false},"featured_media":1251,"comment_status":"open","ping_status":"closed","template":"","meta":[],"product_brand":[],"product_cat":[248],"product_tag":[],"class_list":{"0":"post-657","1":"product","2":"type-product","3":"status-publish","4":"has-post-thumbnail","6":"product_cat-suv-light-truck","7":"vehiclewidth-51","8":"vehiclewidth-60","9":"vehiclewidth-121","10":"vehiclewidth-130","11":"vehiclewidth-335","12":"vehiclewidth-317","13":"vehiclewidth-30x9","14":"vehiclewidth-31x10","15":"vehiclewidth-lt215","16":"vehiclewidth-lt225","17":"vehiclewidth-lt235","18":"vehiclewidth-lt245","19":"vehiclewidth-lt265","20":"vehiclewidth-lt275","21":"vehiclewidth-lt285","22":"vehiclewidth-p215","23":"vehiclewidth-p225","24":"vehiclewidth-p235","25":"vehiclewidth-p245","26":"vehiclewidth-p255","27":"vehiclewidth-p265","28":"vehiclewidth-p275","29":"vehicletiresize-225-65r17","30":"vehicletiresize-225-70r16","31":"vehicletiresize-235-60r18","32":"vehicletiresize-235-65r17","33":"vehicletiresize-235-65r18","34":"vehicletiresize-245-60r18","35":"vehicletiresize-245-70r17","36":"vehicletiresize-245-75r16","37":"vehicletiresize-255-50r20","38":"vehicletiresize-255-55r18","39":"vehicletiresize-255-55r20","40":"vehicletiresize-255-65r16","41":"vehicletiresize-255-70r16","42":"vehicletiresize-275-45r20","43":"vehicletiresize-275-70r16","44":"vehicletiresize-285-50r20","45":"vehicletiresize-30x9-50r15lt","46":"vehicletiresize-31x10-50r15lt","47":"vehicletiresize-lt215-85r16","48":"vehicletiresize-lt225-75r16","49":"vehicletiresize-lt235-75r15","50":"vehicletiresize-lt235-80r17","51":"vehicletiresize-lt235-85r16","52":"vehicletiresize-lt245-70r17","53":"vehicletiresize-lt245-75r16","54":"vehicletiresize-lt245-75r17","55":"vehicletiresize-lt265-70r17","56":"vehicletiresize-lt265-75r16","57":"vehicletiresize-lt275-65r18","58":"vehicletiresize-lt275-70r18","59":"vehicletiresize-lt285-75r16","60":"vehicletiresize-p215-70r15","61":"vehicletiresize-p215-70r16","62":"vehicletiresize-p225-70r16","63":"vehicletiresize-p225-75r16","64":"vehicletiresize-p235-65r17","65":"vehicletiresize-p235-65r18","66":"vehicletiresize-p235-70r16","67":"vehicletiresize-p235-70r17","68":"vehicletiresize-p235-75r15","69":"vehicletiresize-p235-75r16","70":"vehicletiresize-p235-75r17","71":"vehicletiresize-p245-50r20","72":"vehicletiresize-p245-55r19","73":"vehicletiresize-p245-60r18","74":"vehicletiresize-p245-65r17","75":"vehicletiresize-p245-70r16","76":"vehicletiresize-p245-70r17","77":"vehicletiresize-p245-75r16","78":"vehicletiresize-p255-55r20","79":"vehicletiresize-p255-65r16","80":"vehicletiresize-p255-65r17","81":"vehicletiresize-p255-65r18","82":"vehicletiresize-p255-70r16","83":"vehicletiresize-p255-70r17","84":"vehicletiresize-p255-70r18","85":"vehicletiresize-p265-60r18","86":"vehicletiresize-p265-65r17","87":"vehicletiresize-p265-65r18","88":"vehicletiresize-p265-70r16","89":"vehicletiresize-p265-70r17","90":"vehicletiresize-p265-70r18","91":"vehicletiresize-p265-75r16","92":"vehicletiresize-p275-55r20","93":"vehicletiresize-p275-60r17","94":"vehicletiresize-p275-60r20","95":"vehicletiresize-p275-65r17","96":"vehicletiresize-p275-65r18","97":"vehicleaspectratio-45-275","98":"vehicleaspectratio-50-245","99":"vehicleaspectratio-50-285","100":"vehicleaspectratio-50-255","101":"vehicleaspectratio-50-30x9","102":"vehicleaspectratio-71","103":"vehicleaspectratio-50-31x10","104":"vehicleaspectratio-50-p245","105":"vehicleaspectratio-55-p255","106":"vehicleaspectratio-55-p245","107":"vehicleaspectratio-55-245","108":"vehicleaspectratio-55-275","109":"vehicleaspectratio-55-255","110":"vehicleaspectratio-55-p275","111":"vehicleaspectratio-60-265","112":"vehicleaspectratio-60-p245","113":"vehicleaspectratio-60-245","114":"vehicleaspectratio-60-275","115":"vehicleaspectratio-60-235","116":"vehicleaspectratio-60-p265","117":"vehicleaspectratio-60-p275","118":"vehicleaspectratio-65-lt275","119":"vehicleaspectratio-65-225","120":"vehicleaspectratio-65-p275","121":"vehicleaspectratio-65-p255","122":"vehicleaspectratio-65-p235","123":"vehicleaspectratio-65-265","124":"vehicleaspectratio-65-p245","125":"vehicleaspectratio-65-245","126":"vehicleaspectratio-65-275","127":"vehicleaspectratio-65-255","128":"vehicleaspectratio-65-235","129":"vehicleaspectratio-65-p265","130":"vehicleaspectratio-70-235","131":"vehicleaspectratio-70-lt245","132":"vehicleaspectratio-70-p265","133":"vehicleaspectratio-70-lt275","134":"vehicleaspectratio-70-225","135":"vehicleaspectratio-70-p255","136":"vehicleaspectratio-70-p235","137":"vehicleaspectratio-70-lt265","138":"vehicleaspectratio-70-215","139":"vehicleaspectratio-70-265","140":"vehicleaspectratio-70-p215","141":"vehicleaspectratio-70-p245","142":"vehicleaspectratio-70-245","143":"vehicleaspectratio-70-p225","144":"vehicleaspectratio-70-275","145":"vehicleaspectratio-70-255","146":"vehicleaspectratio-75-245","147":"vehicleaspectratio-75-p225","148":"vehicleaspectratio-75-lt225","149":"vehicleaspectratio-75-235","150":"vehicleaspectratio-75-lt245","151":"vehicleaspectratio-75-285","152":"vehicleaspectratio-75-p265","153":"vehicleaspectratio-75-lt285","154":"vehicleaspectratio-75-225","155":"vehicleaspectratio-75-lt235","156":"vehicleaspectratio-75-p235","157":"vehicleaspectratio-75-lt265","158":"vehicleaspectratio-75-265","159":"vehicleaspectratio-80-235","160":"vehicleaspectratio-80-lt235","161":"vehicleaspectratio-85-lt215","162":"vehicleaspectratio-85-235","163":"vehicleaspectratio-85-215","164":"vehicleaspectratio-85-lt235","165":"vehiclerim-15-75-lt235","166":"vehiclerim-15-10-50-31","167":"vehiclerim-15-75-p235","168":"vehiclerim-15-9-50-30","169":"vehiclerim-15-70-p215","170":"vehiclerim-15-70-215","171":"vehiclerim-15lt","172":"vehiclerim-15lt-50-31x10","173":"vehiclerim-16-70-p265","174":"vehiclerim-16-85-235","175":"vehiclerim-16-70-p215","176":"vehiclerim-16-70-265","177":"vehiclerim-16-75-lt285","178":"vehiclerim-16-70-215","179":"vehiclerim-16-75-245","180":"vehiclerim-16-75-p265","181":"vehiclerim-16-85-lt215","182":"vehiclerim-16-70-p225","183":"vehiclerim-16-75-p225","184":"vehiclerim-16-70-225","185":"vehiclerim-16-65-p255","186":"vehiclerim-16-70-p255","187":"vehiclerim-16-70-255","188":"vehiclerim-16-75-lt245","189":"vehiclerim-16-85-lt235","190":"vehiclerim-16-70-p235","191":"vehiclerim-16-70-235","192":"vehiclerim-16-75-265","193":"vehiclerim-16-75-235","194":"vehiclerim-16-70-275","195":"vehiclerim-16-75-p235","196":"vehiclerim-16-75-285","197":"vehiclerim-16-85-215","198":"vehiclerim-16-75-lt265","199":"vehiclerim-16-70-p245","200":"vehiclerim-16-65-255","201":"vehiclerim-16-70-245","202":"vehiclerim-16-75-lt225","203":"vehiclerim-17-65-p265","204":"vehiclerim-17-65-275","205":"vehiclerim-17-65-225","206":"vehiclerim-17-65-p245","207":"vehiclerim-17-70-p245","208":"vehiclerim-17-65-255","209":"vehiclerim-17-70-lt245","210":"vehiclerim-17-70-245","211":"vehiclerim-17-70-p265","212":"vehiclerim-17-65-235","213":"vehiclerim-17-70-265","214":"vehiclerim-17-75-245","215":"vehiclerim-17-80-235","216":"vehiclerim-17-70-lt265","217":"vehiclerim-17-65-p275","218":"vehiclerim-17-65-p255","219":"vehiclerim-17-70-p255","220":"vehiclerim-17-80-lt235","221":"vehiclerim-17-65-265","222":"vehiclerim-17-60-p275","223":"vehiclerim-17-70-255","224":"vehiclerim-17-75-lt245","225":"vehiclerim-17-65-p235","226":"vehiclerim-17-70-p235","227":"vehiclerim-17-65-245","228":"vehiclerim-17-70-235","229":"vehiclerim-17-75-235","230":"vehiclerim-17-75-p235","231":"vehiclerim-18-55-255","232":"vehiclerim-18-60-p245","233":"vehiclerim-18-65-p265","234":"vehiclerim-18-65-275","235":"vehiclerim-18-60-235","236":"vehiclerim-18-65-255","237":"vehiclerim-18-60-p265","238":"vehiclerim-18-70-p265","239":"vehiclerim-18-65-lt275","240":"vehiclerim-18-65-235","241":"vehiclerim-18-70-265","242":"vehiclerim-18-60-245","243":"vehiclerim-18-70-lt275","244":"vehiclerim-18-65-p275","245":"vehiclerim-18-60-265","246":"vehiclerim-18-65-p255","247":"vehiclerim-18-70-p255","248":"vehiclerim-18-65-265","249":"vehiclerim-18-70-255","250":"vehiclerim-18-65-p235","251":"vehiclerim-18-70-275","252":"vehiclerim-19-55-245","253":"vehiclerim-19-55-p245","254":"vehiclerim-20-55-p275","255":"vehiclerim-20-50-285","256":"vehiclerim-20-55-255","257":"vehiclerim-20-55-275","258":"vehiclerim-20-45-275","259":"vehiclerim-33","260":"vehiclerim-20-50-245","261":"vehiclerim-20-50-p245","262":"vehiclerim-20-60-p275","263":"vehiclerim-20-55-p255","264":"vehiclerim-20-50-255","265":"vehiclerim-20-60-275","267":"first","268":"instock","269":"shipping-taxable","270":"product-type-simple"},"_links":{"self":[{"href":"https:\/\/gtradial.ca\/\/\/fr\/wp-json\/wp\/v2\/product\/657","targetHints":{"allow":["GET"]}}],"collection":[{"href":"https:\/\/gtradial.ca\/\/\/fr\/wp-json\/wp\/v2\/product"}],"about":[{"href":"https:\/\/gtradial.ca\/\/\/fr\/wp-json\/wp\/v2\/types\/product"}],"replies":[{"embeddable":true,"href":"https:\/\/gtradial.ca\/\/\/fr\/wp-json\/wp\/v2\/comments?post=657"}],"wp:featuredmedia":[{"embeddable":true,"href":"https:\/\/gtradial.ca\/\/\/fr\/wp-json\/wp\/v2\/media\/1251"}],"wp:attachment":[{"href":"https:\/\/gtradial.ca\/\/\/fr\/wp-json\/wp\/v2\/media?parent=657"}],"wp:term":[{"taxonomy":"product_brand","embeddable":true,"href":"https:\/\/gtradial.ca\/\/\/fr\/wp-json\/wp\/v2\/product_brand?post=657"},{"taxonomy":"product_cat","embeddable":true,"href":"https:\/\/gtradial.ca\/\/\/fr\/wp-json\/wp\/v2\/product_cat?post=657"},{"taxonomy":"product_tag","embeddable":true,"href":"https:\/\/gtradial.ca\/\/\/fr\/wp-json\/wp\/v2\/product_tag?post=657"}],"curies":[{"name":"wp","href":"https:\/\/api.w.org\/{rel}","templated":true}]}}