{"id":651,"date":"2020-03-03T12:45:48","date_gmt":"2020-03-03T12:45:48","guid":{"rendered":"https:\/\/webhedzwordpress.com\/GT\/?post_type=product&#038;p=651"},"modified":"2020-08-07T03:30:14","modified_gmt":"2020-08-07T03:30:14","slug":"savero-suv","status":"publish","type":"product","link":"https:\/\/gtradial.ca\/\/\/fr\/product\/savero-suv\/","title":{"rendered":"SAVERO SUV"},"content":{"rendered":"<p>Le pneu Savero VUS est un pneu de performance sym\u00e9trique con\u00e7u pour les VUS interm\u00e9diaires et multisegments. Il procure la tenue de route sup\u00e9rieure sur chauss\u00e9es mouill\u00e9es et s\u00e8ches d\u2019un pneu d\u2019\u00e9t\u00e9, tout en assurant un roulement silencieux et confortable, et une faible r\u00e9sistance au roulement.<\/p>\n","protected":false},"excerpt":{"rendered":"<p>Le pneu Savero VUS est un pneu de performance sym\u00e9trique con\u00e7u pour les VUS interm\u00e9diaires et multisegments. Il procure la tenue de route sup\u00e9rieure sur chauss\u00e9es mouill\u00e9es et s\u00e8ches d\u2019un pneu d\u2019\u00e9t\u00e9, tout en assurant un roulement silencieux et confortable, et une faible r\u00e9sistance au roulement.<\/p>\n","protected":false},"featured_media":1248,"comment_status":"open","ping_status":"closed","template":"","meta":[],"product_brand":[],"product_cat":[248],"product_tag":[],"class_list":{"0":"post-651","1":"product","2":"type-product","3":"status-publish","4":"has-post-thumbnail","6":"product_cat-suv-light-truck","7":"vehiclewidth-36","8":"vehiclewidth-42","9":"vehiclewidth-51","10":"vehiclewidth-60","11":"vehiclewidth-121","12":"vehiclewidth-130","13":"vehiclewidth-149","14":"vehiclewidth-335","15":"vehiclewidth-317","16":"vehicletiresize-205-70r15","17":"vehicletiresize-215-55r17","18":"vehicletiresize-215-55r18","19":"vehicletiresize-215-60r16","20":"vehicletiresize-215-60r17","21":"vehicletiresize-215-65r16","22":"vehicletiresize-215-70r15","23":"vehicletiresize-215-70r16","24":"vehicletiresize-225-60r17","25":"vehicletiresize-225-60r18","26":"vehicletiresize-225-65r17","27":"vehicletiresize-225-65r18","28":"vehicletiresize-225-70r16","29":"vehicletiresize-235-55r17","30":"vehicletiresize-235-55r18","31":"vehicletiresize-235-60r16","32":"vehicletiresize-235-60r18","33":"vehicletiresize-235-65r17","34":"vehicletiresize-235-65r18","35":"vehicletiresize-235-70r16","36":"vehicletiresize-245-50r20","37":"vehicletiresize-245-65r17","38":"vehicletiresize-245-70r16","39":"vehicletiresize-255-60r17","40":"vehicletiresize-255-65r16","41":"vehicletiresize-265-50r20","42":"vehicletiresize-265-60r18","43":"vehicletiresize-265-65r17","44":"vehicletiresize-265-70r15","45":"vehicletiresize-265-70r16","46":"vehicletiresize-275-70r16","47":"vehicletiresize-285-50r20","48":"vehicletiresize-285-60r18","49":"vehicleaspectratio-50-245","50":"vehicleaspectratio-50-265","51":"vehicleaspectratio-50-285","52":"vehicleaspectratio-55-235","53":"vehicleaspectratio-55-225","54":"vehicleaspectratio-55-215","55":"vehicleaspectratio-60-255","56":"vehicleaspectratio-60-265","57":"vehicleaspectratio-60-235","58":"vehicleaspectratio-60-285","59":"vehicleaspectratio-60-225","60":"vehicleaspectratio-60-215","61":"vehicleaspectratio-65-225","62":"vehicleaspectratio-65-215","63":"vehicleaspectratio-65-255","64":"vehicleaspectratio-74","65":"vehicleaspectratio-65-245","66":"vehicleaspectratio-65-265","67":"vehicleaspectratio-65-235","68":"vehicleaspectratio-70-265","69":"vehicleaspectratio-70-235","70":"vehicleaspectratio-70-225","71":"vehicleaspectratio-70-275","72":"vehicleaspectratio-70-215","73":"vehicleaspectratio-70-205","74":"vehicleaspectratio-70-245","75":"vehiclerim-15-70-205","76":"vehiclerim-15-70-215","77":"vehiclerim-15-70-265","78":"vehiclerim-16-70-275","79":"vehiclerim-16-70-235","80":"vehiclerim-16-70-245","81":"vehiclerim-16-60-235","82":"vehiclerim-16-65-215","83":"vehiclerim-16-60-215","84":"vehiclerim-23","85":"vehiclerim-16-70-215","86":"vehiclerim-16-70-265","87":"vehiclerim-16-65-255","88":"vehiclerim-16-70-225","89":"vehiclerim-17-65-265","90":"vehiclerim-17-55-235","91":"vehiclerim-17-65-235","92":"vehiclerim-17-65-245","93":"vehiclerim-17-55-215","94":"vehiclerim-17-65-225","95":"vehiclerim-17-60-215","96":"vehiclerim-17-60-255","97":"vehiclerim-17-60-225","98":"vehiclerim-18-60-265","99":"vehiclerim-18-60-225","100":"vehiclerim-18-60-285","101":"vehiclerim-18-55-235","102":"vehiclerim-18-65-235","103":"vehiclerim-18-60-235","104":"vehiclerim-18-55-215","105":"vehiclerim-18-65-225","106":"vehiclerim-20-50-245","107":"vehiclerim-20-50-265","108":"vehiclerim-20-50-285","110":"first","111":"instock","112":"shipping-taxable","113":"product-type-simple"},"_links":{"self":[{"href":"https:\/\/gtradial.ca\/\/\/fr\/wp-json\/wp\/v2\/product\/651","targetHints":{"allow":["GET"]}}],"collection":[{"href":"https:\/\/gtradial.ca\/\/\/fr\/wp-json\/wp\/v2\/product"}],"about":[{"href":"https:\/\/gtradial.ca\/\/\/fr\/wp-json\/wp\/v2\/types\/product"}],"replies":[{"embeddable":true,"href":"https:\/\/gtradial.ca\/\/\/fr\/wp-json\/wp\/v2\/comments?post=651"}],"wp:featuredmedia":[{"embeddable":true,"href":"https:\/\/gtradial.ca\/\/\/fr\/wp-json\/wp\/v2\/media\/1248"}],"wp:attachment":[{"href":"https:\/\/gtradial.ca\/\/\/fr\/wp-json\/wp\/v2\/media?parent=651"}],"wp:term":[{"taxonomy":"product_brand","embeddable":true,"href":"https:\/\/gtradial.ca\/\/\/fr\/wp-json\/wp\/v2\/product_brand?post=651"},{"taxonomy":"product_cat","embeddable":true,"href":"https:\/\/gtradial.ca\/\/\/fr\/wp-json\/wp\/v2\/product_cat?post=651"},{"taxonomy":"product_tag","embeddable":true,"href":"https:\/\/gtradial.ca\/\/\/fr\/wp-json\/wp\/v2\/product_tag?post=651"}],"curies":[{"name":"wp","href":"https:\/\/api.w.org\/{rel}","templated":true}]}}