{"id":595,"date":"2020-02-26T09:41:29","date_gmt":"2020-02-26T09:41:29","guid":{"rendered":"https:\/\/webhedzwordpress.com\/GT\/?post_type=product&#038;p=595"},"modified":"2020-08-07T11:31:35","modified_gmt":"2020-08-07T11:31:35","slug":"champiro-sx2","status":"publish","type":"product","link":"https:\/\/gtradial.ca\/\/\/fr\/product\/champiro-sx2\/","title":{"rendered":"CHAMPIRO SX2"},"content":{"rendered":"<p>Le pneu Champiro SX2 est un pneu d\u2019\u00e9t\u00e9 haute performance con\u00e7u pour les amateurs \u00e0 la recherche d\u2019une adh\u00e9rence optimale et d\u2019une tenue de route exceptionnelle sur chauss\u00e9e mouill\u00e9e ou s\u00e8che. Gr\u00e2ce \u00e0 une conception de semelle tr\u00e8s agressive et \u00e0 un compos\u00e9 \u00e0 adh\u00e9rence accrue, le pneu Champiro SX2 convient \u00e0 la piste et aux routes.<\/p>\n","protected":false},"excerpt":{"rendered":"<p>Le pneu Champiro SX2 est un pneu d\u2019\u00e9t\u00e9 haute performance con\u00e7u pour les amateurs \u00e0 la recherche d\u2019une adh\u00e9rence optimale et d\u2019une tenue de route exceptionnelle sur chauss\u00e9e mouill\u00e9e ou s\u00e8che. Gr\u00e2ce \u00e0 une conception de semelle tr\u00e8s agressive et \u00e0 un compos\u00e9 \u00e0 adh\u00e9rence accrue, le pneu Champiro SX2 convient \u00e0 la piste et [&hellip;]<\/p>\n","protected":false},"featured_media":1366,"comment_status":"open","ping_status":"closed","template":"","meta":[],"product_brand":[],"product_cat":[157],"product_tag":[],"class_list":{"0":"post-595","1":"product","2":"type-product","3":"status-publish","4":"has-post-thumbnail","6":"product_cat-sports-performance","7":"vehiclewidth-30","8":"vehiclewidth-36","9":"vehiclewidth-42","10":"vehiclewidth-51","11":"vehiclewidth-60","12":"vehiclewidth-121","13":"vehiclewidth-149","14":"vehicletiresize-195-50r15","15":"vehicletiresize-195-50zr15","16":"vehicletiresize-195-55r15","17":"vehicletiresize-205-50r16","18":"vehicletiresize-215-40zr17","19":"vehicletiresize-215-45r17","20":"vehicletiresize-215-45zr17","21":"vehicletiresize-225-45r17","22":"vehicletiresize-225-45zr17","23":"vehicletiresize-225-50r16","24":"vehicletiresize-235-40r17","25":"vehicletiresize-235-40r18","26":"vehicletiresize-235-40zr17","27":"vehicletiresize-235-40zr18","28":"vehicletiresize-235-45r17","29":"vehicletiresize-235-45zr17","30":"vehicletiresize-235-45zr18","31":"vehicletiresize-235-50r17","32":"vehicletiresize-235-50zr17","33":"vehicletiresize-245-40r17","34":"vehicletiresize-245-40zr17","35":"vehicletiresize-245-40zr18","36":"vehicletiresize-265-35r18","37":"vehicletiresize-265-35zr18","38":"vehicleaspectratio-35-265","39":"vehicleaspectratio-152","40":"vehicleaspectratio-35z-265","41":"vehicleaspectratio-40-215","42":"vehicleaspectratio-40-245","43":"vehicleaspectratio-153","44":"vehicleaspectratio-40-235","45":"vehicleaspectratio-40z-235","46":"vehicleaspectratio-40z-215","47":"vehicleaspectratio-40z-245","48":"vehicleaspectratio-154","49":"vehicleaspectratio-45-225","50":"vehicleaspectratio-45-235","51":"vehicleaspectratio-45-215","52":"vehicleaspectratio-45z-215","53":"vehicleaspectratio-45z-225","54":"vehicleaspectratio-45z-235","55":"vehicleaspectratio-50-205","56":"vehicleaspectratio-50-195","57":"vehicleaspectratio-50-225","58":"vehicleaspectratio-71","59":"vehicleaspectratio-50z","60":"vehicleaspectratio-55-195","61":"vehiclerim-15-50-195","62":"vehiclerim-15-55-195","63":"vehiclerim-15-50z-195","64":"vehiclerim-22","65":"vehiclerim-16-50-205","66":"vehiclerim-16-50-225","67":"vehiclerim-16-50-235","68":"vehiclerim-17-40-215","69":"vehiclerim-17-45z","70":"vehiclerim-17-40z-245","71":"vehiclerim-24","72":"vehiclerim-17-45-215","73":"vehiclerim-17-40-235","74":"vehiclerim-17-45z-235","75":"vehiclerim-17-45-225","76":"vehiclerim-17-45z-215","77":"vehiclerim-17-40z-215","78":"vehiclerim-17-45-235","79":"vehiclerim-17-40-245","80":"vehiclerim-17-45z-225","81":"vehiclerim-17-40z-235","82":"vehiclerim-17-45-245","83":"vehiclerim-18-40z-235","84":"vehiclerim-18-40z-245","85":"vehiclerim-27","86":"vehiclerim-18-40-235","87":"vehiclerim-18-35-265","88":"vehiclerim-18-35z-265","89":"vehiclerim-18-40-245","91":"first","92":"instock","93":"shipping-taxable","94":"product-type-simple"},"_links":{"self":[{"href":"https:\/\/gtradial.ca\/\/\/fr\/wp-json\/wp\/v2\/product\/595","targetHints":{"allow":["GET"]}}],"collection":[{"href":"https:\/\/gtradial.ca\/\/\/fr\/wp-json\/wp\/v2\/product"}],"about":[{"href":"https:\/\/gtradial.ca\/\/\/fr\/wp-json\/wp\/v2\/types\/product"}],"replies":[{"embeddable":true,"href":"https:\/\/gtradial.ca\/\/\/fr\/wp-json\/wp\/v2\/comments?post=595"}],"wp:featuredmedia":[{"embeddable":true,"href":"https:\/\/gtradial.ca\/\/\/fr\/wp-json\/wp\/v2\/media\/1366"}],"wp:attachment":[{"href":"https:\/\/gtradial.ca\/\/\/fr\/wp-json\/wp\/v2\/media?parent=595"}],"wp:term":[{"taxonomy":"product_brand","embeddable":true,"href":"https:\/\/gtradial.ca\/\/\/fr\/wp-json\/wp\/v2\/product_brand?post=595"},{"taxonomy":"product_cat","embeddable":true,"href":"https:\/\/gtradial.ca\/\/\/fr\/wp-json\/wp\/v2\/product_cat?post=595"},{"taxonomy":"product_tag","embeddable":true,"href":"https:\/\/gtradial.ca\/\/\/fr\/wp-json\/wp\/v2\/product_tag?post=595"}],"curies":[{"name":"wp","href":"https:\/\/api.w.org\/{rel}","templated":true}]}}