{"id":589,"date":"2020-02-21T13:09:37","date_gmt":"2020-02-21T13:09:37","guid":{"rendered":"https:\/\/webhedzwordpress.com\/GT\/?post_type=product&#038;p=589"},"modified":"2022-01-14T14:23:29","modified_gmt":"2022-01-14T14:23:29","slug":"maxtour-all-season","status":"publish","type":"product","link":"https:\/\/gtradial.ca\/\/\/fr\/product\/maxtour-all-season\/","title":{"rendered":"MAXTOUR All Season"},"content":{"rendered":"<p>Le pneu Maxtour All Season est un pneu de tourisme de premi\u00e8re qualit\u00e9 offrant une dur\u00e9e utile exceptionnelle, un rendement quatre saisons am\u00e9lior\u00e9 et une conduite silencieuse et confortable. Prot\u00e9g\u00e9s par une garantie de 100 000 km, les pneus Maxtour All Season vous permettent de rouler en toute qui\u00e9tude.<\/p>\n","protected":false},"excerpt":{"rendered":"<p>Le pneu Maxtour All Season est un pneu de tourisme de premi\u00e8re qualit\u00e9 offrant une dur\u00e9e utile exceptionnelle, un rendement quatre saisons am\u00e9lior\u00e9 et une conduite silencieuse et confortable. Prot\u00e9g\u00e9s par une garantie de 100 000 km, les pneus Maxtour All Season vous permettent de rouler en toute qui\u00e9tude.<\/p>\n","protected":false},"featured_media":1277,"comment_status":"open","ping_status":"closed","template":"","meta":[],"product_brand":[],"product_cat":[85],"product_tag":[],"class_list":{"0":"post-589","1":"product","2":"type-product","3":"status-publish","4":"has-post-thumbnail","6":"product_cat-passenger","7":"vehicleyear-213","8":"vehicleyear-35","9":"vehiclemake-mazda","10":"vehiclemake-mercedes","11":"vehiclemodel-630i","12":"vehiclemodel-x3","13":"vehicleoptions-coupe-front","14":"vehiclewidth-25","15":"vehiclewidth-28","16":"vehiclewidth-30","17":"vehiclewidth-36","18":"vehiclewidth-42","19":"vehiclewidth-51","20":"vehiclewidth-60","21":"vehicletiresize-175-65r14","22":"vehicletiresize-175-65r15","23":"vehicletiresize-175-70r13","24":"vehicletiresize-175-70r14","25":"vehicletiresize-185-60r14","26":"vehicletiresize-185-60r15","27":"vehicletiresize-185-65-r14","28":"vehicletiresize-185-65r14","29":"vehicletiresize-185-65r15","30":"vehicletiresize-185-70r14","31":"vehicletiresize-185-75r14","32":"vehicletiresize-195-60r14","33":"vehicletiresize-195-60r15","34":"vehicletiresize-195-65r15","35":"vehicletiresize-195-70r14","36":"vehicletiresize-195-75r14","37":"vehicletiresize-205-55r16","38":"vehicletiresize-205-60r15","39":"vehicletiresize-205-60r16","40":"vehicletiresize-205-65r15","41":"vehicletiresize-205-65r16","42":"vehicletiresize-205-70r14","43":"vehicletiresize-205-70r15","44":"vehicletiresize-205-75r14","45":"vehicletiresize-205-75r15","46":"vehicletiresize-215-55r16","47":"vehicletiresize-215-60r15","48":"vehicletiresize-215-60r16","49":"vehicletiresize-215-65r15","50":"vehicletiresize-215-65r16","51":"vehicletiresize-215-70r15","52":"vehicletiresize-215-75r15","53":"vehicletiresize-225-60r16","54":"vehicletiresize-225-65r16","55":"vehicletiresize-225-70r15","56":"vehicletiresize-225-75r15","57":"vehicletiresize-235-60r16","58":"vehicletiresize-235-65r16","59":"vehicleaspectratio-55-205","60":"vehicleaspectratio-55-215","61":"vehicleaspectratio-60-235","62":"vehicleaspectratio-60-195","63":"vehicleaspectratio-60-225","64":"vehicleaspectratio-60-205","65":"vehicleaspectratio-60-185","66":"vehicleaspectratio-60-215","67":"vehicleaspectratio-73","68":"vehicleaspectratio-65-175","69":"vehicleaspectratio-65-235","70":"vehicleaspectratio-65-195","71":"vehicleaspectratio-65-225","72":"vehicleaspectratio-65-205","73":"vehicleaspectratio-65-185","74":"vehicleaspectratio-65-215","75":"vehicleaspectratio-74","76":"vehicleaspectratio-70-205","77":"vehicleaspectratio-70-185","78":"vehicleaspectratio-70-215","79":"vehicleaspectratio-75","80":"vehicleaspectratio-70-175","81":"vehicleaspectratio-70-195","82":"vehicleaspectratio-70-225","83":"vehicleaspectratio-75-195","84":"vehicleaspectratio-75-225","85":"vehicleaspectratio-75-205","86":"vehicleaspectratio-75-185","87":"vehicleaspectratio-75-215","88":"vehicleaspectratio-224","89":"vehiclerim-13-70-175","90":"vehiclerim-201","91":"vehiclerim-14-75-205","92":"vehiclerim-14-70-175","93":"vehiclerim-14-60-185","94":"vehiclerim-14-70-185","95":"vehiclerim-14-65-175","96":"vehiclerim-14-70-195","97":"vehiclerim-14-75-185","98":"vehiclerim-14-60-195","99":"vehiclerim-14-70-205","100":"vehiclerim-20","101":"vehiclerim-14-75-195","102":"vehiclerim-14-65-185","103":"vehiclerim-15-65-215","104":"vehiclerim-22","105":"vehiclerim-15-65-185","106":"vehiclerim-15-60-205","107":"vehiclerim-15-70-215","108":"vehiclerim-15-75-205","109":"vehiclerim-15-65-195","110":"vehiclerim-15-70-225","111":"vehiclerim-15-75-215","112":"vehiclerim-15-60-185","113":"vehiclerim-15-65-205","114":"vehiclerim-15-60-215","115":"vehiclerim-15-65-175","116":"vehiclerim-15-75-225","117":"vehiclerim-15-60-195","118":"vehiclerim-15-70-205","119":"vehiclerim-16-60-225","120":"vehiclerim-16-55-215","121":"vehiclerim-16-65-215","122":"vehiclerim-16-60-235","123":"vehiclerim-23","124":"vehiclerim-16-60-205","125":"vehiclerim-16-65-225","126":"vehiclerim-16-65-235","127":"vehiclerim-16-65-205","128":"vehiclerim-16-60-215","129":"vehiclerim-16-55-205","131":"first","132":"instock","133":"shipping-taxable","134":"product-type-simple"},"_links":{"self":[{"href":"https:\/\/gtradial.ca\/\/\/fr\/wp-json\/wp\/v2\/product\/589","targetHints":{"allow":["GET"]}}],"collection":[{"href":"https:\/\/gtradial.ca\/\/\/fr\/wp-json\/wp\/v2\/product"}],"about":[{"href":"https:\/\/gtradial.ca\/\/\/fr\/wp-json\/wp\/v2\/types\/product"}],"replies":[{"embeddable":true,"href":"https:\/\/gtradial.ca\/\/\/fr\/wp-json\/wp\/v2\/comments?post=589"}],"wp:featuredmedia":[{"embeddable":true,"href":"https:\/\/gtradial.ca\/\/\/fr\/wp-json\/wp\/v2\/media\/1277"}],"wp:attachment":[{"href":"https:\/\/gtradial.ca\/\/\/fr\/wp-json\/wp\/v2\/media?parent=589"}],"wp:term":[{"taxonomy":"product_brand","embeddable":true,"href":"https:\/\/gtradial.ca\/\/\/fr\/wp-json\/wp\/v2\/product_brand?post=589"},{"taxonomy":"product_cat","embeddable":true,"href":"https:\/\/gtradial.ca\/\/\/fr\/wp-json\/wp\/v2\/product_cat?post=589"},{"taxonomy":"product_tag","embeddable":true,"href":"https:\/\/gtradial.ca\/\/\/fr\/wp-json\/wp\/v2\/product_tag?post=589"}],"curies":[{"name":"wp","href":"https:\/\/api.w.org\/{rel}","templated":true}]}}