{"id":587,"date":"2020-02-21T13:00:27","date_gmt":"2020-02-21T13:00:27","guid":{"rendered":"https:\/\/webhedzwordpress.com\/GT\/?post_type=product&#038;p=587"},"modified":"2022-01-14T14:25:16","modified_gmt":"2022-01-14T14:25:16","slug":"maxtour-lx","status":"publish","type":"product","link":"https:\/\/gtradial.ca\/\/\/fr\/product\/maxtour-lx\/","title":{"rendered":"MAXTOUR LX"},"content":{"rendered":"<p>Le nouveau pneu Maxtour LX offre un confort de conduite optimal et une performance quatre saisons avec une garantie de 115 000 km (ou 70 000 miles) sur la vie utile de la bande de roulement. Avec des options pour les v\u00e9hicules passagers et les VUS les plus populaires, le pneu Maxtour LX est dot\u00e9 de lamelles pleines profondeur pour une excellente traction sur les chauss\u00e9es mouill\u00e9es et l\u00e9g\u00e8rement enneig\u00e9es. Prenez le volant l\u2019esprit tranquille gr\u00e2ce \u00e0 une mod\u00e9lisation avec une sculpture \u00e0 pas variables pour limiter les bruits de roulement pendant toute la dur\u00e9e de vie du pneu.<\/p>\n","protected":false},"excerpt":{"rendered":"<p>Le nouveau pneu Maxtour LX offre un confort de conduite optimal et une performance quatre saisons avec une garantie de 115 000 km (ou 70 000 miles) sur la vie utile de la bande de roulement. Avec des options pour les v\u00e9hicules passagers et les VUS les plus populaires, le pneu Maxtour LX est dot\u00e9 [&hellip;]<\/p>\n","protected":false},"featured_media":1275,"comment_status":"open","ping_status":"closed","template":"","meta":[],"product_brand":[],"product_cat":[85],"product_tag":[],"class_list":{"0":"post-587","1":"product","2":"type-product","3":"status-publish","4":"has-post-thumbnail","6":"product_cat-passenger","7":"vehicleyear-89","8":"vehiclemake-acura","9":"vehiclemodel-i20","10":"vehiclemodel-x9","11":"vehicleoptions-coupe","12":"vehiclewidth-28","13":"vehiclewidth-30","14":"vehiclewidth-36","15":"vehiclewidth-42","16":"vehiclewidth-51","17":"vehiclewidth-60","18":"vehiclewidth-121","19":"vehicletiresize-185-60r15","20":"vehicletiresize-195-55r16","21":"vehicletiresize-205-50r17","22":"vehicletiresize-205-55r16","23":"vehicletiresize-205-60r16","24":"vehicletiresize-205-65r16","25":"vehicletiresize-215-45r17","26":"vehicletiresize-215-50r17","27":"vehicletiresize-215-55r16","28":"vehicletiresize-215-55r17","29":"vehicletiresize-215-60r16","30":"vehicletiresize-215-60r17","31":"vehicletiresize-215-65r16","32":"vehicletiresize-215-65r17","33":"vehicletiresize-225-45r17","34":"vehicletiresize-225-45r18","35":"vehicletiresize-225-50r17","36":"vehicletiresize-225-50r18","37":"vehicletiresize-225-55r17","38":"vehicletiresize-225-55r18","39":"vehicletiresize-225-55r19","40":"vehicletiresize-225-60r16","41":"vehicletiresize-225-60r17","42":"vehicletiresize-225-60r18","43":"vehicletiresize-225-65r16","44":"vehicletiresize-225-65r17","45":"vehicletiresize-235-45r18","46":"vehicletiresize-235-50r17","47":"vehicletiresize-235-50r18","48":"vehicletiresize-235-55r17","49":"vehicletiresize-235-55r18","50":"vehicletiresize-235-55r19","51":"vehicletiresize-235-55r20","52":"vehicletiresize-235-60r17","53":"vehicletiresize-235-60r18","54":"vehicletiresize-235-65r17","55":"vehicletiresize-235-65r18","56":"vehicletiresize-245-45r18","57":"vehicletiresize-245-45r19","58":"vehicletiresize-245-45r20","59":"vehicletiresize-245-50r20","60":"vehicletiresize-245-60r18","61":"vehicleaspectratio-45-225","62":"vehicleaspectratio-45-235","63":"vehicleaspectratio-45-245","64":"vehicleaspectratio-154","65":"vehicleaspectratio-45-215","66":"vehicleaspectratio-50-205","67":"vehicleaspectratio-50-215","68":"vehicleaspectratio-50-225","69":"vehicleaspectratio-50-235","70":"vehicleaspectratio-50-245","71":"vehicleaspectratio-71","72":"vehicleaspectratio-55-205","73":"vehicleaspectratio-55-215","74":"vehicleaspectratio-55-225","75":"vehicleaspectratio-55-235","76":"vehicleaspectratio-55-195","77":"vehicleaspectratio-72","78":"vehicleaspectratio-73","79":"vehicleaspectratio-60-205","80":"vehicleaspectratio-60-215","81":"vehicleaspectratio-60-185","82":"vehicleaspectratio-60-245","83":"vehicleaspectratio-60-225","84":"vehicleaspectratio-60-235","85":"vehicleaspectratio-65-235","86":"vehicleaspectratio-74","87":"vehicleaspectratio-65-205","88":"vehicleaspectratio-65-215","89":"vehicleaspectratio-65-225","90":"vehiclerim-22","91":"vehiclerim-15-60-185","92":"vehiclerim-16-55-205","93":"vehiclerim-16-65-225","94":"vehiclerim-16-60-225","95":"vehiclerim-16-55-215","96":"vehiclerim-23","97":"vehiclerim-16-65-205","98":"vehiclerim-16-60-205","99":"vehiclerim-16-65-215","100":"vehiclerim-16-60-215","101":"vehiclerim-16-55-195","102":"vehiclerim-17-60-215","103":"vehiclerim-17-45-225","104":"vehiclerim-17-50-235","105":"vehiclerim-17-65-225","106":"vehiclerim-17-50-205","107":"vehiclerim-17-60-225","108":"vehiclerim-17-55-235","109":"vehiclerim-17-55-215","110":"vehiclerim-17-65-235","111":"vehiclerim-24","112":"vehiclerim-17-50-215","113":"vehiclerim-17-55-225","114":"vehiclerim-17-50-225","115":"vehiclerim-17-45-215","116":"vehiclerim-17-60-235","117":"vehiclerim-17-65-215","118":"vehiclerim-18-55-225","119":"vehiclerim-18-50-225","120":"vehiclerim-18-60-235","121":"vehiclerim-18-60-245","122":"vehiclerim-18-45-225","123":"vehiclerim-18-50-235","124":"vehiclerim-18-45-235","125":"vehiclerim-18-60-225","126":"vehiclerim-18-55-235","127":"vehiclerim-18-45-245","128":"vehiclerim-18-65-235","129":"vehiclerim-27","130":"vehiclerim-88","131":"vehiclerim-19-55-225","132":"vehiclerim-19-55-235","133":"vehiclerim-19-45-245","134":"vehiclerim-20-55-235","135":"vehiclerim-20-45-245","136":"vehiclerim-33","137":"vehiclerim-20-50-245","139":"first","140":"instock","141":"shipping-taxable","142":"product-type-simple"},"_links":{"self":[{"href":"https:\/\/gtradial.ca\/\/\/fr\/wp-json\/wp\/v2\/product\/587","targetHints":{"allow":["GET"]}}],"collection":[{"href":"https:\/\/gtradial.ca\/\/\/fr\/wp-json\/wp\/v2\/product"}],"about":[{"href":"https:\/\/gtradial.ca\/\/\/fr\/wp-json\/wp\/v2\/types\/product"}],"replies":[{"embeddable":true,"href":"https:\/\/gtradial.ca\/\/\/fr\/wp-json\/wp\/v2\/comments?post=587"}],"wp:featuredmedia":[{"embeddable":true,"href":"https:\/\/gtradial.ca\/\/\/fr\/wp-json\/wp\/v2\/media\/1275"}],"wp:attachment":[{"href":"https:\/\/gtradial.ca\/\/\/fr\/wp-json\/wp\/v2\/media?parent=587"}],"wp:term":[{"taxonomy":"product_brand","embeddable":true,"href":"https:\/\/gtradial.ca\/\/\/fr\/wp-json\/wp\/v2\/product_brand?post=587"},{"taxonomy":"product_cat","embeddable":true,"href":"https:\/\/gtradial.ca\/\/\/fr\/wp-json\/wp\/v2\/product_cat?post=587"},{"taxonomy":"product_tag","embeddable":true,"href":"https:\/\/gtradial.ca\/\/\/fr\/wp-json\/wp\/v2\/product_tag?post=587"}],"curies":[{"name":"wp","href":"https:\/\/api.w.org\/{rel}","templated":true}]}}