{"id":586,"date":"2020-02-21T12:57:38","date_gmt":"2020-02-21T12:57:38","guid":{"rendered":"https:\/\/webhedzwordpress.com\/GT\/?post_type=product&#038;p=586"},"modified":"2022-01-14T14:21:35","modified_gmt":"2022-01-14T14:21:35","slug":"champiro-uhp-as","status":"publish","type":"product","link":"https:\/\/gtradial.ca\/\/\/fr\/product\/champiro-uhp-as\/","title":{"rendered":"CHAMPIRO UHPas"},"content":{"rendered":"<p>Le Champiro UHPAS est le nouveau pneu quatre saisons pour les propri\u00e9taires de v\u00e9hicules \u00e0 la recherche de pneus tr\u00e8s performants ou de randonn\u00e9e de luxe (performance de luxe). Gr\u00e2ce au compos\u00e9 perfectionn\u00e9 au nouveau dessin de semelle, le pneu Champiro UHPAS procure une excellente adh\u00e9rence sur chauss\u00e9e mouill\u00e9e ou s\u00e8che, ainsi qu\u2019une excellente tenue de route sur chauss\u00e9e enneig\u00e9e.<\/p>\n","protected":false},"excerpt":{"rendered":"<p>Le Champiro UHPAS est le nouveau pneu quatre saisons pour les propri\u00e9taires de v\u00e9hicules \u00e0 la recherche de pneus tr\u00e8s performants ou de randonn\u00e9e de luxe (performance de luxe). Gr\u00e2ce au compos\u00e9 perfectionn\u00e9 au nouveau dessin de semelle, le pneu Champiro UHPAS procure une excellente adh\u00e9rence sur chauss\u00e9e mouill\u00e9e ou s\u00e8che, ainsi qu\u2019une excellente tenue [&hellip;]<\/p>\n","protected":false},"featured_media":1273,"comment_status":"open","ping_status":"closed","template":"","meta":[],"product_brand":[],"product_cat":[157],"product_tag":[],"class_list":{"0":"post-586","1":"product","2":"type-product","3":"status-publish","4":"has-post-thumbnail","6":"product_cat-sports-performance","7":"vehicleyear-161","8":"vehiclemake-mercedes","9":"vehiclemodel-x3","10":"vehicleoptions-coupe","11":"vehicleoptions-coupe-front","12":"vehiclewidth-30","13":"vehiclewidth-36","14":"vehiclewidth-42","15":"vehiclewidth-51","16":"vehiclewidth-60","17":"vehiclewidth-121","18":"vehiclewidth-130","19":"vehiclewidth-335","20":"vehicletiresize-195-50r16","21":"vehicletiresize-195-55r15","22":"vehicletiresize-205-45zr16","23":"vehicletiresize-205-50r16","24":"vehicletiresize-205-50r17","25":"vehicletiresize-205-50zr17","26":"vehicletiresize-205-55r15","27":"vehicletiresize-205-55r16","28":"vehicletiresize-215-45r17","29":"vehicletiresize-215-45r18","30":"vehicletiresize-215-45zr17","31":"vehicletiresize-215-45zr18","32":"vehicletiresize-215-50r17","33":"vehicletiresize-215-50zr17","34":"vehicletiresize-215-55r17","35":"vehicletiresize-225-40r18","36":"vehicletiresize-225-40zr18","37":"vehicletiresize-225-40zr19","38":"vehicletiresize-225-45r17","39":"vehicletiresize-225-45r18","40":"vehicletiresize-225-45zr17","41":"vehicletiresize-225-45zr18","42":"vehicletiresize-225-45zr19","43":"vehicletiresize-225-50r16","44":"vehicletiresize-225-50r17","45":"vehicletiresize-225-50r18","46":"vehicletiresize-225-50zr16","47":"vehicletiresize-225-50zr17","48":"vehicletiresize-225-50zr18","49":"vehicletiresize-225-55r16","50":"vehicletiresize-225-55r17","51":"vehicletiresize-225-55zr16","52":"vehicletiresize-225-55zr17","53":"vehicletiresize-225-60r16","54":"vehicletiresize-235-40r18","55":"vehicletiresize-235-40zr18","56":"vehicletiresize-235-45r17","57":"vehicletiresize-235-45r18","58":"vehicletiresize-235-45zr17","59":"vehicletiresize-235-45zr18","60":"vehicletiresize-235-50r18","61":"vehicletiresize-235-50zr18","62":"vehicletiresize-235-55r17","63":"vehicletiresize-235-55zr17","64":"vehicletiresize-245-40r18","65":"vehicletiresize-245-40r19","66":"vehicletiresize-245-40zr18","67":"vehicletiresize-245-40zr19","68":"vehicletiresize-245-45r18","69":"vehicletiresize-245-45r19","70":"vehicletiresize-245-45r20","71":"vehicletiresize-245-45zr17","72":"vehicletiresize-245-45zr18","73":"vehicletiresize-245-45zr19","74":"vehicletiresize-245-45zr20","75":"vehicletiresize-245-50zr16","76":"vehicletiresize-255-40r19","77":"vehicletiresize-255-40zr19","78":"vehicletiresize-255-45r18","79":"vehicletiresize-255-45zr17","80":"vehicletiresize-255-45zr18","81":"vehicletiresize-275-40r20","82":"vehicletiresize-275-40zr20","83":"vehicleaspectratio-40-275","84":"vehicleaspectratio-40-235","85":"vehicleaspectratio-40-225","86":"vehicleaspectratio-40-255","87":"vehicleaspectratio-40-245","88":"vehicleaspectratio-40z-245","89":"vehicleaspectratio-40z-275","90":"vehicleaspectratio-40z-235","91":"vehicleaspectratio-40z-225","92":"vehicleaspectratio-40z-255","93":"vehicleaspectratio-45-215","94":"vehicleaspectratio-45-245","95":"vehicleaspectratio-45-235","96":"vehicleaspectratio-45-225","97":"vehicleaspectratio-45-255","98":"vehicleaspectratio-45-205","99":"vehicleaspectratio-45z","100":"vehicleaspectratio-45z-215","101":"vehicleaspectratio-45z-245","102":"vehicleaspectratio-45z-235","103":"vehicleaspectratio-45z-225","104":"vehicleaspectratio-45z-255","105":"vehicleaspectratio-50-205","106":"vehicleaspectratio-50-215","107":"vehicleaspectratio-50-195","108":"vehicleaspectratio-50-245","109":"vehicleaspectratio-50-235","110":"vehicleaspectratio-50-225","111":"vehicleaspectratio-50z-235","112":"vehicleaspectratio-50z-225","113":"vehicleaspectratio-50z-205","114":"vehicleaspectratio-50z-215","115":"vehicleaspectratio-50z-245","116":"vehicleaspectratio-55-235","117":"vehicleaspectratio-55-225","118":"vehicleaspectratio-55-195","119":"vehicleaspectratio-55-205","120":"vehicleaspectratio-55-215","121":"vehicleaspectratio-55z-235","122":"vehicleaspectratio-55z-225","123":"vehicleaspectratio-60-225","124":"vehiclerim-18","125":"vehiclerim-15-55-195","126":"vehiclerim-15-55-205","127":"vehiclerim-15-50-205","128":"vehiclerim-16-55-225","129":"vehiclerim-16-45-205","130":"vehiclerim-16-45z-205","131":"vehiclerim-16-60-225","132":"vehiclerim-16-50-245","133":"vehiclerim-16-50-195","134":"vehiclerim-16-50z-225","135":"vehiclerim-16-50-225","136":"vehiclerim-16-55-205","137":"vehiclerim-16-50z-245","138":"vehiclerim-16-50-205","139":"vehiclerim-16-55z-225","140":"vehiclerim-17-50z-205","141":"vehiclerim-17-50-205","142":"vehiclerim-17-55z-225","143":"vehiclerim-17-55-225","144":"vehiclerim-17-50z-215","145":"vehiclerim-17-45-215","146":"vehiclerim-17-50-215","147":"vehiclerim-17-45z-215","148":"vehiclerim-17-45z-235","149":"vehiclerim-17-45-235","150":"vehiclerim-17-55-235","151":"vehiclerim-17-45z-255","152":"vehiclerim-17-55z-235","153":"vehiclerim-17-45z","154":"vehiclerim-17-50z-225","155":"vehiclerim-17-45-225","156":"vehiclerim-17-50-225","157":"vehiclerim-17-45z-225","158":"vehiclerim-17-45z-245","159":"vehiclerim-17-55-215","160":"vehiclerim-18-45z-245","161":"vehiclerim-18-50-235","162":"vehiclerim-18-40z-225","163":"vehiclerim-18-40-225","164":"vehiclerim-18-45-255","165":"vehiclerim-18-45-215","166":"vehiclerim-18-40z-245","167":"vehiclerim-18-45z-215","168":"vehiclerim-18-45z-235","169":"vehiclerim-18-45-235","170":"vehiclerim-18-50z-235","171":"vehiclerim-18-40z-235","172":"vehiclerim-18-40-235","173":"vehiclerim-18-45-245","174":"vehiclerim-18-45z-255","175":"vehiclerim-18-45z","176":"vehiclerim-18-50z-225","177":"vehiclerim-18-45-225","178":"vehiclerim-18-50-225","179":"vehiclerim-18-45z-225","180":"vehiclerim-19-45-245","181":"vehiclerim-19-40-255","182":"vehiclerim-19-45z","183":"vehiclerim-19-45-225","184":"vehiclerim-19-45z-225","185":"vehiclerim-19-45z-245","186":"vehiclerim-19-40z-225","187":"vehiclerim-19-40z-245","188":"vehiclerim-19-40-245","189":"vehiclerim-19-40z-255","190":"vehiclerim-20-45-245","191":"vehiclerim-20-40-275","192":"vehiclerim-20-45z-245","193":"vehiclerim-33","194":"vehiclerim-20-40z-275","196":"first","197":"instock","198":"shipping-taxable","199":"product-type-simple"},"_links":{"self":[{"href":"https:\/\/gtradial.ca\/\/\/fr\/wp-json\/wp\/v2\/product\/586","targetHints":{"allow":["GET"]}}],"collection":[{"href":"https:\/\/gtradial.ca\/\/\/fr\/wp-json\/wp\/v2\/product"}],"about":[{"href":"https:\/\/gtradial.ca\/\/\/fr\/wp-json\/wp\/v2\/types\/product"}],"replies":[{"embeddable":true,"href":"https:\/\/gtradial.ca\/\/\/fr\/wp-json\/wp\/v2\/comments?post=586"}],"wp:featuredmedia":[{"embeddable":true,"href":"https:\/\/gtradial.ca\/\/\/fr\/wp-json\/wp\/v2\/media\/1273"}],"wp:attachment":[{"href":"https:\/\/gtradial.ca\/\/\/fr\/wp-json\/wp\/v2\/media?parent=586"}],"wp:term":[{"taxonomy":"product_brand","embeddable":true,"href":"https:\/\/gtradial.ca\/\/\/fr\/wp-json\/wp\/v2\/product_brand?post=586"},{"taxonomy":"product_cat","embeddable":true,"href":"https:\/\/gtradial.ca\/\/\/fr\/wp-json\/wp\/v2\/product_cat?post=586"},{"taxonomy":"product_tag","embeddable":true,"href":"https:\/\/gtradial.ca\/\/\/fr\/wp-json\/wp\/v2\/product_tag?post=586"}],"curies":[{"name":"wp","href":"https:\/\/api.w.org\/{rel}","templated":true}]}}