{"id":585,"date":"2020-02-21T12:53:12","date_gmt":"2020-02-21T12:53:12","guid":{"rendered":"https:\/\/webhedzwordpress.com\/GT\/?post_type=product&#038;p=585"},"modified":"2020-08-07T07:13:50","modified_gmt":"2020-08-07T07:13:50","slug":"champiro-hpy","status":"publish","type":"product","link":"https:\/\/gtradial.ca\/\/\/fr\/product\/champiro-hpy\/","title":{"rendered":"CHAMPIRO HPY"},"content":{"rendered":"<p>Le pneu Champiro HPY est un pneu d\u2019\u00e9t\u00e9 ultra haute performance \u00e0 semelle asym\u00e9trique con\u00e7u pour offrir une excellente ma\u00eetrise, une pr\u00e9cision optimale et une adh\u00e9rence sup\u00e9rieures en virage, ainsi qu\u2019une stabilit\u00e9 accrue en ligne droite sur chauss\u00e9e humide ou s\u00e8che.<\/p>\n","protected":false},"excerpt":{"rendered":"<p>Le pneu Champiro HPY est un pneu d\u2019\u00e9t\u00e9 ultra haute performance \u00e0 semelle asym\u00e9trique con\u00e7u pour offrir une excellente ma\u00eetrise, une pr\u00e9cision optimale et une adh\u00e9rence sup\u00e9rieures en virage, ainsi qu\u2019une stabilit\u00e9 accrue en ligne droite sur chauss\u00e9e humide ou s\u00e8che.<\/p>\n","protected":false},"featured_media":1271,"comment_status":"open","ping_status":"closed","template":"","meta":[],"product_brand":[],"product_cat":[157],"product_tag":[],"class_list":{"0":"post-585","1":"product","2":"type-product","3":"status-publish","4":"has-post-thumbnail","6":"product_cat-sports-performance","7":"vehicleyear-89","8":"vehiclemake-toyota","9":"vehiclemodel-630i","10":"vehiclemodel-x3","11":"vehicleoptions-convertible","12":"vehiclewidth-36","13":"vehiclewidth-42","14":"vehiclewidth-51","15":"vehiclewidth-60","16":"vehiclewidth-121","17":"vehiclewidth-130","18":"vehiclewidth-149","19":"vehicletiresize-205-40r18","20":"vehicletiresize-205-40zr18","21":"vehicletiresize-205-45r17","22":"vehicletiresize-205-45zr17","23":"vehicletiresize-205-50r17","24":"vehicletiresize-205-50zr17","25":"vehicletiresize-215-45r17","26":"vehicletiresize-215-45zr17","27":"vehicletiresize-215-55r17","28":"vehicletiresize-215-55zr17","29":"vehicletiresize-225-35r19","30":"vehicletiresize-225-35zr19","31":"vehicletiresize-225-40r18","32":"vehicletiresize-225-40r19","33":"vehicletiresize-225-40zr18","34":"vehicletiresize-225-40zr19","35":"vehicletiresize-225-45r17","36":"vehicletiresize-225-45r18","37":"vehicletiresize-225-45zr17","38":"vehicletiresize-225-45zr18","39":"vehicletiresize-225-50r17","40":"vehicletiresize-225-50zr17","41":"vehicletiresize-225-65r17","42":"vehicletiresize-235-35r19","43":"vehicletiresize-235-35zr19","44":"vehicletiresize-235-40r18","45":"vehicletiresize-235-40zr18","46":"vehicletiresize-235-45r17","47":"vehicletiresize-235-45zr17","48":"vehicletiresize-235-50r17","49":"vehicletiresize-235-50r18","50":"vehicletiresize-235-50zr17","51":"vehicletiresize-235-50zr18","52":"vehicletiresize-235-55r18","53":"vehicletiresize-235-55zr18","54":"vehicletiresize-235-60r18","55":"vehicletiresize-235-65r17","56":"vehicletiresize-245-40r17","57":"vehicletiresize-245-40r18","58":"vehicletiresize-245-40zr17","59":"vehicletiresize-245-40zr18","60":"vehicletiresize-245-45r17","61":"vehicletiresize-245-45r18","62":"vehicletiresize-245-45zr17","63":"vehicletiresize-245-45zr18","64":"vehicletiresize-255-35r18","65":"vehicletiresize-255-35r19","66":"vehicletiresize-255-35r20","67":"vehicletiresize-255-35zr18","68":"vehicletiresize-255-35zr19","69":"vehicletiresize-255-35zr20","70":"vehicletiresize-255-40r17","71":"vehicletiresize-255-40r19","72":"vehicletiresize-255-40zr17","73":"vehicletiresize-255-40zr19","74":"vehicletiresize-255-45r18","75":"vehicletiresize-255-45r20","76":"vehicletiresize-255-45zr18","77":"vehicletiresize-255-45zr20","78":"vehicletiresize-255-50r19","79":"vehicletiresize-255-50zr19","80":"vehicletiresize-255-55r18","81":"vehicletiresize-255-55zr18","82":"vehicletiresize-265-35r18","83":"vehicletiresize-265-35zr18","84":"vehicleaspectratio-35-255","85":"vehicleaspectratio-152","86":"vehicleaspectratio-35-265","87":"vehicleaspectratio-35-235","88":"vehicleaspectratio-35-225","89":"vehicleaspectratio-35z-255","90":"vehicleaspectratio-35z-265","91":"vehicleaspectratio-35z-235","92":"vehicleaspectratio-35z","93":"vehicleaspectratio-40-235","94":"vehicleaspectratio-40-225","95":"vehicleaspectratio-40-245","96":"vehicleaspectratio-153","97":"vehicleaspectratio-40-255","98":"vehicleaspectratio-40-205","99":"vehicleaspectratio-40z-235","100":"vehicleaspectratio-40z-225","101":"vehicleaspectratio-40z-245","102":"vehicleaspectratio-40z-255","103":"vehicleaspectratio-40z","104":"vehicleaspectratio-45-205","105":"vehicleaspectratio-45-235","106":"vehicleaspectratio-45-225","107":"vehicleaspectratio-154","108":"vehicleaspectratio-45-245","109":"vehicleaspectratio-45-215","110":"vehicleaspectratio-45-255","111":"vehicleaspectratio-45z-255","112":"vehicleaspectratio-45z-235","113":"vehicleaspectratio-45z-225","114":"vehicleaspectratio-45z-245","115":"vehicleaspectratio-45z-215","116":"vehicleaspectratio-71","117":"vehicleaspectratio-50-205","118":"vehicleaspectratio-50-255","119":"vehicleaspectratio-50-235","120":"vehicleaspectratio-50-225","121":"vehicleaspectratio-50z-235","122":"vehicleaspectratio-50z-225","123":"vehicleaspectratio-50z-205","124":"vehicleaspectratio-50z-255","125":"vehicleaspectratio-55-215","126":"vehicleaspectratio-72","127":"vehicleaspectratio-55-235","128":"vehicleaspectratio-55-255","129":"vehicleaspectratio-55z-255","130":"vehicleaspectratio-55z","131":"vehicleaspectratio-55z-235","132":"vehicleaspectratio-73","133":"vehicleaspectratio-60-235","134":"vehicleaspectratio-65-235","135":"vehicleaspectratio-65-225","136":"vehicleaspectratio-74","137":"vehiclerim-17-50-205","138":"vehiclerim-17-45-215","139":"vehiclerim-17-55z-215","140":"vehiclerim-17-40z-245","141":"vehiclerim-17-50z-235","142":"vehiclerim-24","143":"vehiclerim-17-55-215","144":"vehiclerim-17-40-245","145":"vehiclerim-17-50-225","146":"vehiclerim-17-45z-235","147":"vehiclerim-17-45-225","148":"vehiclerim-17-45z-215","149":"vehiclerim-17-50-235","150":"vehiclerim-17-45z-245","151":"vehiclerim-17-40z-255","152":"vehiclerim-17-45z-225","153":"vehiclerim-17-40-255","154":"vehiclerim-17-45-235","155":"vehiclerim-17-65-225","156":"vehiclerim-17-50z-205","157":"vehiclerim-17-45z","158":"vehiclerim-17-45-205","159":"vehiclerim-17-45-245","160":"vehiclerim-17-65-235","161":"vehiclerim-17-50z-225","162":"vehiclerim-18-40-235","163":"vehiclerim-18-45z","164":"vehiclerim-18-35z-265","165":"vehiclerim-18-35-255","166":"vehiclerim-18-45-245","167":"vehiclerim-18-40z-225","168":"vehiclerim-18-35z-255","169":"vehiclerim-18-55z-255","170":"vehiclerim-18-40z-245","171":"vehiclerim-18-50z-235","172":"vehiclerim-18-40-205","173":"vehiclerim-18-45-255","174":"vehiclerim-27","175":"vehiclerim-18-55-235","176":"vehiclerim-18-40-245","177":"vehiclerim-18-45-225","178":"vehiclerim-18-60-235","179":"vehiclerim-18-40-225","180":"vehiclerim-18-40z-235","181":"vehiclerim-18-55-255","182":"vehiclerim-18-50-235","183":"vehiclerim-18-45z-245","184":"vehiclerim-18-45z-225","185":"vehiclerim-18-35-265","186":"vehiclerim-18-55z-235","187":"vehiclerim-18-45z-255","188":"vehiclerim-18-40z-205","189":"vehiclerim-19-35z","190":"vehiclerim-88","191":"vehiclerim-19-35-255","192":"vehiclerim-19-40z-225","193":"vehiclerim-19-35z-255","194":"vehiclerim-19-50z-255","195":"vehiclerim-19-35-225","196":"vehiclerim-19-40z-255","197":"vehiclerim-19-40-225","198":"vehiclerim-19-40-255","199":"vehiclerim-19-50-255","200":"vehiclerim-19-35z-225","201":"vehiclerim-19-35-235","202":"vehiclerim-20-45z-255","203":"vehiclerim-20-35-255","204":"vehiclerim-20-45-255","205":"vehiclerim-33","206":"vehiclerim-20-35z-255","208":"first","209":"instock","210":"shipping-taxable","211":"product-type-simple"},"_links":{"self":[{"href":"https:\/\/gtradial.ca\/\/\/fr\/wp-json\/wp\/v2\/product\/585","targetHints":{"allow":["GET"]}}],"collection":[{"href":"https:\/\/gtradial.ca\/\/\/fr\/wp-json\/wp\/v2\/product"}],"about":[{"href":"https:\/\/gtradial.ca\/\/\/fr\/wp-json\/wp\/v2\/types\/product"}],"replies":[{"embeddable":true,"href":"https:\/\/gtradial.ca\/\/\/fr\/wp-json\/wp\/v2\/comments?post=585"}],"wp:featuredmedia":[{"embeddable":true,"href":"https:\/\/gtradial.ca\/\/\/fr\/wp-json\/wp\/v2\/media\/1271"}],"wp:attachment":[{"href":"https:\/\/gtradial.ca\/\/\/fr\/wp-json\/wp\/v2\/media?parent=585"}],"wp:term":[{"taxonomy":"product_brand","embeddable":true,"href":"https:\/\/gtradial.ca\/\/\/fr\/wp-json\/wp\/v2\/product_brand?post=585"},{"taxonomy":"product_cat","embeddable":true,"href":"https:\/\/gtradial.ca\/\/\/fr\/wp-json\/wp\/v2\/product_cat?post=585"},{"taxonomy":"product_tag","embeddable":true,"href":"https:\/\/gtradial.ca\/\/\/fr\/wp-json\/wp\/v2\/product_tag?post=585"}],"curies":[{"name":"wp","href":"https:\/\/api.w.org\/{rel}","templated":true}]}}