{"id":583,"date":"2020-02-21T12:23:44","date_gmt":"2020-02-21T12:23:44","guid":{"rendered":"https:\/\/webhedzwordpress.com\/GT\/?post_type=product&#038;p=583"},"modified":"2022-01-14T14:28:07","modified_gmt":"2022-01-14T14:28:07","slug":"champiro-touring-a-s","status":"publish","type":"product","link":"https:\/\/gtradial.ca\/\/\/fr\/product\/champiro-touring-a-s\/","title":{"rendered":"CHAMPIRO TOURING A\/S"},"content":{"rendered":"<p>\u00c9nonc\u00e9 de positionnement &#8211; Le pneu Champiro Touring A\/S est un pneu quatre saisons con\u00e7u pour pour les voitures de tourisme et les multisegments r\u00e9cents. Il procure pr\u00e9cision et ma\u00eetrise tout en offrant une conduite silencieuse et confortable. Prot\u00e9g\u00e9 par une garantie limit\u00e9e de 100 000 km (60 000 mi), le pneu Champiro Touring A\/S procure \u00e9galement une dur\u00e9e utile accrue pour un rapport qualit\u00e9-prix exceptionnel.<\/p>\n","protected":false},"excerpt":{"rendered":"<p>\u00c9nonc\u00e9 de positionnement &#8211; Le pneu Champiro Touring A\/S est un pneu quatre saisons con\u00e7u pour pour les voitures de tourisme et les multisegments r\u00e9cents. Il procure pr\u00e9cision et ma\u00eetrise tout en offrant une conduite silencieuse et confortable. Prot\u00e9g\u00e9 par une garantie limit\u00e9e de 100 000 km (60 000 mi), le pneu Champiro Touring A\/S [&hellip;]<\/p>\n","protected":false},"featured_media":1269,"comment_status":"open","ping_status":"closed","template":"","meta":[],"product_brand":[],"product_cat":[85],"product_tag":[],"class_list":{"0":"post-583","1":"product","2":"type-product","3":"status-publish","4":"has-post-thumbnail","6":"product_cat-passenger","7":"vehicleyear-35","8":"vehiclemake-mazda","9":"vehiclemake-toyota","10":"vehiclemodel-x9","11":"vehicleoptions-coupe","12":"vehicleoptions-coupe-front","13":"vehiclewidth-25","14":"vehiclewidth-28","15":"vehiclewidth-30","16":"vehiclewidth-36","17":"vehiclewidth-42","18":"vehiclewidth-51","19":"vehiclewidth-60","20":"vehicletiresize-175-65r15","21":"vehicletiresize-185-65r14","22":"vehicletiresize-195-60r15","23":"vehicletiresize-195-65r15","24":"vehicletiresize-205-50r17","25":"vehicletiresize-205-55r16","26":"vehicletiresize-205-60r16","27":"vehicletiresize-205-65r15","28":"vehicletiresize-205-65r16","29":"vehicletiresize-215-50r17","30":"vehicletiresize-215-55r16","31":"vehicletiresize-215-55r17","32":"vehicletiresize-215-60r16","33":"vehicletiresize-215-60r17","34":"vehicletiresize-215-65r16","35":"vehicletiresize-215-65r17","36":"vehicletiresize-215-70r15","37":"vehicletiresize-225-50r17","38":"vehicletiresize-225-50r18","39":"vehicletiresize-225-55r17","40":"vehicletiresize-225-60r16","41":"vehicletiresize-225-60r17","42":"vehicletiresize-225-60r18","43":"vehicletiresize-225-65r16","44":"vehicletiresize-225-65r17","45":"vehicletiresize-235-55r17","46":"vehicletiresize-235-55r18","47":"vehicletiresize-235-60r16","48":"vehicletiresize-235-60r17","49":"vehicletiresize-235-65r16","50":"vehicletiresize-235-65r17","51":"vehicleaspectratio-154","52":"vehicleaspectratio-50-215","53":"vehicleaspectratio-50-225","54":"vehicleaspectratio-50-205","55":"vehicleaspectratio-71","56":"vehicleaspectratio-72","57":"vehicleaspectratio-55-235","58":"vehicleaspectratio-55-215","59":"vehicleaspectratio-55-225","60":"vehicleaspectratio-55-205","61":"vehicleaspectratio-60-195","62":"vehicleaspectratio-73","63":"vehicleaspectratio-60-235","64":"vehicleaspectratio-60-215","65":"vehicleaspectratio-60-225","66":"vehicleaspectratio-60-205","67":"vehicleaspectratio-65-225","68":"vehicleaspectratio-65-205","69":"vehicleaspectratio-65-195","70":"vehicleaspectratio-65-175","71":"vehicleaspectratio-74","72":"vehicleaspectratio-65-235","73":"vehicleaspectratio-65-185","74":"vehicleaspectratio-65-215","75":"vehicleaspectratio-70-215","76":"vehicleaspectratio-75","77":"vehiclerim-20","78":"vehiclerim-14-65-185","79":"vehiclerim-15-65-175","80":"vehiclerim-15-60-195","81":"vehiclerim-15-70-215","82":"vehiclerim-22","83":"vehiclerim-15-65-195","84":"vehiclerim-15-65-205","85":"vehiclerim-16-60-225","86":"vehiclerim-16-55-215","87":"vehiclerim-16-65-235","88":"vehiclerim-16-65-215","89":"vehiclerim-16-60-205","90":"vehiclerim-16-60-215","91":"vehiclerim-16-65-225","92":"vehiclerim-16-60-235","93":"vehiclerim-23","94":"vehiclerim-16-55-205","95":"vehiclerim-16-65-205","96":"vehiclerim-17-50-215","97":"vehiclerim-17-60-225","98":"vehiclerim-17-55-215","99":"vehiclerim-17-65-235","100":"vehiclerim-17-50-225","101":"vehiclerim-17-65-215","102":"vehiclerim-17-55-225","103":"vehiclerim-17-55-235","104":"vehiclerim-17-60-215","105":"vehiclerim-17-65-225","106":"vehiclerim-17-60-235","107":"vehiclerim-17-50-205","108":"vehiclerim-24","109":"vehiclerim-18-60-225","110":"vehiclerim-18-50-225","111":"vehiclerim-27","112":"vehiclerim-18-55-235","114":"first","115":"instock","116":"shipping-taxable","117":"product-type-simple"},"_links":{"self":[{"href":"https:\/\/gtradial.ca\/\/\/fr\/wp-json\/wp\/v2\/product\/583","targetHints":{"allow":["GET"]}}],"collection":[{"href":"https:\/\/gtradial.ca\/\/\/fr\/wp-json\/wp\/v2\/product"}],"about":[{"href":"https:\/\/gtradial.ca\/\/\/fr\/wp-json\/wp\/v2\/types\/product"}],"replies":[{"embeddable":true,"href":"https:\/\/gtradial.ca\/\/\/fr\/wp-json\/wp\/v2\/comments?post=583"}],"wp:featuredmedia":[{"embeddable":true,"href":"https:\/\/gtradial.ca\/\/\/fr\/wp-json\/wp\/v2\/media\/1269"}],"wp:attachment":[{"href":"https:\/\/gtradial.ca\/\/\/fr\/wp-json\/wp\/v2\/media?parent=583"}],"wp:term":[{"taxonomy":"product_brand","embeddable":true,"href":"https:\/\/gtradial.ca\/\/\/fr\/wp-json\/wp\/v2\/product_brand?post=583"},{"taxonomy":"product_cat","embeddable":true,"href":"https:\/\/gtradial.ca\/\/\/fr\/wp-json\/wp\/v2\/product_cat?post=583"},{"taxonomy":"product_tag","embeddable":true,"href":"https:\/\/gtradial.ca\/\/\/fr\/wp-json\/wp\/v2\/product_tag?post=583"}],"curies":[{"name":"wp","href":"https:\/\/api.w.org\/{rel}","templated":true}]}}