{"id":1552,"date":"2021-09-22T18:13:17","date_gmt":"2021-09-22T18:13:17","guid":{"rendered":"https:\/\/gtradial.ca\/\/\/fr\/?post_type=product&#038;p=1552"},"modified":"2021-09-22T19:23:05","modified_gmt":"2021-09-22T19:23:05","slug":"adventuro-atx","status":"publish","type":"product","link":"https:\/\/gtradial.ca\/\/\/fr\/product\/adventuro-atx\/","title":{"rendered":"ADVENTURO ATX"},"content":{"rendered":"<p>Le pneu Adventuro ATX offre un excellent \u00e9quilibre entre le rendement sur route et hors route. Ayant obtenu la marque Three-Peak Mountain Snowflake (3PMS), l\u2019ATX est votre solution pour une traction am\u00e9lior\u00e9e en conditions hivernales. Les crampons sur les flancs et les rainures en escalier sont con\u00e7us pour offrir un rendement hors route de qualit\u00e9 sup\u00e9rieure, tandis qu\u2019un compos\u00e9 r\u00e9sistant aux entailles assure l\u2019int\u00e9grit\u00e9 de la semelle. L\u2019Adventuro ATX est dynamiquement raffin\u00e9.<\/p>\n","protected":false},"excerpt":{"rendered":"<p>Le pneu Adventuro ATX offre un excellent \u00e9quilibre entre le rendement sur route et hors route. Ayant obtenu la marque Three-Peak Mountain Snowflake (3PMS), l\u2019ATX est votre solution pour une traction am\u00e9lior\u00e9e en conditions hivernales. Les crampons sur les flancs et les rainures en escalier sont con\u00e7us pour offrir un rendement hors route de qualit\u00e9 [&hellip;]<\/p>\n","protected":false},"featured_media":1556,"comment_status":"open","ping_status":"closed","template":"","meta":[],"product_brand":[],"product_cat":[248],"product_tag":[],"class_list":{"0":"post-1552","1":"product","2":"type-product","3":"status-publish","4":"has-post-thumbnail","6":"product_cat-suv-light-truck","7":"vehiclewidth-149","8":"vehiclewidth-335","9":"vehiclewidth-lt235","10":"vehiclewidth-lt245","11":"vehiclewidth-lt265","12":"vehiclewidth-lt275","13":"vehiclewidth-lt285","14":"vehiclewidth-p235","15":"vehiclewidth-p245","16":"vehiclewidth-p255","17":"vehiclewidth-p265","18":"vehiclewidth-p275","19":"vehiclewidth-p285","20":"vehicletiresize-265-60r18","21":"vehicletiresize-265-65r18","22":"vehicletiresize-275-65r18","23":"vehicletiresize-lt235-80r17","24":"vehicletiresize-lt245-75r16","25":"vehicletiresize-lt245-75r17","26":"vehicletiresize-lt265-70r17","27":"vehicletiresize-lt265-75r16","28":"vehicletiresize-lt275-65r18","29":"vehicletiresize-lt275-65r20","30":"vehicletiresize-lt275-70r18","31":"vehicletiresize-lt285-70r17","32":"vehicletiresize-lt285-75r16","33":"vehicletiresize-p235-70r16","34":"vehicletiresize-p235-75r15","35":"vehicletiresize-p245-65r17","36":"vehicletiresize-p245-70r16","37":"vehicletiresize-p245-75r16","38":"vehicletiresize-p255-70r16","39":"vehicletiresize-p265-70r16","40":"vehicletiresize-p265-70r17","41":"vehicleaspectratio-72","42":"vehicleaspectratio-73","43":"vehicleaspectratio-74","44":"vehicleaspectratio-75","45":"vehicleaspectratio-224","46":"vehicleaspectratio-325","47":"vehiclerim-22","48":"vehiclerim-23","49":"vehiclerim-24","50":"vehiclerim-27","51":"vehiclerim-33","53":"first","54":"instock","55":"shipping-taxable","56":"product-type-simple"},"_links":{"self":[{"href":"https:\/\/gtradial.ca\/\/\/fr\/wp-json\/wp\/v2\/product\/1552","targetHints":{"allow":["GET"]}}],"collection":[{"href":"https:\/\/gtradial.ca\/\/\/fr\/wp-json\/wp\/v2\/product"}],"about":[{"href":"https:\/\/gtradial.ca\/\/\/fr\/wp-json\/wp\/v2\/types\/product"}],"replies":[{"embeddable":true,"href":"https:\/\/gtradial.ca\/\/\/fr\/wp-json\/wp\/v2\/comments?post=1552"}],"wp:featuredmedia":[{"embeddable":true,"href":"https:\/\/gtradial.ca\/\/\/fr\/wp-json\/wp\/v2\/media\/1556"}],"wp:attachment":[{"href":"https:\/\/gtradial.ca\/\/\/fr\/wp-json\/wp\/v2\/media?parent=1552"}],"wp:term":[{"taxonomy":"product_brand","embeddable":true,"href":"https:\/\/gtradial.ca\/\/\/fr\/wp-json\/wp\/v2\/product_brand?post=1552"},{"taxonomy":"product_cat","embeddable":true,"href":"https:\/\/gtradial.ca\/\/\/fr\/wp-json\/wp\/v2\/product_cat?post=1552"},{"taxonomy":"product_tag","embeddable":true,"href":"https:\/\/gtradial.ca\/\/\/fr\/wp-json\/wp\/v2\/product_tag?post=1552"}],"curies":[{"name":"wp","href":"https:\/\/api.w.org\/{rel}","templated":true}]}}