{"id":1526,"date":"2021-05-31T19:21:07","date_gmt":"2021-05-31T19:21:07","guid":{"rendered":"https:\/\/gtradial.ca\/\/\/fr\/?post_type=product&#038;p=1526"},"modified":"2021-06-23T17:20:11","modified_gmt":"2021-06-23T17:20:11","slug":"maxmiler-ice","status":"publish","type":"product","link":"https:\/\/gtradial.ca\/\/\/fr\/product\/maxmiler-ice\/","title":{"rendered":"Maxmiler Ice"},"content":{"rendered":"<p>Le Maxmiler Ice est notre premier pneu  hiver cramponnable pour fourgonnettes  polyvalentes. Le compos\u00e9 de la bande de  roulement Arctique offre une adh\u00e9rence  sup\u00e9rieure en hiver avec un kilom\u00e9trage  durable pour un pneu hiver. Le motif autonettoyant r\u00e9siste \u00e0 l\u2019accumulation de  neige et de gadoue. Le Maxmiler Ice peut  recevoir jusqu\u2019\u00e0 130 crampons pour une  excellente traction dans des conditions  glac\u00e9es et peut \u00eatre utilis\u00e9 avec ou sans  crampons.<\/p>\n","protected":false},"excerpt":{"rendered":"<p>Le Maxmiler Ice est notre premier pneu hiver cramponnable pour fourgonnettes polyvalentes. Le compos\u00e9 de la bande de roulement Arctique offre une adh\u00e9rence sup\u00e9rieure en hiver avec un kilom\u00e9trage durable pour un pneu hiver. Le motif autonettoyant r\u00e9siste \u00e0 l\u2019accumulation de neige et de gadoue. Le Maxmiler Ice peut recevoir jusqu\u2019\u00e0 130 crampons pour une [&hellip;]<\/p>\n","protected":false},"featured_media":1533,"comment_status":"open","ping_status":"closed","template":"","meta":[],"product_brand":[],"product_cat":[249],"product_tag":[],"class_list":{"0":"post-1526","1":"product","2":"type-product","3":"status-publish","4":"has-post-thumbnail","6":"product_cat-winter","7":"vehiclewidth-30","8":"vehiclewidth-36","9":"vehiclewidth-42","10":"vehiclewidth-60","11":"vehicleaspectratio-65-205","12":"vehicleaspectratio-65-215","13":"vehicleaspectratio-65-235","14":"vehicleaspectratio-70-195","15":"vehicleaspectratio-75-185","16":"vehiclerim-22","17":"vehiclerim-23","19":"first","20":"instock","21":"shipping-taxable","22":"product-type-simple"},"_links":{"self":[{"href":"https:\/\/gtradial.ca\/\/\/fr\/wp-json\/wp\/v2\/product\/1526","targetHints":{"allow":["GET"]}}],"collection":[{"href":"https:\/\/gtradial.ca\/\/\/fr\/wp-json\/wp\/v2\/product"}],"about":[{"href":"https:\/\/gtradial.ca\/\/\/fr\/wp-json\/wp\/v2\/types\/product"}],"replies":[{"embeddable":true,"href":"https:\/\/gtradial.ca\/\/\/fr\/wp-json\/wp\/v2\/comments?post=1526"}],"wp:featuredmedia":[{"embeddable":true,"href":"https:\/\/gtradial.ca\/\/\/fr\/wp-json\/wp\/v2\/media\/1533"}],"wp:attachment":[{"href":"https:\/\/gtradial.ca\/\/\/fr\/wp-json\/wp\/v2\/media?parent=1526"}],"wp:term":[{"taxonomy":"product_brand","embeddable":true,"href":"https:\/\/gtradial.ca\/\/\/fr\/wp-json\/wp\/v2\/product_brand?post=1526"},{"taxonomy":"product_cat","embeddable":true,"href":"https:\/\/gtradial.ca\/\/\/fr\/wp-json\/wp\/v2\/product_cat?post=1526"},{"taxonomy":"product_tag","embeddable":true,"href":"https:\/\/gtradial.ca\/\/\/fr\/wp-json\/wp\/v2\/product_tag?post=1526"}],"curies":[{"name":"wp","href":"https:\/\/api.w.org\/{rel}","templated":true}]}}