{"id":1098,"date":"2020-03-16T18:48:13","date_gmt":"2020-03-16T18:48:13","guid":{"rendered":"https:\/\/webhedzwordpress.com\/GT\/?post_type=product&#038;p=1098"},"modified":"2020-08-06T11:45:00","modified_gmt":"2020-08-06T11:45:00","slug":"komodo-m-t-plus","status":"publish","type":"product","link":"https:\/\/gtradial.ca\/\/\/fr\/product\/komodo-m-t-plus\/","title":{"rendered":"Komodo M\/T Plus"},"content":{"rendered":"<p>Komodo M \/ T Plus est un pneu de terrain boueux \u00e0 traction maximale pour la conduite hors route extr\u00eame. Il offre une traction, une maniabilit\u00e9 et un contr\u00f4le am\u00e9lior\u00e9s sur la boue et les terrains rocheux. Pour g\u00e9rer les abus des conditions hors route les plus exigeantes, choisissez le robuste Komodo M \/ T Plus<\/p>\n","protected":false},"excerpt":{"rendered":"<p>Komodo M \/ T Plus est un pneu de terrain boueux \u00e0 traction maximale pour la conduite hors route extr\u00eame. Il offre une traction, une maniabilit\u00e9 et un contr\u00f4le am\u00e9lior\u00e9s sur la boue et les terrains rocheux. Pour g\u00e9rer les abus des conditions hors route les plus exigeantes, choisissez le robuste Komodo M \/ T [&hellip;]<\/p>\n","protected":false},"featured_media":1235,"comment_status":"open","ping_status":"closed","template":"","meta":[],"product_brand":[],"product_cat":[248],"product_tag":[],"class_list":{"0":"post-1098","1":"product","2":"type-product","3":"status-publish","4":"has-post-thumbnail","6":"product_cat-suv-light-truck","7":"vehiclewidth-60","8":"vehiclewidth-121","9":"vehiclewidth-149","10":"vehiclewidth-31x10","11":"vehiclewidth-33x12","12":"vehiclewidth-lt235","13":"vehiclewidth-lt245","14":"vehiclewidth-lt265","15":"vehicletiresize-245-75r16","16":"vehicletiresize-31x10-50r15lt","17":"vehicletiresize-33x12-50r15lt-2","18":"vehicletiresize-lt235-75r15","19":"vehicletiresize-lt245-75r16","20":"vehicletiresize-lt265-70r17","21":"vehicletiresize-lt265-75r16","22":"vehicleaspectratio-50-31x10","23":"vehicleaspectratio-50-33x12","24":"vehicleaspectratio-70-lt265","25":"vehicleaspectratio-70-265","26":"vehicleaspectratio-75","27":"vehicleaspectratio-75-265","28":"vehicleaspectratio-75-lt265","29":"vehicleaspectratio-75-235","30":"vehicleaspectratio-224","31":"vehicleaspectratio-75-245","32":"vehicleaspectratio-75-lt235","33":"vehicleaspectratio-75-lt245","34":"vehiclerim-22","35":"vehiclerim-15-75-lt235","36":"vehiclerim-15-10-50-31","37":"vehiclerim-15-12-50-33","38":"vehiclerim-23","39":"vehiclerim-16-75-245","40":"vehiclerim-16-75-lt245","41":"vehiclerim-16-75-lt265","42":"vehiclerim-17-70-lt265","43":"vehiclerim-24","45":"first","46":"instock","47":"shipping-taxable","48":"product-type-simple"},"_links":{"self":[{"href":"https:\/\/gtradial.ca\/\/\/fr\/wp-json\/wp\/v2\/product\/1098","targetHints":{"allow":["GET"]}}],"collection":[{"href":"https:\/\/gtradial.ca\/\/\/fr\/wp-json\/wp\/v2\/product"}],"about":[{"href":"https:\/\/gtradial.ca\/\/\/fr\/wp-json\/wp\/v2\/types\/product"}],"replies":[{"embeddable":true,"href":"https:\/\/gtradial.ca\/\/\/fr\/wp-json\/wp\/v2\/comments?post=1098"}],"wp:featuredmedia":[{"embeddable":true,"href":"https:\/\/gtradial.ca\/\/\/fr\/wp-json\/wp\/v2\/media\/1235"}],"wp:attachment":[{"href":"https:\/\/gtradial.ca\/\/\/fr\/wp-json\/wp\/v2\/media?parent=1098"}],"wp:term":[{"taxonomy":"product_brand","embeddable":true,"href":"https:\/\/gtradial.ca\/\/\/fr\/wp-json\/wp\/v2\/product_brand?post=1098"},{"taxonomy":"product_cat","embeddable":true,"href":"https:\/\/gtradial.ca\/\/\/fr\/wp-json\/wp\/v2\/product_cat?post=1098"},{"taxonomy":"product_tag","embeddable":true,"href":"https:\/\/gtradial.ca\/\/\/fr\/wp-json\/wp\/v2\/product_tag?post=1098"}],"curies":[{"name":"wp","href":"https:\/\/api.w.org\/{rel}","templated":true}]}}