{"id":823,"date":"2020-03-04T20:55:56","date_gmt":"2020-03-04T20:55:56","guid":{"rendered":"https:\/\/webhedzwordpress.com\/GT\/?page_id=823"},"modified":"2020-03-26T21:03:56","modified_gmt":"2020-03-26T21:03:56","slug":"tire-registration","status":"publish","type":"page","link":"https:\/\/gtradial.ca\/\/\/fr\/tire-registration\/","title":{"rendered":"Enregistrement des Pneus"},"content":{"rendered":"<div id=\"mainbanner\" class=\"aboutbanner\">\n<h1>Enregistrement des Pneus<\/h1>\n<\/div>\n<div class=\"container\" id=\"TireRegistration\">\n<div class=\"row\">\n<div class=\"col-12 col-sm-12\">\n<h2 class=\"marginb0\">Merci de votre achat de nouveaux pneus!<\/h2>\n<p>Dans le cas peu probable d\u2019un rappel de pneus ou de tout avis de s\u00e9curit\u00e9, il est important pour nous d\u2019avoir vos coordonn\u00e9es \u00e0 nos dossiers afin de pouvoir communiquer avec vous.<\/p>\n<\/div>\n<\/div>\n<div class=\"row\">\n<div class=\"col col-lg-6 col-md-6 col-sm-12 col-xsm-12\">\n<h3 class=\"marginb0\">Il est facile et rapide d\u2019enregistrer vos pneus.<\/h3>\n<p>Avant de commencer, vous devez avoir les renseignements suivants \u00e0 port\u00e9e de main :<\/p>\n<h4 class=\"marginb0\">A) Vos coordonn\u00e9es<\/h4>\n<p>(votre nom et adresse)<\/p>\n<h4 class=\"marginb0\">B) La marque de vos pneus et les renseignements DOT<\/h4>\n<p>(la marque du pneu et son num\u00e9ro d\u2019identification DOT sont inscrits sur le flanc du pneu \u2013 voir l\u2019image ci-dessous \u2013 et sur la facture d\u2019achat)<\/p>\n<h4 class=\"marginb0\">C) Renseignements sur le commerce ou d\u00e9taillant de pneus<\/h4>\n<p>(l\u00e0 o\u00f9 vous avez achet\u00e9 les pneus, et la facture d\u2019achat)<\/p>\n<\/div>\n<div class=\"col col-lg-6 col-md-6 col-sm-12 col-xsm-12\">\n<a href=\"https:\/\/gtradial.ca\/\/\/fr\/wp-content\/uploads\/sites\/3\/2020\/03\/pdf_GitiRegistrationForms.pdf\" target=\"_blank\" rel=\"noopener noreferrer\"><img decoding=\"async\" src=\"https:\/\/gtradial.ca\/\/\/fr\/wp-content\/uploads\/sites\/3\/2020\/03\/form_GitiForm.gif\" border=\"0\" align=\"right\"><\/a>\n<\/div>\n<\/div>\n<div class=\"row\">\n<div class=\"col col-lg-6 col-md-6 col-sm-12 col-xsm-12\">\n<p><strong style=\"font-weight:bold;font-style:italic\">IMPORTANT:<\/strong> <span style=\"color:red;font-weight:bold\">en cas de rappel de pneus, nous pouvons informer les acheteurs SEULEMENT si nous avons le nom complet, l\u2019adresse et le num\u00e9ro d\u2019identification exact des pneus. Assurez-vous que tous les renseignements saisis sont complets et pr\u00e9cis.<\/span><\/p>\n<\/div>\n<div class=\"col col-lg-6 col-md-6 col-sm-12 col-xsm-12\">\n<img decoding=\"async\" src=\"https:\/\/gtradial.ca\/\/\/fr\/wp-content\/uploads\/sites\/3\/2020\/03\/misc_Giti_Tire.jpg\" align=\"right\">\n<\/div>\n<\/div>\n<\/div>\n<div class=\"container row\" id=\"TireRegistrationForm\">\n\n<div class=\"wpcf7 no-js\" id=\"wpcf7-f836-o1\" lang=\"en-US\" dir=\"ltr\" data-wpcf7-id=\"836\">\n<div class=\"screen-reader-response\"><p role=\"status\" aria-live=\"polite\" aria-atomic=\"true\"><\/p> <ul><\/ul><\/div>\n<form action=\"\/fr\/wp-json\/wp\/v2\/pages\/823#wpcf7-f836-o1\" method=\"post\" class=\"wpcf7-form init\" aria-label=\"Contact form\" novalidate=\"novalidate\" data-status=\"init\">\n<fieldset class=\"hidden-fields-container\"><input type=\"hidden\" name=\"_wpcf7\" value=\"836\" \/><input type=\"hidden\" name=\"_wpcf7_version\" value=\"6.1.5\" \/><input type=\"hidden\" name=\"_wpcf7_locale\" value=\"en_US\" \/><input type=\"hidden\" name=\"_wpcf7_unit_tag\" value=\"wpcf7-f836-o1\" \/><input type=\"hidden\" name=\"_wpcf7_container_post\" value=\"0\" \/><input type=\"hidden\" name=\"_wpcf7_posted_data_hash\" value=\"\" \/><input type=\"hidden\" name=\"_wpcf7_recaptcha_response\" value=\"\" \/>\n<\/fieldset>\n<div class=\"formbox\">\n\t<h3>A) Information sur le client\n\t<\/h3>\n\t<p><label class=\"onehalf\">Pr\u00e9nom : <span class=\"wpcf7-form-control-wrap\" data-name=\"your-firstname\"><input size=\"40\" maxlength=\"400\" class=\"wpcf7-form-control wpcf7-text wpcf7-validates-as-required\" aria-required=\"true\" aria-invalid=\"false\" value=\"\" type=\"text\" name=\"your-firstname\" \/><\/span><\/label><label class=\"onehalf\">Nom de famille : <span class=\"wpcf7-form-control-wrap\" data-name=\"your-lastname\"><input size=\"40\" maxlength=\"400\" class=\"wpcf7-form-control wpcf7-text wpcf7-validates-as-required\" aria-required=\"true\" aria-invalid=\"false\" value=\"\" type=\"text\" name=\"your-lastname\" \/><\/span><\/label><label class=\"onefull\">Adresse : <span class=\"wpcf7-form-control-wrap\" data-name=\"your-address\"><input size=\"40\" maxlength=\"400\" class=\"wpcf7-form-control wpcf7-text wpcf7-validates-as-required\" aria-required=\"true\" aria-invalid=\"false\" value=\"\" type=\"text\" name=\"your-address\" \/><\/span><\/label><label class=\"onefull\">Ville : <span class=\"wpcf7-form-control-wrap\" data-name=\"your-city\"><input size=\"40\" maxlength=\"400\" class=\"wpcf7-form-control wpcf7-text wpcf7-validates-as-required\" aria-required=\"true\" aria-invalid=\"false\" value=\"\" type=\"text\" name=\"your-city\" \/><\/span><\/label><label class=\"onehalf\">\u00c9tat\/Province : veuillez s\u00e9lectionner: <span class=\"wpcf7-form-control-wrap\" data-name=\"menu-stateprovince\"><select class=\"wpcf7-form-control wpcf7-select wpcf7-validates-as-required\" aria-required=\"true\" aria-invalid=\"false\" name=\"menu-stateprovince\"><option value=\"\u00c9tat\/Province : veuillez s\u00e9lectionner:\">\u00c9tat\/Province : veuillez s\u00e9lectionner:<\/option><option value=\"Alabama\">Alabama<\/option><option value=\"Alaska\">Alaska<\/option><option value=\"Arizona\">Arizona<\/option><option value=\"Arkansas\">Arkansas<\/option><option value=\"California\">California<\/option><option value=\"Colorado\">Colorado<\/option><option value=\"Connecticut\">Connecticut<\/option><option value=\"Delaware\">Delaware<\/option><option value=\"District of Columbia\">District of Columbia<\/option><option value=\"Florida\">Florida<\/option><option value=\"Georgia\">Georgia<\/option><option value=\"Guam\">Guam<\/option><option value=\"Hawaii\">Hawaii<\/option><option value=\"Idaho\">Idaho<\/option><option value=\"Illinois\">Illinois<\/option><option value=\"Indiana\">Indiana<\/option><option value=\"Iowa\">Iowa<\/option><option value=\"Kansas\">Kansas<\/option><option value=\"Kentucky\">Kentucky<\/option><option value=\"Louisiana\">Louisiana<\/option><option value=\"Maine\">Maine<\/option><option value=\"Maryland\">Maryland<\/option><option value=\"Massachusetts\">Massachusetts<\/option><option value=\"Michigan\">Michigan<\/option><option value=\"Minnesota\">Minnesota<\/option><option value=\"Mississippi\">Mississippi<\/option><option value=\"Missouri\">Missouri<\/option><option value=\"Montana\">Montana<\/option><option value=\"Nebraska\">Nebraska<\/option><option value=\"Nevada\">Nevada<\/option><option value=\"New Hampshire\">New Hampshire<\/option><option value=\"New Jersey\">New Jersey<\/option><option value=\"New Mexico\">New Mexico<\/option><option value=\"New York\">New York<\/option><option value=\"North Carolina\">North Carolina<\/option><option value=\"North Dakota\">North Dakota<\/option><option value=\"Ohio\">Ohio<\/option><option value=\"Oklahoma\">Oklahoma<\/option><option value=\"Oregon\">Oregon<\/option><option value=\"Pennsylvania\">Pennsylvania<\/option><option value=\"Puerto Rico\">Puerto Rico<\/option><option value=\"Rhode Island\">Rhode Island<\/option><option value=\"South Carolina\">South Carolina<\/option><option value=\"South Dakota\">South Dakota<\/option><option value=\"Tennessee\">Tennessee<\/option><option value=\"Texas\">Texas<\/option><option value=\"Utah\">Utah<\/option><option value=\"Vermont\">Vermont<\/option><option value=\"Virgin Islands\">Virgin Islands<\/option><option value=\"Virginia\">Virginia<\/option><option value=\"Washington\">Washington<\/option><option value=\"West Virginia\">West Virginia<\/option><option value=\"Wisconsin\">Wisconsin<\/option><option value=\"Wyoming\">Wyoming<\/option><option value=\"Alberta\">Alberta<\/option><option value=\"British Columbia\">British Columbia<\/option><option value=\"Manitoba\">Manitoba<\/option><option value=\"New Brunswick\">New Brunswick<\/option><option value=\"Newfoundland\">Newfoundland<\/option><option value=\"Nova Scotia\">Nova Scotia<\/option><option value=\"Northwest Territories\">Northwest Territories<\/option><option value=\"Nunavut\">Nunavut<\/option><option value=\"Ontario\">Ontario<\/option><option value=\"Prince Edward Island\">Prince Edward Island<\/option><option value=\"Quebec\">Quebec<\/option><option value=\"Saskatchewan\">Saskatchewan<\/option><option value=\"Yukon\">Yukon<\/option><\/select><\/span><\/label><label class=\"onehalf\">Code postal: <span class=\"wpcf7-form-control-wrap\" data-name=\"your-zipcode\"><input size=\"40\" maxlength=\"400\" class=\"wpcf7-form-control wpcf7-text wpcf7-validates-as-required\" aria-required=\"true\" aria-invalid=\"false\" value=\"\" type=\"text\" name=\"your-zipcode\" \/><\/span><\/label>\n\t<\/p>\n<\/div>\n<div class=\"formbox\">\n\t<h3>B) Information au sujet des pneus\n\t<\/h3>\n\t<div class=\"onethird\">\n\t\t<p>QUANTIT\u00c9\n\t\t<\/p>\n\t\t<p>(nombre de pneus)\n\t\t<\/p>\n\t\t<p><span class=\"wpcf7-form-control-wrap\" data-name=\"customer_qty1\"><input size=\"40\" maxlength=\"400\" class=\"wpcf7-form-control wpcf7-text\" aria-invalid=\"false\" value=\"\" type=\"text\" name=\"customer_qty1\" \/><\/span><span class=\"wpcf7-form-control-wrap\" data-name=\"customer_qty2\"><input size=\"40\" maxlength=\"400\" class=\"wpcf7-form-control wpcf7-text\" aria-invalid=\"false\" value=\"\" type=\"text\" name=\"customer_qty2\" \/><\/span><span class=\"wpcf7-form-control-wrap\" data-name=\"customer_qty3\"><input size=\"40\" maxlength=\"400\" class=\"wpcf7-form-control wpcf7-text\" aria-invalid=\"false\" value=\"\" type=\"text\" name=\"customer_qty3\" \/><\/span><span class=\"wpcf7-form-control-wrap\" data-name=\"customer_qty4\"><input size=\"40\" maxlength=\"400\" class=\"wpcf7-form-control wpcf7-text\" aria-invalid=\"false\" value=\"\" type=\"text\" name=\"customer_qty4\" \/><\/span><span class=\"wpcf7-form-control-wrap\" data-name=\"customer_qty5\"><input size=\"40\" maxlength=\"400\" class=\"wpcf7-form-control wpcf7-text\" aria-invalid=\"false\" value=\"\" type=\"text\" name=\"customer_qty5\" \/><\/span>\n\t\t<\/p>\n\t<\/div>\n\t<div class=\"twothird\">\n\t\t<p>Num\u00e9ro identification DOT des pneus\n\t\t<\/p>\n\t\t<p>(num\u00e9ro d\u2019identification complet des pneus, sans trait ou espace)\n\t\t<\/p>\n\t\t<p><span class=\"wpcf7-form-control-wrap\" data-name=\"customer_code_1\"><input size=\"40\" maxlength=\"400\" class=\"wpcf7-form-control wpcf7-text\" aria-invalid=\"false\" value=\"\" type=\"text\" name=\"customer_code_1\" \/><\/span><span class=\"wpcf7-form-control-wrap\" data-name=\"customer_code_2\"><input size=\"40\" maxlength=\"400\" class=\"wpcf7-form-control wpcf7-text\" aria-invalid=\"false\" value=\"\" type=\"text\" name=\"customer_code_2\" \/><\/span><span class=\"wpcf7-form-control-wrap\" data-name=\"customer_code_3\"><input size=\"40\" maxlength=\"400\" class=\"wpcf7-form-control wpcf7-text\" aria-invalid=\"false\" value=\"\" type=\"text\" name=\"customer_code_3\" \/><\/span><span class=\"wpcf7-form-control-wrap\" data-name=\"customer_code_4\"><input size=\"40\" maxlength=\"400\" class=\"wpcf7-form-control wpcf7-text\" aria-invalid=\"false\" value=\"\" type=\"text\" name=\"customer_code_4\" \/><\/span><span class=\"wpcf7-form-control-wrap\" data-name=\"customer_code_5\"><input size=\"40\" maxlength=\"400\" class=\"wpcf7-form-control wpcf7-text\" aria-invalid=\"false\" value=\"\" type=\"text\" name=\"customer_code_5\" \/><\/span>\n\t\t<\/p>\n\t<\/div>\n<\/div>\n<div class=\"formbox\">\n\t<h3>C) Information au sujet du d\u00e9taillant\n\t<\/h3>\n\t<p><label class=\"onehalf\">Date de la vente : <span class=\"wpcf7-form-control-wrap\" data-name=\"date-823\"><input class=\"wpcf7-form-control wpcf7-date wpcf7-validates-as-required wpcf7-validates-as-date\" aria-required=\"true\" aria-invalid=\"false\" value=\"\" type=\"date\" name=\"date-823\" \/><\/span><\/label><label class=\"onehalf\">Nom du d\u00e9taillant : <span class=\"wpcf7-form-control-wrap\" data-name=\"dealer-name\"><input size=\"40\" maxlength=\"400\" class=\"wpcf7-form-control wpcf7-text wpcf7-validates-as-required\" aria-required=\"true\" aria-invalid=\"false\" value=\"\" type=\"text\" name=\"dealer-name\" \/><\/span><\/label><label class=\"onehalf\">Adresse du d\u00e9taillant : <span class=\"wpcf7-form-control-wrap\" data-name=\"dealer-address\"><input size=\"40\" maxlength=\"400\" class=\"wpcf7-form-control wpcf7-text wpcf7-validates-as-required\" aria-required=\"true\" aria-invalid=\"false\" value=\"\" type=\"text\" name=\"dealer-address\" \/><\/span><\/label><label class=\"onehalf\">Ville du d\u00e9taillant : <span class=\"wpcf7-form-control-wrap\" data-name=\"dealer-city\"><input size=\"40\" maxlength=\"400\" class=\"wpcf7-form-control wpcf7-text wpcf7-validates-as-required\" aria-required=\"true\" aria-invalid=\"false\" value=\"\" type=\"text\" name=\"dealer-city\" \/><\/span><\/label><label class=\"onehalf\">\u00c9tat\/Province : (veuillez s\u00e9lectionner)<span class=\"wpcf7-form-control-wrap\" data-name=\"menu-dealer-stateprovince\"><select class=\"wpcf7-form-control wpcf7-select wpcf7-validates-as-required\" aria-required=\"true\" aria-invalid=\"false\" name=\"menu-dealer-stateprovince\"><option value=\"\u00c9tat\/Province : veuillez s\u00e9lectionner:\">\u00c9tat\/Province : veuillez s\u00e9lectionner:<\/option><option value=\"Alabama\">Alabama<\/option><option value=\"Alaska\">Alaska<\/option><option value=\"Arizona\">Arizona<\/option><option value=\"Arkansas\">Arkansas<\/option><option value=\"California\">California<\/option><option value=\"Colorado\">Colorado<\/option><option value=\"Connecticut\">Connecticut<\/option><option value=\"Delaware\">Delaware<\/option><option value=\"District of Columbia\">District of Columbia<\/option><option value=\"Florida\">Florida<\/option><option value=\"Georgia\">Georgia<\/option><option value=\"Guam\">Guam<\/option><option value=\"Hawaii\">Hawaii<\/option><option value=\"Idaho\">Idaho<\/option><option value=\"Illinois\">Illinois<\/option><option value=\"Indiana\">Indiana<\/option><option value=\"Iowa\">Iowa<\/option><option value=\"Kansas\">Kansas<\/option><option value=\"Kentucky\">Kentucky<\/option><option value=\"Louisiana\">Louisiana<\/option><option value=\"Maine\">Maine<\/option><option value=\"Maryland\">Maryland<\/option><option value=\"Massachusetts\">Massachusetts<\/option><option value=\"Michigan\">Michigan<\/option><option value=\"Minnesota\">Minnesota<\/option><option value=\"Mississippi\">Mississippi<\/option><option value=\"Missouri\">Missouri<\/option><option value=\"Montana\">Montana<\/option><option value=\"Nebraska\">Nebraska<\/option><option value=\"Nevada\">Nevada<\/option><option value=\"New Hampshire\">New Hampshire<\/option><option value=\"New Jersey\">New Jersey<\/option><option value=\"New Mexico\">New Mexico<\/option><option value=\"New York\">New York<\/option><option value=\"North Carolina\">North Carolina<\/option><option value=\"North Dakota\">North Dakota<\/option><option value=\"Ohio\">Ohio<\/option><option value=\"Oklahoma\">Oklahoma<\/option><option value=\"Oregon\">Oregon<\/option><option value=\"Pennsylvania\">Pennsylvania<\/option><option value=\"Puerto Rico\">Puerto Rico<\/option><option value=\"Rhode Island\">Rhode Island<\/option><option value=\"South Carolina\">South Carolina<\/option><option value=\"South Dakota\">South Dakota<\/option><option value=\"Tennessee\">Tennessee<\/option><option value=\"Texas\">Texas<\/option><option value=\"Utah\">Utah<\/option><option value=\"Vermont\">Vermont<\/option><option value=\"Virgin Islands\">Virgin Islands<\/option><option value=\"Virginia\">Virginia<\/option><option value=\"Washington\">Washington<\/option><option value=\"West Virginia\">West Virginia<\/option><option value=\"Wisconsin\">Wisconsin<\/option><option value=\"Wyoming\">Wyoming<\/option><option value=\"Alberta\">Alberta<\/option><option value=\"British Columbia\">British Columbia<\/option><option value=\"Manitoba\">Manitoba<\/option><option value=\"New Brunswick\">New Brunswick<\/option><option value=\"Newfoundland\">Newfoundland<\/option><option value=\"Nova Scotia\">Nova Scotia<\/option><option value=\"Northwest Territories\">Northwest Territories<\/option><option value=\"Nunavut\">Nunavut<\/option><option value=\"Ontario\">Ontario<\/option><option value=\"Prince Edward Island\">Prince Edward Island<\/option><option value=\"Quebec\">Quebec<\/option><option value=\"Saskatchewan\">Saskatchewan<\/option><option value=\"Yukon\">Yukon<\/option><\/select><\/span><\/label><label class=\"onehalf\">Code postal : <span class=\"wpcf7-form-control-wrap\" data-name=\"your-dealer-zipcode\"><input size=\"40\" maxlength=\"400\" class=\"wpcf7-form-control wpcf7-text wpcf7-validates-as-required\" aria-required=\"true\" aria-invalid=\"false\" value=\"\" type=\"text\" name=\"your-dealer-zipcode\" \/><\/span><\/label>\n\t<\/p>\n<\/div>\n<div class=\"onefull\">\n<span class=\"wpcf7-form-control-wrap recaptcha\" data-name=\"recaptcha\"><span data-sitekey=\"6LfYquEUAAAAAKOZDsA73zy_lgFMBdubmvVPIbVP\" class=\"wpcf7-form-control wpcf7-recaptcha g-recaptcha\"><\/span>\r\n<noscript>\r\n\t<div class=\"grecaptcha-noscript\">\r\n\t\t<iframe loading=\"lazy\" src=\"https:\/\/www.google.com\/recaptcha\/api\/fallback?k=6LfYquEUAAAAAKOZDsA73zy_lgFMBdubmvVPIbVP\" frameborder=\"0\" scrolling=\"no\" width=\"310\" height=\"430\">\r\n\t\t<\/iframe>\r\n\t\t<textarea name=\"g-recaptcha-response\" rows=\"3\" cols=\"40\" placeholder=\"reCaptcha Response Here\">\r\n\t\t<\/textarea>\r\n\t<\/div>\r\n<\/noscript>\r\n<\/span>\n<\/div>\n<div class=\"onefull\">\n\t<p><input class=\"wpcf7-form-control wpcf7-submit has-spinner redbtn\" type=\"submit\" value=\"Submit Form\" \/>\n\t<\/p>\n<\/div><div class=\"wpcf7-response-output\" aria-hidden=\"true\"><\/div>\n<\/form>\n<\/div>\n\n<div class=\"col-12 col-sm-12\" id=\"privacystatement\">\nWe respect your privacy: This data will only be used in the unlikely event of a recall. We will not use this information for commercial purposes.\n<\/div>\n<\/div>\n","protected":false},"excerpt":{"rendered":"<p>Enregistrement des Pneus Merci de votre achat de nouveaux pneus! Dans le cas peu probable d\u2019un rappel de pneus ou de tout avis de s\u00e9curit\u00e9, il est important pour nous d\u2019avoir vos coordonn\u00e9es \u00e0 nos dossiers afin de pouvoir communiquer avec vous. Il est facile et rapide d\u2019enregistrer vos pneus. Avant de commencer, vous devez [&hellip;]<\/p>\n","protected":false},"author":1,"featured_media":0,"parent":0,"menu_order":0,"comment_status":"closed","ping_status":"closed","template":"page-templates\/full-width.php","meta":{"footnotes":""},"class_list":["post-823","page","type-page","status-publish","hentry"],"_links":{"self":[{"href":"https:\/\/gtradial.ca\/\/\/fr\/wp-json\/wp\/v2\/pages\/823","targetHints":{"allow":["GET"]}}],"collection":[{"href":"https:\/\/gtradial.ca\/\/\/fr\/wp-json\/wp\/v2\/pages"}],"about":[{"href":"https:\/\/gtradial.ca\/\/\/fr\/wp-json\/wp\/v2\/types\/page"}],"author":[{"embeddable":true,"href":"https:\/\/gtradial.ca\/\/\/fr\/wp-json\/wp\/v2\/users\/1"}],"replies":[{"embeddable":true,"href":"https:\/\/gtradial.ca\/\/\/fr\/wp-json\/wp\/v2\/comments?post=823"}],"version-history":[{"count":3,"href":"https:\/\/gtradial.ca\/\/\/fr\/wp-json\/wp\/v2\/pages\/823\/revisions"}],"predecessor-version":[{"id":1409,"href":"https:\/\/gtradial.ca\/\/\/fr\/wp-json\/wp\/v2\/pages\/823\/revisions\/1409"}],"wp:attachment":[{"href":"https:\/\/gtradial.ca\/\/\/fr\/wp-json\/wp\/v2\/media?parent=823"}],"curies":[{"name":"wp","href":"https:\/\/api.w.org\/{rel}","templated":true}]}}