{"id":789,"date":"2020-03-04T15:39:08","date_gmt":"2020-03-04T15:39:08","guid":{"rendered":"https:\/\/webhedzwordpress.com\/GT\/?page_id=789"},"modified":"2023-04-03T16:37:54","modified_gmt":"2023-04-03T16:37:54","slug":"test-drive","status":"publish","type":"page","link":"https:\/\/gtradial.ca\/\/\/fr\/test-drive\/","title":{"rendered":"Test Drive"},"content":{"rendered":"<div class=\"container-fluid\"><img decoding=\"async\" src=\"https:\/\/gtradial.ca\/\/\/fr\/wp-content\/uploads\/sites\/3\/2020\/03\/30day-consumer-bg.jpg\" alt=\"test drive banner\" width=\"100%\" \/><\/div>\n<div class=\"container row\">\n<div id=\"content\">\n<div class=\"thirty-consumer\">\n<div class=\"alignleft\">\n<img decoding=\"async\" src=\"https:\/\/gtradial.ca\/\/\/fr\/wp-content\/uploads\/sites\/3\/2020\/03\/30day-testdrive-1.jpg\" class=\"marginb20\" align=\"center\" alt=\"30 Day Test Drive\"><br \/>\n<img decoding=\"async\" src=\"https:\/\/gtradial.ca\/\/\/fr\/wp-content\/uploads\/sites\/3\/2020\/03\/30day-side-car.jpg\" align=\"center\" alt=\"30 Day Test Drive\">\n                <\/div>\n<p class=\"title\">Vous allez adorer vos pneus GT\u2008Radial &#8211; garanti!*<\/p>\n<p>Celui-ci est facile. Achetez un jeu* de pneus GT Radial ci-dessous et essayez-les sur votre voiture ou votre camionnette, jusqu&#8217;\u00e0 800 kilom\u00e8tres ou 30 jours, selon la premi\u00e8re \u00e9ventualit\u00e9. D\u00e9couvrez par vous-m\u00eame les performances des pneus GT Radial. Si vous n&#8217;\u00eates pas enti\u00e8rement satisfait, retournez-les simplement au revendeur o\u00f9 vous les avez achet\u00e9s. Votre concessionnaire GT Radial remplacera les pneus ou remboursera le prix d&#8217;achat &#8211; c&#8217;est votre d\u00e9cision.<\/p>\n<p>C&#8217;est si facile. Essai routier de 30 jours de la GT Radial &#8220;Exp\u00e9rimentez la performance&#8221;. Vivez la performance, vivez la satisfaction.<\/p>\n<div class=\"thirty-details\">\n\t\t\t<strong>* LES D\u00c9TAILS:<\/strong><\/p>\n<ul>\n<li>Pneus GT Radial achet\u00e9s apr\u00e8s le 01\/01\/16 uniquement. Un ensemble est de quatre pneus. Offre valable pour les pneus CHAMPIRO UHP<sup>AS<\/sup>, MAXTOUR LX, CHAMPIRO TOURING A\/S, MAXTOUR ALL SEASON, SAVERO HT2, and ADVENTURO AT<sup>3<\/sup>.<\/li>\n<li>Les quatre pneus doivent \u00eatre achet\u00e9s le m\u00eame jour, mont\u00e9s sur le v\u00e9hicule indiqu\u00e9 sur la facture et doivent \u00eatre retourn\u00e9s au concessionnaire participant o\u00f9 ils ont \u00e9t\u00e9 achet\u00e9s dans les 800 kilom\u00e8tres ou 30 jours, selon la premi\u00e8re \u00e9ventualit\u00e9. Cette offre est disponible uniquement pour l&#8217;acheteur d&#8217;origine et n&#8217;est pas transf\u00e9rable. Les autres frais de service ou les taxes applicables ne sont pas inclus. Les achats en ligne ne sont pas \u00e9ligibles. L&#8217;utilisation commerciale, de course ou hors route, une charge inappropri\u00e9e ou une mauvaise application, ou des dommages caus\u00e9s par des dangers de la route ou d&#8217;autres abus, sont exclus.<\/li>\n<\/ul>\n<p>\t\t\t<img decoding=\"async\" src=\"https:\/\/gtradial.ca\/\/\/fr\/wp-content\/uploads\/sites\/3\/2020\/03\/30-day-test-drive.jpg\" alt=\"30 Day Test Drive\" border=\"0\" width=\"100%\">\n\t\t\t<\/div>\n<\/p><\/div>\n<\/p><\/div>\n<\/div>\n","protected":false},"excerpt":{"rendered":"<p>Vous allez adorer vos pneus GT\u2008Radial &#8211; garanti!* Celui-ci est facile. Achetez un jeu* de pneus GT Radial ci-dessous et essayez-les sur votre voiture ou votre camionnette, jusqu&#8217;\u00e0 800 kilom\u00e8tres ou 30 jours, selon la premi\u00e8re \u00e9ventualit\u00e9. D\u00e9couvrez par vous-m\u00eame les performances des pneus GT Radial. Si vous n&#8217;\u00eates pas enti\u00e8rement satisfait, retournez-les simplement au [&hellip;]<\/p>\n","protected":false},"author":1,"featured_media":0,"parent":0,"menu_order":0,"comment_status":"closed","ping_status":"closed","template":"page-templates\/full-width.php","meta":{"footnotes":""},"class_list":["post-789","page","type-page","status-publish","hentry"],"_links":{"self":[{"href":"https:\/\/gtradial.ca\/\/\/fr\/wp-json\/wp\/v2\/pages\/789","targetHints":{"allow":["GET"]}}],"collection":[{"href":"https:\/\/gtradial.ca\/\/\/fr\/wp-json\/wp\/v2\/pages"}],"about":[{"href":"https:\/\/gtradial.ca\/\/\/fr\/wp-json\/wp\/v2\/types\/page"}],"author":[{"embeddable":true,"href":"https:\/\/gtradial.ca\/\/\/fr\/wp-json\/wp\/v2\/users\/1"}],"replies":[{"embeddable":true,"href":"https:\/\/gtradial.ca\/\/\/fr\/wp-json\/wp\/v2\/comments?post=789"}],"version-history":[{"count":4,"href":"https:\/\/gtradial.ca\/\/\/fr\/wp-json\/wp\/v2\/pages\/789\/revisions"}],"predecessor-version":[{"id":1618,"href":"https:\/\/gtradial.ca\/\/\/fr\/wp-json\/wp\/v2\/pages\/789\/revisions\/1618"}],"wp:attachment":[{"href":"https:\/\/gtradial.ca\/\/\/fr\/wp-json\/wp\/v2\/media?parent=789"}],"curies":[{"name":"wp","href":"https:\/\/api.w.org\/{rel}","templated":true}]}}