{"id":734,"date":"2020-03-03T20:07:57","date_gmt":"2020-03-03T20:07:57","guid":{"rendered":"https:\/\/webhedzwordpress.com\/GT\/?page_id=734"},"modified":"2020-08-19T16:07:52","modified_gmt":"2020-08-19T16:07:52","slug":"warranty","status":"publish","type":"page","link":"https:\/\/gtradial.ca\/\/\/fr\/warranty\/","title":{"rendered":"Garantie"},"content":{"rendered":"<div id=\"mainbanner\" class=\"aboutbanner\">\n<h1>Garantie<\/h1>\n<\/div>\n<div id=\"Warranty\" class=\"container row\">\n<p><!-- Nav tabs --><\/p>\n<ul class=\"nav nav-tabs\">\n<li style=\"list-style-type: none;\">\n<ul class=\"nav nav-tabs\">\n<li class=\"nav-item\"><a class=\"nav-link active\" href=\"#FiveYearWarranty\" data-toggle=\"tab\">Garantie de limit\u00e9e 5 ans<\/a><\/li>\n<li class=\"nav-item\"><a class=\"nav-link\" href=\"#MileageWarranty\" data-toggle=\"tab\">Garantie limit\u00e9e de kilometrage<\/a><\/li>\n<li class=\"nav-item\"><a class=\"nav-link\" href=\"#RoadHazardWarranty\" data-toggle=\"tab\">Garantie contre les risques routiers<\/a><\/li>\n<p> \t<!-----li class=\"nav-item\"><a class=\"nav-link\" href=\"#RoadsideAssistance\" data-toggle=\"tab\">Assistance routi\u00e8re 24 heures<\/a><\/li----->\n<\/ul>\n<\/li>\n<\/ul>\n<p><!---li class=\"nav-item\"><a class=\"nav-link\" href=\"#ThirtyDayTestDrive\" data-toggle=\"tab\">Essai routier de 30 jours<\/a><\/li---->\n<p><!-- Tab panes --><\/p>\n<div class=\"tab-content\">\n<div id=\"FiveYearWarranty\" class=\"tab-pane active container\">\n<h2><img loading=\"lazy\" decoding=\"async\" src=\"https:\/\/gtradial.ca\/\/\/fr\/wp-content\/uploads\/sites\/3\/2020\/03\/5-year-warrantyfr.png\" alt=\"5 Year Warranty\" width=\"100\" height=\"82\" \/><\/h2>\n<p>La politique et les proc\u00e9dures de cette garantie limit\u00e9e s\u2019appliquent aux nouveaux pneus au detail (PCR\/LTR) achet\u00e9s depuis le 1er janvier 2012, vendus ou distribu\u00e9s sous la banni\u00e8re GT Radial et Portant le num\u00e9ro d\u2019identification D.O.T. correspondant.<\/p>\n<p>Pour \u00eatre admissible, le pneu doit r\u00e9pondre aux crit\u00e8res suivants :<\/p>\n<ul>\n<li>il doit avoir \u00e9t\u00e9 achet\u00e9 au Canada ou aux \u00c9tats-Unis<\/li>\n<li>il doit \u00eatre utilis\u00e9 en conditions normales et utilis\u00e9 sur le m\u00eame v\u00e9hicule pour lequel il a \u00e9t\u00e9 achet\u00e9 \u00e0 l\u2019origine, conform\u00e9ment aux recommandations du constructeur automobile<\/li>\n<li>il doit \u00eatre d\u2019une dimension et d\u2019un indice de charge qui conviennent \u00e0 la marque et au<\/li>\n<li>type de v\u00e9hicule<\/li>\n<li>il doit \u00eatre utilis\u00e9 sur des chauss\u00e9s pour lesquelles il est con\u00e7u<\/li>\n<li>il ne doit pas faire l\u2019objet d\u2019une exclusion (voir la section \u00ab ce qui n\u2019est pas couvert par la garantie limit\u00e9e \u00bb)<\/li>\n<\/ul>\n<p><strong>Ce qui est couvert par la garantie limit\u00e9e standard<\/strong><\/p>\n<p>Apr\u00e8s examen par un repr\u00e9sentant de GT Radial, tout pneu GT Radial admissible qui devient inutilisable en raison d\u2019un \u00e9tat attribuable aux mat\u00e9riaux ou \u00e0 la fabrication dans les 60 mois qui suivent la date de fabrication du pneu (DOT), et avant que la profondeur de la semelle d\u2019origine atteigne 1,6 mm (2\/32 po), et sans \u00eatre assujetti aux exclusions de la section \u00ab Ce qui n\u2019est pas couvert par la garantie limit\u00e9e standard \u00bb, sera remplac\u00e9 par un pneu GT Radial neuf \u00e9quivalant conform\u00e9ment \u00e0 ce qui est stipul\u00e9 dans cette garantie limit\u00e9e.<\/p>\n<p>Tout rajustement en raison du confort de roulement ou d\u2019un faux rond est seulement permis pendant le premier 1,6 mm (2\/32 po) d\u2019usure de la semelle d\u2019origine et pendant les 12 premiers moins qui suivent la date d\u2019achat (selon la premi\u00e8re \u00e9ventualit\u00e9) avec preuve d\u2019achat.<\/p>\n<p>Tout pneu GT Radial qui r\u00e9pond aux conditions ci-dessus et qui devient inutilisable en raison d\u2019un d\u00e9faut de fabrication et de mat\u00e9riau sera remplac\u00e9 sans frais par un d\u00e9taillant GT Radial autoris\u00e9. Le co\u00fbt d\u2019installation et d\u2019\u00e9quilibrage, ainsi que les autres frais (service, rebut ou taxes applicables) sont payables par le client (c.-\u00e0-d. le propri\u00e9taire ou l\u2019utilisateur du v\u00e9hicule).<\/p>\n<p>Tout pneu GT Radial dont l\u2019usure est sup\u00e9rieure \u00e0 1,6 mm (2\/32 po) de semelle neuve d\u2019origine et qui est rajust\u00e9 en vertu de cette garantie limit\u00e9e standard en raison d\u2019un d\u00e9faut de fabrication et de mat\u00e9riau sera remplac\u00e9 par un pneu GT Radial neuf et assujetti \u00e0 des frais au prorata par l\u2019entremise d\u2019un d\u00e9taillant GT Radial autoris\u00e9. Le co\u00fbt d\u2019installation et d\u2019\u00e9quilibrage, ainsi que les autres frais (service, rebut ou taxes applicables) sont payables par le client.<\/p>\n<p><strong>Ce qui n\u2019est pas couvert par la garantie limit\u00e9e standard<\/strong><\/p>\n<p>Cette garantie limit\u00e9e ne s\u2019applique pas aux pneus de d\u00e9tail (PCR\/LTR) qui deviennent inutilisables en raison des conditions suivantes, sans en exclure d\u2019autres :<\/p>\n<ul>\n<li>taille ou indice de charge incorrectes pour le v\u00e9hicule<\/li>\n<li>dommages caus\u00e9es par une avarie routi\u00e8re (p. ex. une coupure, une d\u00e9chirure, un coup, un choc ou une perforation)<\/li>\n<li>une utilisation inad\u00e9quate dont une pression de gonflage inappropri\u00e9e, une surcharge, un choc avec le trottoir, l\u2019utilisation d\u2019une jante ou d\u2019une roue inad\u00e9quate, une installation ou un \u00e9quilibrage<\/li>\n<li>inad\u00e9quats, un m\u00e9susage, la n\u00e9gligence, la modification du pneu ou une utilisation en course<\/li>\n<li>une utilisation commerciale pour les r\u00e9clamations li\u00e9es \u00e0 l\u2019usure de la bande de roulement<\/li>\n<li>un entretien d\u00e9ficient du pneu, de la roue ou des composants du v\u00e9hicule; un parall\u00e9lisme d\u00e9ficient, un d\u00e9s\u00e9quilibre, des composants us\u00e9s ou d\u2019autres conditions, caract\u00e9ristiques ou d\u00e9fectuosit\u00e9s du v\u00e9hicule<\/li>\n<li>l\u2019utilisation de pneus routiers hors route<\/li>\n<li>l\u2019utilisation de pneus sous-gonfl\u00e9s ou \u00e0 plat<\/li>\n<li>un pneu mal r\u00e9par\u00e9<\/li>\n<li>une usure rapide ou in\u00e9gale caus\u00e9e par une irr\u00e9gularit\u00e9 m\u00e9canique du v\u00e9hicule, comme un d\u00e9s\u00e9quilibre de roue (diff\u00e9rence de semelle de 2\/32 po ou plus sur la semelle du m\u00eame pneu)<\/li>\n<li>accident, incendie, corrosion chimique, modification du pneu ou vandalisme<\/li>\n<li>m\u00e9plat caus\u00e9 par un entreposage inad\u00e9quat ou le blocage des roues<\/li>\n<li>contamination ou d\u00e9gradation caus\u00e9e par des produits \u00e0 base de p\u00e9trole ou des produits chimiques, sous forme de solide ou de gaz autre que l\u2019air, l\u2019azote ou le dioxyde de carbone (par exemple, scellant \u00e0 base d\u2019eau ou produit d\u2019\u00e9quilibrage)<\/li>\n<li>usure \u00e0 l\u2019ozone ou craquelures apr\u00e8s plus de 48 mois apr\u00e8s la date de fabrication<\/li>\n<li>num\u00e9ro de s\u00e9rie effac\u00e9, coup\u00e9 ou illisible<\/li>\n<li>achet\u00e9 ou utilis\u00e9 \u00e0 l\u2019ext\u00e9rieur des \u00c9tats-Unis ou du Canada<\/li>\n<li>avec moins de 2\/32 po de profondeur \u00e0 tout endroit dans la bande de roulement<\/li>\n<li>avec une plainte de confort de roulement qui survient apr\u00e8s une usure de 2\/32 po de la bande de roulement<\/li>\n<li>dommages \u00e0 la suite de l\u2019utilisation d\u2019une chambre \u00e0 air ou d\u2019une jupette<\/li>\n<li>dommages caus\u00e9s par une utilisation inad\u00e9quate de cha\u00eenes<\/li>\n<\/ul>\n<p><em><strong>Consultez la section Obligations du propri\u00e9taire pour conna\u00eetre les crit\u00e8res d\u2019admissibilit\u00e9 de r\u00e9clamation.<\/strong><\/em><\/p>\n<\/div>\n<div id=\"MileageWarranty\" class=\"tab-pane container\">\n<h2><img decoding=\"async\" src=\"https:\/\/gtradial.ca\/\/\/fr\/wp-content\/uploads\/sites\/3\/2020\/03\/mileage-warrantyfr.png\" alt=\"Mileage Warranty\" \/><\/h2>\n<p>Cette garantie limit\u00e9e de kilom\u00e9trage s\u2019applique aux nouveaux pneus au d\u00e9tail (PCR\/LTR) achet\u00e9s depuis le 1er janvier 2012, vendus ou distribu\u00e9s sous la banni\u00e8re GT Radial et portant le num\u00e9ro d\u2019identification D.O.T. correspondant.<\/p>\n<p>Les dessins de semelle GT Radial suivants sont couverts par une garantie limit\u00e9e d\u2019usure de la semelle selon les conditions suivantes :<\/p>\n<table id=\"warrantyTable\" style=\"padding-left: 20px;\" border=\"0\" width=\"600\" cellspacing=\"0\" cellpadding=\"0\">\n<tbody>\n<tr>\n<td width=\"200\">MAXTOUR LX<\/td>\n<td width=\"200\">115,000 kilom\u00e8tres<\/td>\n<\/tr>\n<tr>\n<td width=\"200\">CHAMPIRO UHPas<\/td>\n<td width=\"200\">75,000 kilom\u00e8tres<\/td>\n<\/tr>\n<tr>\n<td width=\"200\">CHAMPIRO TOURING AS**<\/td>\n<td width=\"200\">100,000 kilom\u00e8tres<\/td>\n<\/tr>\n<tr>\n<td width=\"200\">MAXTOUR AS<\/td>\n<td width=\"200\">100,000 kilom\u00e8tres<\/td>\n<\/tr>\n<tr>\n<td width=\"200\">ADVENTURO HT<\/td>\n<td width=\"200\">100,000 kilom\u00e8tres (P-m\u00e9trique seulement)<\/td>\n<\/tr>\n<tr>\n<td width=\"200\">ADVENTURO AT3<\/td>\n<td width=\"200\">80,000 kilom\u00e8tres (P-m\u00e9trique seulement)<\/td>\n<\/tr>\n<tr>\n<td width=\"200\">SAVERO HT2<\/td>\n<td width=\"200\">80,000 kilom\u00e8tres (P-m\u00e9trique seulement)<\/td>\n<\/tr>\n<\/tbody>\n<\/table>\n<p>&nbsp;<\/p>\n<p><strong>Admissibilit\u00e9<\/strong><\/p>\n<p>Pour \u00eatre admissible, le pneu de d\u00e9tail (PCR\/LTR) doit r\u00e9pondre aux crit\u00e8res suivants :<\/p>\n<ul>\n<li>il doit avoir \u00e9t\u00e9 achet\u00e9 au Canada ou aux \u00c9tats-Unis<\/li>\n<li>il doit avoir \u00e9t\u00e9 utilis\u00e9 de mani\u00e8re normale sur le v\u00e9hicule pour lequel il a \u00e9t\u00e9 achet\u00e9 et pos\u00e9<\/li>\n<li>il doit avoir \u00e9t\u00e9 entretenu conform\u00e9ment aux recommandations et mises en garde de s\u00e9curit\u00e9 contenues dans le manuel du propri\u00e9taire pendant la dur\u00e9e de vie de la semelle d\u2019origine, ou 60 mois apr\u00e8s la date de l\u2019achat, selon la premi\u00e8re \u00e9ventualit\u00e9; \u00e0 ce moment, toute garantie, implicite ou tacite, vient \u00e0 \u00e9ch\u00e9ance<\/li>\n<li>il doit \u00eatre d\u2019une dimension et d\u2019un indice de charge qui conviennent \u00e0 la marque et au type de v\u00e9hicule<\/li>\n<li>il doit avoir \u00e9t\u00e9 utilis\u00e9 sur des chauss\u00e9s pour lesquelles il est con\u00e7u<\/li>\n<li>il ne doit pas faire l\u2019objet d\u2019une exclusion (voir la section \u00ab Ce qui n\u2019est pas couvert par la garantie limit\u00e9e standard \u00bb)<\/li>\n<\/ul>\n<p>Les habitudes et conditions de conduite, les conditions routi\u00e8res et l\u2019entretien du v\u00e9hicule jouent tous un r\u00f4le dans la dur\u00e9e de vie d\u2019une bande de roulement de pneu. Si un pneu n\u2019atteint pas son kilom\u00e9trage garanti et que le propri\u00e9taire du pneu s\u2019est conform\u00e9 \u00e0 toutes les conditions de cette garantie limit\u00e9e de kilom\u00e9trage, GT Radial remplacera le pneu selon les conditions suivantes :<\/p>\n<p>Si le pneu admissible s\u2019use au complet (jusqu\u2019\u00e0 une profondeur restante de 2\/32 po) avant l\u2019atteinte de la limite de kilom\u00e9trage, calcul\u00e9 \u00e0 l\u2019aide d\u2019un odom\u00e8tre de v\u00e9hicule en bon \u00e9tat, et dans des conditions d\u2019utilisation normale de voiture, VUS, multisegment ou camionnette l\u00e9g\u00e8re, GT Radial offrira un rajustement pour la diff\u00e9rence de kilom\u00e9trage garanti par rapport au kilom\u00e9trage r\u00e9el pour l\u2019achat d\u2019un pneu GT Radial neuf comparable, au prorata du kilom\u00e9trage.<\/p>\n<p>Le d\u00e9taillant autoris\u00e9 calculera la remise de remplacement en multipliant le pourcentage de kilom\u00e9trage garanti non re\u00e7u par le prix du d\u00e9taillant au moment et au lieu du rajustement.<\/p>\n<p><strong>Ce qui n\u2019est pas couvert par la garantie limit\u00e9e de kilometrage<\/strong><\/p>\n<ul>\n<li>pneu de taille ou d\u2019un indice de charge incorrectes pour le v\u00e9hicule<\/li>\n<li>pneus non permut\u00e9s conform\u00e9ment aux sch\u00e9mas de permutation et bar\u00e8mes kilom\u00e9triques du fabricant du v\u00e9hicule ou de GT Radial<\/li>\n<li>pneus endommag\u00e9s \u00e0 la suite d\u2019une avarie routi\u00e8re (p. ex. une coupure, une d\u00e9chirure, un enfoncement, un choc ou une perforation)<\/li>\n<li>insuffisante, une surcharge, un choc avec le trottoir, l\u2019utilisation d\u2019une jante ou d\u2019une roue inappropri\u00e9e, une installation ou un \u00e9quilibrage d\u00e9ficients, un m\u00e9susage la n\u00e9gligence, la modification du pneu ou un usage en course<\/li>\n<li>les pneus utilis\u00e9s \u00e0 des fins commerciales, y compris, sans en exclure d\u2019autres, les voitures de police, les taxis, les voitures gouvernementales ou les ventes \u00e0 forfait<\/li>\n<li>les pneus install\u00e9s sur un v\u00e9hicule autre que celui pour lequel les pneus ont \u00e9t\u00e9 achet\u00e9s<\/li>\n<li>un entretien d\u00e9ficient du pneu, de la roue ou des composants du v\u00e9hicule; un parall\u00e9lisme d\u00e9ficient, un d\u00e9s\u00e9quilibre, des composants us\u00e9s ou d\u2019autres conditions, caract\u00e9ristiques ou d\u00e9fectuosit\u00e9s du v\u00e9hicule<\/li>\n<li>l\u2019utilisation de pneus routiers hors route<\/li>\n<li>l\u2019utilisation de pneus sous-gonfl\u00e9s ou \u00e0 plat<\/li>\n<li>un pneu mal r\u00e9par\u00e9<\/li>\n<li>une usure rapide ou in\u00e9gale caus\u00e9e par une irr\u00e9gularit\u00e9 m\u00e9canique du v\u00e9hicule, comme un d\u00e9s\u00e9quilibre de roue (diff\u00e9rence de semelle de 2\/32 po ou plus sur la semelle du m\u00eame pneu)<\/li>\n<li>pneus endommag\u00e9s par un accident, incendie, corrosion chimique, modification du pneu ou vandalism<\/li>\n<li>un m\u00e9plat caus\u00e9 par un entreposage inad\u00e9quat ou le blocage des roues<\/li>\n<li>la contamination ou la d\u00e9gradation caus\u00e9e par des produits \u00e0 base de p\u00e9trole ou des produits chimiques, sous forme de solide ou de gaz autre que l\u2019air, l\u2019azote ou le dioxyde de carbone (par exemple, scellant \u00e0 base d\u2019eau ou produit d\u2019\u00e9quilibrage)<\/li>\n<li>num\u00e9ro de s\u00e9rie effac\u00e9, coup\u00e9 ou illisible<\/li>\n<li>achet\u00e9 ou utilis\u00e9 \u00e0 l\u2019ext\u00e9rieur des \u00c9tats-Unis ou du Canada<\/li>\n<\/ul>\n<\/div>\n<div id=\"RoadHazardWarranty\" class=\"tab-pane container\">\n<h2><img decoding=\"async\" src=\"https:\/\/gtradial.ca\/\/\/fr\/wp-content\/uploads\/sites\/3\/2020\/03\/road-hazard-fr.png\" alt=\"Road Hazard Warranty\" \/><\/h2>\n<p>Cette garantie s\u2019applique \u00e0 tout pneu de rechange GT Radial MAXTOUR LX, CHAMPIRO TOURING A\/S, et MAXTOUR ALL SEASON GT Radial neuf achet\u00e9 depuis le 1er janvier 2012 et utilis\u00e9 dans des conditions normales sur le v\u00e9hicule pour lequel il a \u00e9t\u00e9 achet\u00e9 et pos\u00e9 \u00e0 l\u2019origine, conform\u00e9ment aux recommandations d\u2019entretien et aux avis de s\u00e9curit\u00e9 contenus dans le manuel du propri\u00e9taire du v\u00e9hicule pendant les premiers 20 000 km\/12 000 milles ou douze (12) mois apr\u00e8s la date d\u2019achat, selon la premi\u00e8re \u00e9ventualit\u00e9. \u00c0 ce moment, toute garantie, implicite ou tacite, vient \u00e0 \u00e9ch\u00e9ance.<\/p>\n<p>Si un pneu admissible devient inutilisable en raison d\u2019un risque routier non r\u00e9parable (coupure, d\u00e9chirure, choc ou perforation) pendant les 20 000 premiers kilom\u00e8tres (12 000 milles) d\u2019usure de bande de roulement d\u2019origine, mesur\u00e9e par l\u2019odom\u00e8tre en bon \u00e9tat du v\u00e9hicule, ou douze (12) mois apr\u00e8s la date d\u2019achat, selon la premi\u00e8re \u00e9ventualit\u00e9, sera remplac\u00e9 par un pneu neuf comparable de marque GT Radial MAXTOUR LX, CHAMPIRO TOURING A\/S, et MAXTOUR ALL SEASON, au prorata du kilom\u00e9trage de garantie.<\/p>\n<p>Le d\u00e9taillant calculera la remise de remplacement en multipliant le pourcentage de kilom\u00e9trage garanti non re\u00e7u par le prix du d\u00e9taillant au moment et au lieu du rajustement.<\/p>\n<p>Un pneu neuf GT Radial MAXTOUR LX, CHAMPIRO TOURING A\/S, et MAXTOUR ALL SEASON comparable est un pneu de la m\u00eame gamme, ou advenant le cas o\u00f9 un pneu de la m\u00eame gamme n\u2019est pas disponible, un pneu de la m\u00eame fabrication et de la m\u00eame qualit\u00e9 qui se difference seulement par le dessin de flanc ou de semelle.<\/p>\n<p>Si un pneu plus dispendieux est accept\u00e9 \u00e0 titre de remplacement ou si vous souhaitez effectuer une mise \u00e0 niveau au moment du rajustement, vous devrez payer tous frais suppl\u00e9mentaires li\u00e9s au remplacement du pneu d\u2019origine par ce pneu.<\/p>\n<p>Des frais de traitement de 10 $ par pneu s\u2019appliquent pour chaque transaction de remplacement. Les frais de traitement de 10 $ par pneu seront d\u00e9duits du cr\u00e9dit de rajustement par pneu, par transaction. De plus, tous les frais de service (montage, \u00e9quilibrage, pose de valve) et les taxes applicables ne sont pas inclus.<\/p>\n<p><strong>Ce qui n\u2019est pas couvert par la garantie<\/strong><\/p>\n<ul>\n<li>les pneus achet\u00e9s avant le 1er janvier 2012<\/li>\n<li>le fendillement en raison de l\u2019ozone ou des conditions m\u00e9t\u00e9o<\/li>\n<li>l\u2019ajout de liquide, de solide ou de gaz autre que l\u2019air, l\u2019azote ou le dioxyde de carbone (par exemple, scellant \u00e0 base d\u2019eau ou produit d\u2019\u00e9quilibrage);<\/li>\n<li>m\u00e9plat caus\u00e9 par un entreposage inad\u00e9quat<\/li>\n<li>une utilisation commerciale pour les r\u00e9clamations li\u00e9es \u00e0 l\u2019usure de la bande de roulement<\/li>\n<li>une usure rapide ou in\u00e9gale caus\u00e9e par une irr\u00e9gularit\u00e9 m\u00e9canique du v\u00e9hicule, comme un d\u00e9s\u00e9quilibre des roues<\/li>\n<li>les pneus utilizes \u00e0 des fins commerciales, y compris, sans en exclure d\u2019autres, les voitures de police, les taxis et les limousines<\/li>\n<li>les dommages de toute sorte aux pneus caus\u00e9s par un m\u00e9susage, un entretien inad\u00e9quat, la course, un gonflage inad\u00e9quat, des dommages cons\u00e9cutifs, des pertes de ma\u00eetrise \u00e0 grande vitesse ou la condition m\u00e9canique du v\u00e9hicule<\/li>\n<li>achet\u00e9 ou utilis\u00e9 \u00e0 l\u2019ext\u00e9rieur des \u00c9tats-Unis ou du Canada<\/li>\n<li>utilisation continue lorsque le pneu est plat ou gravement sous-gonfl\u00e9<\/li>\n<li>pneu avec num\u00e9ro DOT sabl\u00e9 ou coup\u00e9; les pneus doivent \u00eatre dot\u00e9s de num\u00e9ros d\u2019identification DOT<\/li>\n<li>les dommages aux pneus en raison d\u2019un accident, d\u2019une collision, d\u2019une<\/li>\n<li>contamination chimique, d\u2019un incendie ou de vandalisme<\/li>\n<li>tout pneu GT Radial MAXTOUR LX, CHAMPIRO TOURING A\/S, ou MAXTOUR ALL SEASON modifi\u00e9 de mani\u00e8re \u00e0 changer son apparence apr\u00e8s la date d&#8217;achat<\/li>\n<li>des dommages au pneu caus\u00e9s par un montage, un \u00e9quilibrage ou un d\u00e9montage<\/li>\n<li>inad\u00e9quat du pneu ou de la roue<\/li>\n<li>tout pneu GT Radial MAXTOUR LX, CHAMPIRO TOURING A\/S, ou MAXTOUR<\/li>\n<li>ALL SEASON qui devient inutilisable en raison d\u2019un d\u00e9faut de mat\u00e9riau ou de maind\u2019oeuvre<\/li>\n<li>couvert par la garantie limit\u00e9e GT Radial Tire.<\/li>\n<\/ul>\n<p><em><strong>Consultez la section Obligations du propri\u00e9taire pour conna\u00eetre les crit\u00e8res d\u2019admissibilit\u00e9 de r\u00e9clamation.<\/strong><\/em><\/p>\n<\/div>\n<p><!-------div id=\"RoadsideAssistance\" class=\"tab-pane container\">\n\n\n<h2><img decoding=\"async\" src=\"https:\/\/gtradial.ca\/\/\/fr\/wp-content\/uploads\/sites\/3\/2020\/03\/24-hourfr.png\" alt=\"24 Hour Roadside Assistance\" \/><\/h2>\n\n\nL\u2019assistance routi\u00e8re est offerte 24 heures par jour, 365 jours par ann\u00e9e, partout au Canada et aux \u00c9tats-Unis, pendant deux ans apr\u00e8s la date d\u2019achat de vos pneus MAXTOUR LX, CHAMPIRO TOURING A\/S, et MAXTOUR ALL SEASON de GT Radial. Advenant le cas d\u2019une crevaison, vous devez composer le num\u00e9ro sans frais ci-dessous et un fournisseur de service qualifi\u00e9 remplacera votre pneu crev\u00e9 par votre pneu de secours gonfl\u00e9 . Si vous n\u2019avez pas de pneu de secours gonfl\u00e9 et qu\u2019un remorquage est n\u00e9cessaire, vous seul serez responsable des frais encourus.\n\nLes services excluent les VR, les v\u00e9hicules de parc, les v\u00e9hicules hors route (avec treuil), les remorques, les v\u00e9hicules remorqu\u00e9s, les v\u00e9hicules d\u2019une capacit\u00e9 sup\u00e9rieure \u00e0 une tonne, les v\u00e9hicules commerciaux, les v\u00e9hicules d\u00e9j\u00e0 en atelier de r\u00e9paration ou tout v\u00e9hicule qui, \u00e0 la seule discr\u00e9tion du fournisseur de service, est dans un \u00e9tat tel que toute intervention risque d\u2019endommager davantage le v\u00e9hicule. Le vol, le vandalisme et les incidents li\u00e9s \u00e0 des accidents ne sont pas couverts. Le service peut ne pas \u00eatre disponible dans les r\u00e9gions o\u00f9 des fournisseurs provinciaux ou d\u2019\u00e9tat sont utilis\u00e9s en exclusivit\u00e9.\n\nPour assurer la r\u00e9partition rapide du service, veuillez avoir sous la main l\u2019information suivante :\n\n\n<ol>\n \t\n\n<li>Votre NIV (num\u00e9ro d\u2019identification de v\u00e9hicule)<\/li>\n\n\n \t\n\n<li>La description de votre \u2013 num\u00e9ro de plaque d\u2019immatriculation, marque, mod\u00e8le et ann\u00e9e<\/li>\n\n\n \t\n\n<li>Votre nom et le num\u00e9ro d\u2019o\u00f9 vous appelez<\/li>\n\n\n \t\n\n<li>L\u2019emplacement du v\u00e9hicule \u2013 l\u2019adresse civique et la rue transversale la plus proche<\/li>\n\n\n<\/ol>\n\n\n&nbsp;\n\n\n<table style=\"height: 124px;\" width=\"339\">\n\n\n<tbody>\n\n\n<tr>\n\n\n<td>Pour repartition seulement<\/td>\n\n\n\n\n<td>1-800-999-9460<\/td>\n\n\n<\/tr>\n\n\n\n\n<tr>\n\n\n<td>Mod\u00e9le<\/td>\n\n\n\n\n<td>Num\u00e9ros de compte<\/td>\n\n\n<\/tr>\n\n\n\n\n<tr>\n\n\n<td>MAXTOUR LX<\/td>\n\n\n\n\n<td>690063 90063<\/td>\n\n\n<\/tr>\n\n\n\n\n<tr>\n\n\n<td>CHAMPIRO TOURING AS<\/td>\n\n\n\n\n<td>690128<\/td>\n\n\n<\/tr>\n\n\n\n\n<tr>\n\n\n<td>MAXTOUR ALL SEASON<\/td>\n\n\n\n\n<td>690118<\/td>\n\n\n<\/tr>\n\n\n<\/tbody>\n\n\n<\/table>\n\n\n&nbsp;\n\n\n<h2>Obligations du propri\u00e9taire<\/h2>\n\n\nPour d\u00e9poser une r\u00e9clamation admissible aux fins de la garantie limit\u00e9e de 5 ans, de kilom\u00e9trage ou d\u2019avaries routi\u00e8res :\n\n\n<ul>\n \t\n\n<li>le propri\u00e9taire du v\u00e9hicule doit permuter les pneus conform\u00e9ment aux sch\u00e9mas de permutation recommand\u00e9s par le fabricant du v\u00e9hicule ou GT Radial<\/li>\n\n\n \t\n\n<li>le propri\u00e9taire doit veiller \u00e0 l\u2019entretien ad\u00e9quat des pneus et du v\u00e9hicule ainsi qu\u2019\u00e0 maintenir une pression de gonflage ad\u00e9quate<\/li>\n\n\n \t\n\n<li>lorsque le propri\u00e9taire effectue une demande de r\u00e8glement, il doit presenter les pneus qui font l\u2019objet du rajustement accompagn\u00e9s d\u2019une preuve d\u2019achat originale indiquant la description du pneu, le kilom\u00e9trage \u00e0 l\u2019installation et la date d\u2019installation au d\u00e9taillant GT Radial autoris\u00e9; lorsqu\u2019ils sont remplac\u00e9s, les pneus rajust\u00e9s deviennent la propri\u00e9t\u00e9 de GT Radial<\/li>\n\n\n \t\n\n<li>le propri\u00e9taire est responsable d\u2019acquitter les taxes applicables<\/li>\n\n\n \t\n\n<li>le propri\u00e9taire est \u00e9galement responsable d\u2019acquitter les frais de mise au rebut locaux ainsi que tous les frais de service ou de main-d\u2019oeuvre, peu importe le kilom\u00e9trage ou les mois d\u2019utilisation; cela comprend les frais de permutation des pneus, d\u2019\u00e9quilibrage, de remorquage, d\u2019assistance routi\u00e8re, d\u2019obus de valve et de r\u00e9paration des pneus<\/li>\n\n\n \t\n\n<li>aucune r\u00e9clamation ne sera honor\u00e9e \u00e0 moins d\u2019\u00eatre soumise sur un<\/li>\n\n\n \t\n\n<li>formulaire de r\u00e9clamation de GT Radial<\/li>\n\n\n<\/ul>\n\n\n<\/div----->\n<\/div>\n<\/div>\n","protected":false},"excerpt":{"rendered":"<p>Garantie Garantie de limit\u00e9e 5 ans Garantie limit\u00e9e de kilometrage Garantie contre les risques routiers La politique et les proc\u00e9dures de cette garantie limit\u00e9e s\u2019appliquent aux nouveaux pneus au detail (PCR\/LTR) achet\u00e9s depuis le 1er janvier 2012, vendus ou distribu\u00e9s sous la banni\u00e8re GT Radial et Portant le num\u00e9ro d\u2019identification D.O.T. correspondant. Pour \u00eatre admissible, [&hellip;]<\/p>\n","protected":false},"author":1,"featured_media":0,"parent":0,"menu_order":0,"comment_status":"closed","ping_status":"closed","template":"page-templates\/full-width-tabs.php","meta":{"footnotes":""},"class_list":["post-734","page","type-page","status-publish","hentry"],"_links":{"self":[{"href":"https:\/\/gtradial.ca\/\/\/fr\/wp-json\/wp\/v2\/pages\/734","targetHints":{"allow":["GET"]}}],"collection":[{"href":"https:\/\/gtradial.ca\/\/\/fr\/wp-json\/wp\/v2\/pages"}],"about":[{"href":"https:\/\/gtradial.ca\/\/\/fr\/wp-json\/wp\/v2\/types\/page"}],"author":[{"embeddable":true,"href":"https:\/\/gtradial.ca\/\/\/fr\/wp-json\/wp\/v2\/users\/1"}],"replies":[{"embeddable":true,"href":"https:\/\/gtradial.ca\/\/\/fr\/wp-json\/wp\/v2\/comments?post=734"}],"version-history":[{"count":11,"href":"https:\/\/gtradial.ca\/\/\/fr\/wp-json\/wp\/v2\/pages\/734\/revisions"}],"predecessor-version":[{"id":1508,"href":"https:\/\/gtradial.ca\/\/\/fr\/wp-json\/wp\/v2\/pages\/734\/revisions\/1508"}],"wp:attachment":[{"href":"https:\/\/gtradial.ca\/\/\/fr\/wp-json\/wp\/v2\/media?parent=734"}],"curies":[{"name":"wp","href":"https:\/\/api.w.org\/{rel}","templated":true}]}}