{"id":562,"date":"2020-02-06T13:31:17","date_gmt":"2020-02-06T13:31:17","guid":{"rendered":"https:\/\/webhedzwordpress.com\/GT\/?page_id=562"},"modified":"2020-10-07T15:58:55","modified_gmt":"2020-10-07T15:58:55","slug":"about","status":"publish","type":"page","link":"https:\/\/gtradial.ca\/\/\/fr\/about\/","title":{"rendered":"About"},"content":{"rendered":"<div id=\"mainbanner\" class=\"aboutbanner\">\n<h1>PROFITEZ DAVANTAGE DE CHAQUE TRAJET,<br \/>\n DE CHAQUE PROMENADE, DE CHAQUE JOUR, DE CHAQUE DOLLAR<\/h1>\n<\/div>\n<p><!-- #mainbanner Close --><\/p>\n<div class=\"sectionwrap container-fluid\">\n<div class=\"row p-b-0\">\n<h2>FAITES L\u2019EXP\u00c9RIENCE DE LA <strong>PERFORMANCE<\/strong><\/h2>\n<\/div>\n<div class=\"row p-t-0\">\n<div class=\"col col-lg-6 col-md-6 col-sm-12 col-xsm-12\">\n<p class=\"size20\">C\u2019est la fa\u00e7on de faire GT Radial : profitez de chaque trajet, de chaque promenade, de chaque jour, de chaque dollar \u2013 cela fait partie de tous les pneus GT Radial.<\/p>\n<p class=\"size20\">Pr\u00e9sent depuis plus de 20 ans en Am\u00e9rique du Nord, GT Radial offre une gamme compl\u00e8te de pneus pour pratiquement tous les types de v\u00e9hicules de passagers, des voitures ultraperformantes aux luxueuses berlines, et des v\u00e9hicules multisegments, aux VUS et camionnettes.<\/p>\n<\/div>\n<div class=\"col col-lg-6 col-md-6 col-sm-12 col-xsm-12\">\n<p class=\"size20\">\nCr\u00e9\u00e9s et d\u00e9velopp\u00e9s selon une technologie de pointe et offrant une qualit\u00e9 de calibre mondial, les pneus GT Radial sont fabriqu\u00e9s par <span class=\"mediumwt redtext\">Giti Tire<\/span>, un chef de file de l\u2019industrie des pneus desservant des clients dan plus de 130 pays \u00e0 travers le monde. En plus des 7 usines de fabrication ultramodernes d\u00e9j\u00e0 en activit\u00e9 partout sur la plan\u00e8te, <span class=\"mediumwt redtext\">une nouvelle usine am\u00e9ricaine<\/span> a d\u00e9marr\u00e9 la production en octobre 2017. Les pneus GT Radial sont offerts chez des marchands de pneus ind\u00e9pendants partout au pays. <a href=\"https:\/\/gtradial.ca\/\/\/dealer-locator\/\">Trouvez un marchand de pneus GT Radial<\/a> d\u00e8s aujourd\u2019hui pour \u00ab\u2009faire l\u2019exp\u00e9rience de la performance\u2009\u00bb des pneus GT Radial.<\/p>\n<\/div>\n<\/div>\n<\/div>\n<p><!-- .sectionwrap close --><\/p>\n<div id=\"figureswrap\" class=\"sectionwrap container-fluid figureswrap\">\n<div class=\"row\">\n<div class=\"icons\"><img decoding=\"async\" src=\"https:\/\/gtradial.ca\/\/\/fr\/wp-content\/uploads\/sites\/3\/2020\/02\/nationalityicon.png\" alt=\"Nationality\" width=\"65\" \/><\/p>\n<h5 class=\"counter-value plusmore\" data-count=\"50\">50<sup>+<\/sup><\/h5>\n<p>nationalit\u00e9s sont repr\u00e9sent\u00e9es au sein de notre main-d\u2019\u0153uvre diversifi\u00e9e.<\/p>\n<\/div>\n<div class=\"icons\"><img decoding=\"async\" src=\"https:\/\/gtradial.ca\/\/\/fr\/wp-content\/uploads\/sites\/3\/2020\/02\/countries-icon.png\" alt=\"Countries\" width=\"65\" \/><\/p>\n<h5 class=\"counter-value plusmore\" data-count=\"130\">130<sup>+<\/sup><\/h5>\n<p>pays \u00e0 travers le monde offrent nos pneus sur le march\u00e9.<\/p>\n<\/div>\n<div class=\"icons\"><img decoding=\"async\" src=\"https:\/\/gtradial.ca\/\/\/fr\/wp-content\/uploads\/sites\/3\/2020\/02\/technical-centericon.png\" alt=\"Technical\" width=\"65\" \/><\/p>\n<h5 class=\"counter-value\" data-count=\"8\">8<\/h5>\n<p>usines de fabrication de classe mondiale aux \u00c9tats-Unis, en Chine et en Indon\u00e9sie.<\/p>\n<\/div>\n<div class=\"icons\"><img decoding=\"async\" src=\"https:\/\/gtradial.ca\/\/\/fr\/wp-content\/uploads\/sites\/3\/2020\/02\/manufacturingicon.png\" alt=\"Manufacturing\" width=\"65\" \/><\/p>\n<h5 class=\"counter-value\" data-count=\"5\">5<\/h5>\n<p>centres techniques de R et D en Grande-Bretagne, aux \u00c9tats-Unis, en Allemagne, en Chine et en Indon\u00e9sie.<\/p>\n<\/div>\n<\/div>\n<\/div>\n<div class=\"sectionwrap container-fluid whomakeswrap\">\n<div class=\"col col-lg-9 col-md-9 col-sm-12 col-xsm-12 whomakestext\">\n<h2><strong>QUI FABRIQUE LES PNEUS GT RADIAL?<\/strong><\/h2>\n<p>Les pneus GT Radial sont fabriqu\u00e9s par Giti Tire. L\u2019un des plus grands fabricants de pneus au monde, le groupe Giti Tire, dont le si\u00e8ge social est situ\u00e9 \u00e0 Singapour, \u0153uvre dans le domaine depuis 1951. Giti Tire exploite 8 usines de fabrication et fabrique une vaste gamme de pneus pour les constructeurs automobiles, les centres d\u2019entretien automobile, les d\u00e9taillants de pneus et les consommateurs dans plus de 130 pays \u00e0 travers le monde.<\/p>\n<p>Les pneus de l\u2019entreprise sont vendus aux \u00c9tats-Unis depuis plus de 20 ans, et Giti exploite de nombreuses installations en Am\u00e9rique du Nord, soutenant plus de 6500 points de vente aux \u00c9tats-Unis et plus de 740 au Canada.<\/p>\n<p>Le si\u00e8ge social nord-am\u00e9ricain de Giti, inaugur\u00e9 en 2005, est situ\u00e9 \u00e0 Rancho Cucamonga en banlieue de Los Angeles, en Californie. L\u2019entreprise s\u2019est \u00e9tablie au Canada en 2007, et g\u00e8re ses op\u00e9rations canadiennes \u00e0 partir de Surrey en Colombie-Britannique.<\/p>\n<p>Le centre de R et D de Giti Tire aux \u00c9tats-Unis fait partie du r\u00e9seau mondial de R et D de l\u2019entreprise. Il a \u00e9t\u00e9 inaugur\u00e9 en 2013 afin d\u2019assurer un processus de recherche et d\u00e9veloppement cibl\u00e9 pour le march\u00e9 nord-am\u00e9ricain et r\u00e9pondre \u00e0 ses exigences de performance, tant pour l\u2019\u00e9quipement original que les pneus de remplacement.<\/p>\n<p>La premi\u00e8re usine de fabrication nord-am\u00e9ricaine de Giti, Giti USA Manufacturing, a d\u00e9marr\u00e9 la production en octobre 2017 depuis son site dans le comt\u00e9 de Chester en Caroline du Sud.<\/p>\n<\/div>\n<div class=\"col col-lg-3 col-md-3 col-sm-12 col-xsm-12 whomakesbg\"><\/div>\n<\/div>\n<div class=\"sectionwrap container-fluid \">\n<div class=\"col col-lg-12 col-md-12 col-sm-12 col-xsm-12 gitigroupwrap\"><img decoding=\"async\" class=\"aligncenter size-full wp-image-250\" src=\"https:\/\/gtradial.ca\/\/\/fr\/wp-content\/uploads\/sites\/3\/2020\/02\/gititire-1-scaled-1.jpg\" alt=\"\" \/><\/div>\n<\/div>\n<div class=\"sectionwrap container-fluid\">\n<div class=\"row p-b-0\">\n<h2><strong>FAITS AU SUJET DE L\u2019USINE AM\u00c9RICAINE<\/strong><\/h2>\n<\/div>\n<div class=\"row p-t-0\">\n<div class=\"col col-lg-6 col-md-6 col-sm-12 col-xsm-12\">\n<ul class=\"pluslist\">\n<li>Le site de plus de 1 110 acres est situ\u00e9 dans le comt\u00e9 de Chester en Caroline du Sud.<\/li>\n<li>Les installations combinent une usine de fabrication de pointe et un centre de distribution.<\/li>\n<li>L\u2019usine et le centre de distribution ont d\u00e9marr\u00e9 la production en octobre 2017.<\/li>\n<li>Le projet devrait permettre de cr\u00e9er pr\u00e8s de 1700 nouveaux emplois au cours des 10 prochaines ann\u00e9es.<\/li>\n<li>Giti Tire investit pr\u00e8s de 560 millions $ dans ce projet.<\/li>\n<\/ul>\n<\/div>\n<div class=\"col col-lg-6 col-md-6 col-sm-12 col-xsm-12\">\n<ul class=\"pluslist\">\n<li>La premi\u00e8re usine de fabrication de Giti Tire en Am\u00e9rique du Nord est la 9e usine de fabrication de Giti \u00e0 ouvrir ses portes \u00e0 l\u2019\u00e9chelle internationale.<\/li>\n<li>La nouvelle usine produit des pneus PCR\/LT pour le march\u00e9 du remplacement et celui des constructeurs automobiles en Am\u00e9rique du Nord.<\/li>\n<li>La capacit\u00e9 de production devrait atteindre pr\u00e8s de 5 millions de pneus par ann\u00e9e d\u2019ici 2018.<\/li>\n<li>Une augmentation additionnelle des capacit\u00e9s est pr\u00e9vue pour s\u2019adapter \u00e0 la demande du march\u00e9 et la croissance des ventes de Giti en Am\u00e9rique du Nord.<\/li>\n<\/ul>\n<\/div>\n<\/div>\n<p><!-- .sectionwrap close --><\/p>\n<div class=\"sectionwrap container-fluid socialreswrap\">\n<div class=\"col col-lg-3 col-md-3 col-sm-12 col-xsm-12 socialresbg\"><\/div>\n<div class=\"col col-lg-9 col-md-9 col-sm-12 col-xsm-12 sustaintext\">\n<h2><strong>RESPONSABILIT\u00c9<\/strong><br \/>\nSOCIALE<\/h2>\n<p><strong>INITIATIVES DURABLES<\/strong><br \/>\nEn tant qu\u2019entreprise d\u00e9vou\u00e9e aux principes de protection environnementale, Giti Tire s\u2019engage au d\u00e9veloppement de technologies et de produits durables et \u00e9nerg\u00e9tiquement efficaces. Plus important encore, Giti Tire porte une attention particuli\u00e8re au processus de fabrication du pneu et s\u2019efforce de minimiser les impacts environnementaux de la production de pneus en r\u00e9duisant les \u00e9missions de gaz, le rejet d\u2019eaux us\u00e9es et le gaspillage de mat\u00e9riaux.<\/p>\n<p><strong>\u201cLE DON DE LA VUE, UN DON DU C\u0152UR\u201d<\/strong><br \/>\nLe programme &#8220;Gift of sight&#8221; a permis de redonner la vue \u00e0 des milliers de personnes, gr\u00e2ce \u00e0 plus de 20 000 op\u00e9rations des cataractes effectu\u00e9es gratuitement depuis 2009.<\/p>\n<p><strong>R\u00c9ADAPTATION SUITE \u00c0 DES L\u00c9SIONS \u00c0 LA MOELLE \u00c9PINI\u00c8RE<\/strong><br \/>\nGiti soutient aussi le programme de r\u00e9adaptation Halfway House Community Rehabilitation Program (HHCRP) qui permet la cr\u00e9ation de projets de r\u00e9adaptation et d\u2019agriculture afin de fournir des possibilit\u00e9s de travail autonome.<\/p>\n<\/div>\n<\/div>\n<p><!-- .sectionwrap close --><\/p>\n<div class=\"sectionwrap container-fluid\">\n<div class=\"col col-lg-12 col-md-12 col-sm-12 col-xsm-12 partner-manufacturing\"><img loading=\"lazy\" decoding=\"async\" class=\"aligncenter size-full wp-image-247\" src=\"https:\/\/gtradial.ca\/\/\/fr\/wp-content\/uploads\/sites\/3\/2020\/02\/partnership-manufacturing.jpg\" alt=\"\" width=\"900\" height=\"609\" \/><\/div>\n<\/div>\n<\/div>\n","protected":false},"excerpt":{"rendered":"<p>PROFITEZ DAVANTAGE DE CHAQUE TRAJET, DE CHAQUE PROMENADE, DE CHAQUE JOUR, DE CHAQUE DOLLAR FAITES L\u2019EXP\u00c9RIENCE DE LA PERFORMANCE C\u2019est la fa\u00e7on de faire GT Radial : profitez de chaque trajet, de chaque promenade, de chaque jour, de chaque dollar \u2013 cela fait partie de tous les pneus GT Radial. Pr\u00e9sent depuis plus de 20 [&hellip;]<\/p>\n","protected":false},"author":1,"featured_media":0,"parent":0,"menu_order":0,"comment_status":"closed","ping_status":"closed","template":"page-templates\/full-width.php","meta":{"footnotes":""},"class_list":["post-562","page","type-page","status-publish","hentry"],"_links":{"self":[{"href":"https:\/\/gtradial.ca\/\/\/fr\/wp-json\/wp\/v2\/pages\/562","targetHints":{"allow":["GET"]}}],"collection":[{"href":"https:\/\/gtradial.ca\/\/\/fr\/wp-json\/wp\/v2\/pages"}],"about":[{"href":"https:\/\/gtradial.ca\/\/\/fr\/wp-json\/wp\/v2\/types\/page"}],"author":[{"embeddable":true,"href":"https:\/\/gtradial.ca\/\/\/fr\/wp-json\/wp\/v2\/users\/1"}],"replies":[{"embeddable":true,"href":"https:\/\/gtradial.ca\/\/\/fr\/wp-json\/wp\/v2\/comments?post=562"}],"version-history":[{"count":7,"href":"https:\/\/gtradial.ca\/\/\/fr\/wp-json\/wp\/v2\/pages\/562\/revisions"}],"predecessor-version":[{"id":1519,"href":"https:\/\/gtradial.ca\/\/\/fr\/wp-json\/wp\/v2\/pages\/562\/revisions\/1519"}],"wp:attachment":[{"href":"https:\/\/gtradial.ca\/\/\/fr\/wp-json\/wp\/v2\/media?parent=562"}],"curies":[{"name":"wp","href":"https:\/\/api.w.org\/{rel}","templated":true}]}}