{"id":23,"date":"2020-01-15T03:27:15","date_gmt":"2020-01-15T03:27:15","guid":{"rendered":"http:\/\/localhost:8888\/client\/gtradial\/?page_id=23"},"modified":"2020-04-30T18:09:37","modified_gmt":"2020-04-30T18:09:37","slug":"tire-recall","status":"publish","type":"page","link":"https:\/\/gtradial.ca\/\/\/fr\/tire-recall\/","title":{"rendered":"Rappel de Pneus"},"content":{"rendered":"<div id=\"mainbanner\" class=\"aboutbanner\">\n<h1>Rappel de Pneus<\/h1>\n<\/div>\n<div class=\"container row\" id=\"TireRecall\">\n<h4 class=\"title\">Information sur le rappel de pneus<\/h4>\n<p>Nous sommes engag\u00e9s \u00e0 offrir des pneus de qualit\u00e9 de classe mondiale et une technologie de pointe, c\u2019est pourquoi votre s\u00e9curit\u00e9 et votre satisfaction sont notre priorit\u00e9. M\u00eame si les rappels sont rares, nous souhaitons nous assurer qu\u2019advenant un rappel, vos pneus sont remplac\u00e9s aussi rapidement que possible. Les pneus seraient alors remplac\u00e9s sans frais, y compris les frais d\u2019installation et d\u2019\u00e9quilibrage et les taxes.<\/p>\n<p><strong>Pour v\u00e9rifier si vos pneus font l\u2019objet d\u2019un rappel, entrez simplement le num\u00e9ro de s\u00e9rie DOT du pneu dans le champ ci-dessous. Les rappels actuels sont aussi \u00e9num\u00e9r\u00e9s ci-dessous.<\/strong><\/p>\n<div id=\"dot_frame\"><\/div>\n<hr\/>\n<div class=\"accordion\">\n<div class=\"accheader\"><a href=\"#\">COMMENT TROUVER LE NUM\u00c9RO DE S\u00c9RIE DOT ET LA TAILLE DE VOTRE PNEU<\/a><\/div>\n<div class=\"acccontent\">\n<p>Vous pouvez trouver le num\u00e9ro de s\u00e9rie DOT et la taille de votre pneu sur le flanc du pneu, tel qu\u2019illustr\u00e9 ci-dessous.<\/p>\n<p>      <img decoding=\"async\" src=\"https:\/\/gtradial.ca\/\/\/wp-content\/uploads\/2020\/03\/find-dot.gif\" width=\"830px\" height=\"345px\"><\/p>\n<p>L\u2019autorisation DOT (Department of Transportation) signifie que le pneu r\u00e9pond \u00e0 toutes les exigences de s\u00e9curit\u00e9 des transports du gouvernement am\u00e9ricain. Le num\u00e9ro de s\u00e9rie DOT d\u00e9bute par l\u2019acronyme &#8220;DOT&#8221;, suivi par une combinaison de chiffres et de lettres jusqu\u2019\u00e0 12 caract\u00e8res, dont les 4 derniers chiffres repr\u00e9sentent la semaine (2 chiffres) et l\u2019ann\u00e9e (2 chiffres) de fabrication du pneu. Par exemple : &#8220;1614&#8221; indique que le pneu a \u00e9t\u00e9 fabriqu\u00e9 lors de la 16e semaine de 2014.<\/p>\n<\/p><\/div>\n<\/p><\/div>\n<hr\/>\n<h4>Rappels volontaires actuels<\/h4>\n<p><a href=\"https:\/\/gtradial.ca\/\/\/fr\/recalls\">Champiro Touring A\/S <span class=\"arrow\">\u25ba<\/span><\/a><br \/>\n<span>205\/65R16 95H<\/span><span class=\"divider\">|<\/span><span>205\/50R17 93V XL<\/span><span class=\"divider\">|<\/span><span>215\/50R17 95V XL<\/span><span class=\"divider\">|<\/span><span>225\/50R17 94V<\/span><span class=\"divider\">|<\/span><span>225\/50R18 95T<\/span><\/p>\n<hr\/>\n<h4>Pour obtenir de l\u2019aide<\/h4>\n<p>Communiquez sans frais avec notre ligne de service \u00e0 la client\u00e8le pour les rappels au 1-888-828-7077 du lundi au vendredi entre 9 h et 17 h, heure de l\u2019Est, et demandez le service des Rappels volontaires de GT Radial.<\/p>\n<hr\/>\n<h4>Enregistrement des pneus<\/h4>\n<p>Tous les pneus doivent \u00eatre enregistr\u00e9s au moment de l\u2019achat afin de nous permettre de communiquer directement avec vous en cas de rappel pour des raisons de s\u00e9curit\u00e9. Les pneus rappel\u00e9s seront remplac\u00e9s sans frais, y compris les frais d\u2019installation et d\u2019\u00e9quilibrage et les taxes.<\/p>\n<p> <a href=\"https:\/\/gtradial.ca\/\/\/fr\/tire-registration\/\">Enregistrer mes pneus <span class=\"arrow\">\u25ba<\/span><\/a><\/p>\n<hr\/>\n<h4>Ressources additionnelles<\/h4>\n<p>Transports Canada offre aussi de l\u2019information sur la s\u00e9curit\u00e9 et les rappels pour toutes les marques et fabricants de pneus.<\/p>\n<p><a href=\"http:\/\/www.tc.gc.ca\/eng\/motorvehiclesafety\/recalls-motor-vehicles.html\" target=\"_blank\" rel=\"noopener noreferrer\">Information de Transport Canada sur les rappels <span class=\"arrow\">\u25ba<\/span><\/a>\n  \t\t<\/div>\n","protected":false},"excerpt":{"rendered":"<p>Rappel de Pneus Information sur le rappel de pneus Nous sommes engag\u00e9s \u00e0 offrir des pneus de qualit\u00e9 de classe mondiale et une technologie de pointe, c\u2019est pourquoi votre s\u00e9curit\u00e9 et votre satisfaction sont notre priorit\u00e9. M\u00eame si les rappels sont rares, nous souhaitons nous assurer qu\u2019advenant un rappel, vos pneus sont remplac\u00e9s aussi rapidement [&hellip;]<\/p>\n","protected":false},"author":1,"featured_media":0,"parent":0,"menu_order":0,"comment_status":"closed","ping_status":"closed","template":"page-templates\/full-width.php","meta":{"footnotes":""},"class_list":["post-23","page","type-page","status-publish","hentry"],"_links":{"self":[{"href":"https:\/\/gtradial.ca\/\/\/fr\/wp-json\/wp\/v2\/pages\/23","targetHints":{"allow":["GET"]}}],"collection":[{"href":"https:\/\/gtradial.ca\/\/\/fr\/wp-json\/wp\/v2\/pages"}],"about":[{"href":"https:\/\/gtradial.ca\/\/\/fr\/wp-json\/wp\/v2\/types\/page"}],"author":[{"embeddable":true,"href":"https:\/\/gtradial.ca\/\/\/fr\/wp-json\/wp\/v2\/users\/1"}],"replies":[{"embeddable":true,"href":"https:\/\/gtradial.ca\/\/\/fr\/wp-json\/wp\/v2\/comments?post=23"}],"version-history":[{"count":4,"href":"https:\/\/gtradial.ca\/\/\/fr\/wp-json\/wp\/v2\/pages\/23\/revisions"}],"predecessor-version":[{"id":1483,"href":"https:\/\/gtradial.ca\/\/\/fr\/wp-json\/wp\/v2\/pages\/23\/revisions\/1483"}],"wp:attachment":[{"href":"https:\/\/gtradial.ca\/\/\/fr\/wp-json\/wp\/v2\/media?parent=23"}],"curies":[{"name":"wp","href":"https:\/\/api.w.org\/{rel}","templated":true}]}}