{"id":21,"date":"2020-01-15T03:27:00","date_gmt":"2020-01-15T03:27:00","guid":{"rendered":"http:\/\/localhost:8888\/client\/gtradial\/?page_id=21"},"modified":"2020-03-20T14:45:47","modified_gmt":"2020-03-20T14:45:47","slug":"careers","status":"publish","type":"page","link":"https:\/\/gtradial.ca\/\/\/fr\/careers\/","title":{"rendered":"Carri\u00e8res"},"content":{"rendered":"<div id=\"mainbanner\" class=\"aboutbanner\">\n<h1><strong>GT Radial<\/strong> Carri\u00e8res<\/h1>\n<\/div>\n<div class=\"container row\">\n<p>Nous sommes une compagnie de pneus pour voiture, qui cherche des membres d&#8217;\u00e9quipe cr\u00e9ative, passionn\u00e9e et motiv\u00e9e pour rejoindre notre \u00e9quipe diversifi\u00e9e et aider \u00e0 \u00e9tendre le succ\u00e8s de la marque GT Radial.<\/p>\n<p>Bas\u00e9e \u00e0 Rancho Cucamonga , Californie, nos op\u00e9rations en Am\u00e9rique du Nord a des bureaux de vente partout aux \u00c9tats-Unis, au Canada et en Am\u00e9rique latine.<\/p>\n<p>Comme un compagnie pneumatiques mondiaux, nous offrons \u00e0 nos employ\u00e9s des possibilit\u00e9s d&#8217;interface avec les autres membres de l&#8217;\u00e9quipe internationale.<\/p>\n<p>Nous croyons fermement que l&#8217;une des cl\u00e9s du succ\u00e8s est gr\u00e2ce \u00e0 nos gens. Nous encourageons la croissance personnelle et professionnelle en offrant diverses formations et programmes de d\u00e9veloppement professionnel.<\/p>\n<p>Pour plus d&#8217;informations sur la fa\u00e7on de vous joindre \u00e0 notre \u00e9quipe dynamique et d\u00e9vou\u00e9e, s&#8217;il vous pla\u00eet contacter notre d\u00e9partement des ressources humaines \u00e0 <a href=\"mailto:careers@us.giti.com\">careers@us.giti.com<\/a>.<\/p>\n<\/div>\n","protected":false},"excerpt":{"rendered":"<p>GT Radial Carri\u00e8res Nous sommes une compagnie de pneus pour voiture, qui cherche des membres d&#8217;\u00e9quipe cr\u00e9ative, passionn\u00e9e et motiv\u00e9e pour rejoindre notre \u00e9quipe diversifi\u00e9e et aider \u00e0 \u00e9tendre le succ\u00e8s de la marque GT Radial. Bas\u00e9e \u00e0 Rancho Cucamonga , Californie, nos op\u00e9rations en Am\u00e9rique du Nord a des bureaux de vente partout aux [&hellip;]<\/p>\n","protected":false},"author":1,"featured_media":0,"parent":0,"menu_order":0,"comment_status":"closed","ping_status":"closed","template":"page-templates\/full-width.php","meta":{"footnotes":""},"class_list":["post-21","page","type-page","status-publish","hentry"],"_links":{"self":[{"href":"https:\/\/gtradial.ca\/\/\/fr\/wp-json\/wp\/v2\/pages\/21","targetHints":{"allow":["GET"]}}],"collection":[{"href":"https:\/\/gtradial.ca\/\/\/fr\/wp-json\/wp\/v2\/pages"}],"about":[{"href":"https:\/\/gtradial.ca\/\/\/fr\/wp-json\/wp\/v2\/types\/page"}],"author":[{"embeddable":true,"href":"https:\/\/gtradial.ca\/\/\/fr\/wp-json\/wp\/v2\/users\/1"}],"replies":[{"embeddable":true,"href":"https:\/\/gtradial.ca\/\/\/fr\/wp-json\/wp\/v2\/comments?post=21"}],"version-history":[{"count":2,"href":"https:\/\/gtradial.ca\/\/\/fr\/wp-json\/wp\/v2\/pages\/21\/revisions"}],"predecessor-version":[{"id":1346,"href":"https:\/\/gtradial.ca\/\/\/fr\/wp-json\/wp\/v2\/pages\/21\/revisions\/1346"}],"wp:attachment":[{"href":"https:\/\/gtradial.ca\/\/\/fr\/wp-json\/wp\/v2\/media?parent=21"}],"curies":[{"name":"wp","href":"https:\/\/api.w.org\/{rel}","templated":true}]}}