{"id":1576,"date":"2023-03-17T19:52:56","date_gmt":"2023-03-17T19:52:56","guid":{"rendered":"https:\/\/gtradial.ca\/\/\/fr\/?page_id=1576"},"modified":"2023-04-04T17:10:47","modified_gmt":"2023-04-04T17:10:47","slug":"rebate","status":"publish","type":"page","link":"https:\/\/gtradial.ca\/\/\/fr\/rebate\/","title":{"rendered":"Rebate"},"content":{"rendered":"<section>\n<div class=\"container\">\n<h1 class=\"rebate-heading\">\n<div class=\"rebate-heading__left\">\n<div class=\"rebate-heading__title\"><span class=\"rebate-heading__title--french\">De Rabais<\/span> <span class=\"rebate-heading__title--eng\">Rebate<\/span><\/div>\n<div class=\"rebate-heading__amount\"><span class=\"rebate-heading__amount--symbol\">$<\/span><span class=\"rebate-heading__amount--value\">40<\/span><\/div>\n<\/p><\/div>\n<div class=\"rebate-heading__right\">\n<div class=\"rebate-heading__terms--french\">\n          \u00c0 l\u2019achat de<br \/>\n          4 GT Radial<br \/>\n          pneus\n        <\/div>\n<div class=\"rebate-heading__terms\">\n          On purchase of<br \/>\n          4 GT Radial tires\n        <\/div>\n<\/p><\/div>\n<\/h1><\/div>\n<\/section>\n<section class=\"tires-section\">\n<div class=\"container\"><img decoding=\"async\" class=\"tire-image\" src=\"\/fr\/wp-content\/uploads\/sites\/3\/2023\/03\/tires.png\" alt=\"Four tires\" \/><\/div>\n<\/section>\n<section class=\"form-section\">\n<div class=\"container\">\n<p class=\"french-instructions text-center\">Soumettez votre nom et votre courriel pour recevoir votre rabais instantan\u00e9.<\/p>\n<hr class=\"divider--blue\" \/>\n<p class=\"instructions text-center\">Submit your name and email to receive your instant rebate.<\/p>\n<p>    [gravityform id=&#8221;1&#8243; title=&#8221;false&#8221;]\n  <\/p><\/div>\n<\/section>\n<section>\n<div class=\"container\">\n<h2 class=\"french-terms-heading\">Termes et conditions<\/h2>\n<ul class=\"terms--large\">\n<li>Le rabais n&#8217;est pas transf\u00e9rable et ne peut \u00eatre utilis\u00e9 que par le b\u00e9n\u00e9ficiaire<\/li>\n<li>Le consommateur doit montrer une copie de l&#8217;e-mail au revendeur Point S<\/li>\n<li>Offre valide seulement au POINT S Qu\u00e9bec seulement<\/li>\n<li>Un jeu de pneus seulement<\/li>\n<li>Offre valable 60 jours (22 mars au 20 mai 2023)<\/li>\n<li>Non monnayable &#8211; rabais instantan\u00e9 de 40 $ sur le prix des pneus seulement<\/li>\n<li>Le rabais s&#8217;applique \u00e0 un ensemble de 4 pneus de marque GT Radial (doit acheter un ensemble de 4)<\/li>\n<\/ul>\n<h2 class=\"terms-heading\">Terms and conditions<\/h2>\n<ul class=\"terms--small\">\n<li>Rebate is non-transferrable and to be used by recipient only<\/li>\n<li>Consumer to show copy of email to Point S dealer<\/li>\n<li>Offer valid only at POINT S Quebec only<\/li>\n<li>One set of tires only<\/li>\n<li>Offer valid 60 days (March 22 to May 20,2023)<\/li>\n<li>No cash value- instant $40 rebate from price of tires only<\/li>\n<li>Rebate applies to set of 4 GT Radial branded tires (must purchase set of 4)<\/li>\n<\/ul><\/div>\n<\/section>\n","protected":false},"excerpt":{"rendered":"<p>De Rabais Rebate $40 \u00c0 l\u2019achat de 4 GT Radial pneus On purchase of 4 GT Radial tires Soumettez votre nom et votre courriel pour recevoir votre rabais instantan\u00e9. Submit your name and email to receive your instant rebate. [gravityform id=&#8221;1&#8243; title=&#8221;false&#8221;] Termes et conditions Le rabais n&#8217;est pas transf\u00e9rable et ne peut \u00eatre utilis\u00e9 [&hellip;]<\/p>\n","protected":false},"author":1,"featured_media":0,"parent":0,"menu_order":0,"comment_status":"closed","ping_status":"closed","template":"page-templates\/rebate.php","meta":{"footnotes":""},"class_list":["post-1576","page","type-page","status-publish","hentry"],"_links":{"self":[{"href":"https:\/\/gtradial.ca\/\/\/fr\/wp-json\/wp\/v2\/pages\/1576","targetHints":{"allow":["GET"]}}],"collection":[{"href":"https:\/\/gtradial.ca\/\/\/fr\/wp-json\/wp\/v2\/pages"}],"about":[{"href":"https:\/\/gtradial.ca\/\/\/fr\/wp-json\/wp\/v2\/types\/page"}],"author":[{"embeddable":true,"href":"https:\/\/gtradial.ca\/\/\/fr\/wp-json\/wp\/v2\/users\/1"}],"replies":[{"embeddable":true,"href":"https:\/\/gtradial.ca\/\/\/fr\/wp-json\/wp\/v2\/comments?post=1576"}],"version-history":[{"count":35,"href":"https:\/\/gtradial.ca\/\/\/fr\/wp-json\/wp\/v2\/pages\/1576\/revisions"}],"predecessor-version":[{"id":1622,"href":"https:\/\/gtradial.ca\/\/\/fr\/wp-json\/wp\/v2\/pages\/1576\/revisions\/1622"}],"wp:attachment":[{"href":"https:\/\/gtradial.ca\/\/\/fr\/wp-json\/wp\/v2\/media?parent=1576"}],"curies":[{"name":"wp","href":"https:\/\/api.w.org\/{rel}","templated":true}]}}